{"id":836,"date":"2020-12-18T08:37:22","date_gmt":"2020-12-18T07:37:22","guid":{"rendered":"https:\/\/blogsaverroes.juntadeandalucia.es\/pre\/plantilla-pencil\/?page_id=836"},"modified":"2021-05-04T08:38:02","modified_gmt":"2021-05-04T07:38:02","slug":"actividades-extraescolares","status":"publish","type":"page","link":"https:\/\/blogsaverroes.juntadeandalucia.es\/coledelobres\/actividades-extraescolares\/","title":{"rendered":"Actividades extraescolares"},"content":{"rendered":"<p>[et_pb_section fb_built=&#8221;1&#8243; _builder_version=&#8221;3.23.3&#8243; custom_padding=&#8221;0px||0px|&#8221; z_index_tablet=&#8221;500&#8243; box_shadow_horizontal_tablet=&#8221;0px&#8221; box_shadow_vertical_tablet=&#8221;0px&#8221; box_shadow_blur_tablet=&#8221;40px&#8221; box_shadow_spread_tablet=&#8221;0px&#8221;][et_pb_row _builder_version=&#8221;3.25&#8243; background_size=&#8221;initial&#8221; background_position=&#8221;top_left&#8221; background_repeat=&#8221;repeat&#8221;][et_pb_column type=&#8221;4_4&#8243; _builder_version=&#8221;3.25&#8243; custom_padding=&#8221;|||&#8221; custom_padding__hover=&#8221;|||&#8221;][et_pb_image src=&#8221;https:\/\/blogsaverroes.juntadeandalucia.es\/coledelobres\/files\/2021\/05\/Imagen2.jpg&#8221; title_text=&#8221;Imagen2&#8243; admin_label=&#8221;Imagen de la portada&#8221; _builder_version=&#8221;4.5.0&#8243; hover_enabled=&#8221;0&#8243; z_index_tablet=&#8221;500&#8243; box_shadow_horizontal_tablet=&#8221;0px&#8221; box_shadow_vertical_tablet=&#8221;0px&#8221; box_shadow_blur_tablet=&#8221;40px&#8221; box_shadow_spread_tablet=&#8221;0px&#8221;][\/et_pb_image][et_pb_text admin_label=&#8221;Texto descriptivo&#8221; _builder_version=&#8221;4.5.0&#8243; hover_enabled=&#8221;0&#8243; z_index_tablet=&#8221;500&#8243; text_text_shadow_horizontal_length_tablet=&#8221;0px&#8221; text_text_shadow_vertical_length_tablet=&#8221;0px&#8221; text_text_shadow_blur_strength_tablet=&#8221;1px&#8221; link_text_shadow_horizontal_length_tablet=&#8221;0px&#8221; link_text_shadow_vertical_length_tablet=&#8221;0px&#8221; link_text_shadow_blur_strength_tablet=&#8221;1px&#8221; ul_text_shadow_horizontal_length_tablet=&#8221;0px&#8221; ul_text_shadow_vertical_length_tablet=&#8221;0px&#8221; ul_text_shadow_blur_strength_tablet=&#8221;1px&#8221; ol_text_shadow_horizontal_length_tablet=&#8221;0px&#8221; ol_text_shadow_vertical_length_tablet=&#8221;0px&#8221; ol_text_shadow_blur_strength_tablet=&#8221;1px&#8221; quote_text_shadow_horizontal_length_tablet=&#8221;0px&#8221; quote_text_shadow_vertical_length_tablet=&#8221;0px&#8221; quote_text_shadow_blur_strength_tablet=&#8221;1px&#8221; header_text_shadow_horizontal_length_tablet=&#8221;0px&#8221; header_text_shadow_vertical_length_tablet=&#8221;0px&#8221; header_text_shadow_blur_strength_tablet=&#8221;1px&#8221; header_2_text_shadow_horizontal_length_tablet=&#8221;0px&#8221; header_2_text_shadow_vertical_length_tablet=&#8221;0px&#8221; header_2_text_shadow_blur_strength_tablet=&#8221;1px&#8221; header_3_text_shadow_horizontal_length_tablet=&#8221;0px&#8221; header_3_text_shadow_vertical_length_tablet=&#8221;0px&#8221; header_3_text_shadow_blur_strength_tablet=&#8221;1px&#8221; header_4_text_shadow_horizontal_length_tablet=&#8221;0px&#8221; header_4_text_shadow_vertical_length_tablet=&#8221;0px&#8221; header_4_text_shadow_blur_strength_tablet=&#8221;1px&#8221; header_5_text_shadow_horizontal_length_tablet=&#8221;0px&#8221; header_5_text_shadow_vertical_length_tablet=&#8221;0px&#8221; header_5_text_shadow_blur_strength_tablet=&#8221;1px&#8221; header_6_text_shadow_horizontal_length_tablet=&#8221;0px&#8221; header_6_text_shadow_vertical_length_tablet=&#8221;0px&#8221; header_6_text_shadow_blur_strength_tablet=&#8221;1px&#8221; box_shadow_horizontal_tablet=&#8221;0px&#8221; box_shadow_vertical_tablet=&#8221;0px&#8221; box_shadow_blur_tablet=&#8221;40px&#8221; box_shadow_spread_tablet=&#8221;0px&#8221;]<\/p>\n<h2>Actividades extraescolares<\/h2>\n<p>El centro dispone en la actualidad de las siguientes actividades extraescolares.<\/p>\n<ul>\n<li><strong><u>PROA: Programa de acompa\u00f1amiento escolar.<\/u><\/strong><\/li>\n<\/ul>\n<p>El Programa de Acompa\u00f1amiento Escolar es un recurso destinado a compensar necesidades asociadas a la consecuci\u00f3n de las competencias b\u00e1sicas relacionadas con la comunicaci\u00f3n ling\u00fc\u00edstica y el razonamiento matem\u00e1tico y est\u00e1 dise\u00f1ado para mejorar y completar las estrategias de atenci\u00f3n a la diversidad del alumnado. Est\u00e1 dirigido a los alumnos\/as de segundo y tercer ciclo de Educaci\u00f3n Primaria que presentan dificultades de aprendizaje y que pertenecen a entornos culturales y sociales que llevan consigo una clara desventaja desde el punto de vista educativo. Sus objetivos fundamentales son:<\/p>\n<ul>\n<li>Mejorar los resultados acad\u00e9micos.<\/li>\n<li>Asentar los conocimientos y destrezas en \u00e1reas instrumentales.<\/li>\n<li>Mejorar la integraci\u00f3n social en el grupo y en el Centro.<\/li>\n<\/ul>\n<p>Los alumnos que participen al Programa podr\u00e1n aprender a organizarse y planificar su trabajo escolar, fomentando la constancia y el esfuerzo personal, as\u00ed como la satisfacci\u00f3n por el trabajo bien hecho.<\/p>\n<p>Siempre se transmitir\u00e1 al alumnado expectativas positivas sobe su capacidad y futuro escolar, reforzando as\u00ed su motivaci\u00f3n y autoestima..<\/p>\n<p>Cada principio de curso, son los tutores quienes proponen al equipo directivo los posibles alumnos candidatos y, posteriormente, se informa a las familias que deben autorizar la participaci\u00f3n de su hijo\/a al programa.<\/p>\n<p>El acompa\u00f1amiento escolar en nuestro centro se divide en dos grupos:<\/p>\n<p>El primer grupo est\u00e1 formado por los alumnos\/as del segundo ciclo que&nbsp; asisten los lunes y mi\u00e9rcoles de 16:00 a 18:00h.<\/p>\n<p>El segundo grupo est\u00e1 formado por los alumnos\/as del tercer ciclo que asisten los martes y jueves de 16:00 a 18:00h.<\/p>\n<ul>\n<li><strong><u>Taller de ingl\u00e9s.<\/u><\/strong><\/li>\n<\/ul>\n<p>Se realiza en diferentes niveles desde el Pre- Startes (infantil) hasta nivel B2, con metodolog\u00eda Cambridge, impartidas en dos sesiones semanales durante todo el curso escolar.<\/p>\n<p>El objetivo fundamental es el aprendizaje del ingl\u00e9s de forma amena y divertida, en los primeros cursos, bajo una metodolog\u00eda que permita al alumno\/a ir progresando gradualmente hasta llegar a obtener los niveles A2, B1 Y B2 seg\u00fan el Marco Com\u00fan Europeo de Referencia para las lenguas.<\/p>\n<ul>\n<li><strong><u>Taller de rob\u00f3tica<\/u><\/strong><\/li>\n<\/ul>\n<p>Para el pr\u00f3ximo curso tenemos programado una novedosa actividad que pretende introducir a los alumnos\/as de una forma muy l\u00fadica e innovadora en la rob\u00f3tica. En esta actividad extraescolar se acercar\u00e1 al alumnado a un universo de herramientas y recursos mec\u00e1nicos, tecnol\u00f3gicos y cognitivos que permitan fomentar su capacidad de resoluci\u00f3n de problemas. Se busca adem\u00e1s, desarrollar en los alumnos\/as valores como el trabajo en equipo, la colaboraci\u00f3n, la responsabilidad, la motivaci\u00f3n por el descubrimiento y la investigaci\u00f3n\u2026<\/p>\n<p>El horario de la actividad ser\u00e1 de lunes a viernes de 16:00 a 20:00h (dependiendo del n\u00famero de inscritos, se crear\u00e1n diferentes grupos con horarios distintos)<\/p>\n<p>&nbsp;<\/p>\n<p>[\/et_pb_text][\/et_pb_column][\/et_pb_row][\/et_pb_section]<\/p>\n","protected":false},"excerpt":{"rendered":"<p>Actividades extraescolares El centro dispone en la actualidad de las siguientes actividades extraescolares. PROA: Programa de acompa\u00f1amiento escolar. El Programa de Acompa\u00f1amiento Escolar es un recurso destinado a compensar necesidades asociadas a la consecuci\u00f3n de las competencias b\u00e1sicas relacionadas con la comunicaci\u00f3n ling\u00fc\u00edstica y el razonamiento matem\u00e1tico y est\u00e1 dise\u00f1ado para mejorar y completar las [&hellip;]<\/p>\n","protected":false},"author":7051,"featured_media":0,"parent":0,"menu_order":0,"comment_status":"closed","ping_status":"closed","template":"","meta":{"_et_pb_use_builder":"on","_et_pb_old_content":"","_et_gb_content_width":"","ngg_post_thumbnail":0,"footnotes":""},"aioseo_notices":[],"_links":{"self":[{"href":"https:\/\/blogsaverroes.juntadeandalucia.es\/coledelobres\/wp-json\/wp\/v2\/pages\/836"}],"collection":[{"href":"https:\/\/blogsaverroes.juntadeandalucia.es\/coledelobres\/wp-json\/wp\/v2\/pages"}],"about":[{"href":"https:\/\/blogsaverroes.juntadeandalucia.es\/coledelobres\/wp-json\/wp\/v2\/types\/page"}],"author":[{"embeddable":true,"href":"https:\/\/blogsaverroes.juntadeandalucia.es\/coledelobres\/wp-json\/wp\/v2\/users\/7051"}],"replies":[{"embeddable":true,"href":"https:\/\/blogsaverroes.juntadeandalucia.es\/coledelobres\/wp-json\/wp\/v2\/comments?post=836"}],"version-history":[{"count":1,"href":"https:\/\/blogsaverroes.juntadeandalucia.es\/coledelobres\/wp-json\/wp\/v2\/pages\/836\/revisions"}],"predecessor-version":[{"id":965,"href":"https:\/\/blogsaverroes.juntadeandalucia.es\/coledelobres\/wp-json\/wp\/v2\/pages\/836\/revisions\/965"}],"wp:attachment":[{"href":"https:\/\/blogsaverroes.juntadeandalucia.es\/coledelobres\/wp-json\/wp\/v2\/media?parent=836"}],"curies":[{"name":"wp","href":"https:\/\/api.w.org\/{rel}","templated":true}]}}