{"id":871,"date":"2020-12-18T08:57:29","date_gmt":"2020-12-18T07:57:29","guid":{"rendered":"https:\/\/blogsaverroes.juntadeandalucia.es\/pre\/plantilla-pencil\/?page_id=871"},"modified":"2021-10-29T16:14:55","modified_gmt":"2021-10-29T15:14:55","slug":"comedor-escolar","status":"publish","type":"page","link":"https:\/\/blogsaverroes.juntadeandalucia.es\/coledelobres\/comedor-escolar\/","title":{"rendered":"Comedor escolar"},"content":{"rendered":"<p>Estimadas familias, les mostramos informaci\u00f3n que puede ser de su inter\u00e9s por parte del comedor del CEIP Cervantes. Se trata de recomendaciones sobre como llevar una vida y dieta saludable, as\u00ed como aspectos relacionados con el men\u00fa de noviembre. Para acceder a los apartados, deben pinchar en los enlaces que se encuentran al lado de la imagen.<\/p>\n<p><img loading=\"lazy\" decoding=\"async\" class=\"alignnone size-medium wp-image-1167\" src=\"https:\/\/blogsaverroes.juntadeandalucia.es\/coledelobres\/files\/2021\/10\/frutas-de-temporada-noviembre-212x300.png\" alt=\"\" width=\"212\" height=\"300\"><a href=\"https:\/\/blogsaverroes.juntadeandalucia.es\/coledelobres\/files\/2021\/10\/Dec\u00e1logo-de-h\u00e1bitos-saludables-.-2-1.pdf\">_Dec\u00e1logo de h\u00e1bitos saludables . (2)<\/a><a href=\"https:\/\/blogsaverroes.juntadeandalucia.es\/coledelobres\/files\/2021\/10\/EL-PLATO-SALUDABLE-1-1.pdf\">EL PLATO SALUDABLE (1)<\/a><a href=\"https:\/\/blogsaverroes.juntadeandalucia.es\/coledelobres\/files\/2021\/10\/LISTADO-DE-AL\u00c9RGENOS-1-1.pdf\">LISTADO DE AL\u00c9RGENOS (1)<\/a><a href=\"https:\/\/blogsaverroes.juntadeandalucia.es\/coledelobres\/files\/2021\/10\/M\u00c9TODOS-DE-ELABORACI\u00d3N-1-1-1.pdf\">M\u00c9TODOS DE ELABORACI\u00d3N (1) (1)<\/a><a href=\"https:\/\/blogsaverroes.juntadeandalucia.es\/coledelobres\/files\/2021\/10\/Planilla-NOVIEMBRE-todas-las-edades.pdf\">Planilla NOVIEMBRE (todas las edades)<\/a><a href=\"https:\/\/blogsaverroes.juntadeandalucia.es\/coledelobres\/files\/2021\/10\/Propuesta-de-cena-NOVIEMBRE.pdf\">Propuesta de cena NOVIEMBRE<\/a><a href=\"https:\/\/blogsaverroes.juntadeandalucia.es\/coledelobres\/files\/2021\/10\/Propuestas-de-recreo-1.pdf\">Propuestas de recreo<\/a><a href=\"https:\/\/blogsaverroes.juntadeandalucia.es\/coledelobres\/files\/2021\/10\/Tabla-de-porcionado-NOVIEMBRE.pdf\">Tabla de porcionado NOVIEMBRE<\/a><\/p>\n<p>&nbsp;<\/p>\n","protected":false},"excerpt":{"rendered":"<p>Estimadas familias, les mostramos informaci\u00f3n que puede ser de su inter\u00e9s por parte del comedor del CEIP Cervantes. Se trata de recomendaciones sobre como llevar una vida y dieta saludable, as\u00ed como aspectos relacionados con el men\u00fa de noviembre. Para acceder a los apartados, deben pinchar en los enlaces que se encuentran al lado de [&hellip;]<\/p>\n","protected":false},"author":7051,"featured_media":0,"parent":0,"menu_order":0,"comment_status":"closed","ping_status":"closed","template":"","meta":{"_et_pb_use_builder":"off","_et_pb_old_content":"","_et_gb_content_width":"","ngg_post_thumbnail":0,"footnotes":""},"aioseo_notices":[],"_links":{"self":[{"href":"https:\/\/blogsaverroes.juntadeandalucia.es\/coledelobres\/wp-json\/wp\/v2\/pages\/871"}],"collection":[{"href":"https:\/\/blogsaverroes.juntadeandalucia.es\/coledelobres\/wp-json\/wp\/v2\/pages"}],"about":[{"href":"https:\/\/blogsaverroes.juntadeandalucia.es\/coledelobres\/wp-json\/wp\/v2\/types\/page"}],"author":[{"embeddable":true,"href":"https:\/\/blogsaverroes.juntadeandalucia.es\/coledelobres\/wp-json\/wp\/v2\/users\/7051"}],"replies":[{"embeddable":true,"href":"https:\/\/blogsaverroes.juntadeandalucia.es\/coledelobres\/wp-json\/wp\/v2\/comments?post=871"}],"version-history":[{"count":9,"href":"https:\/\/blogsaverroes.juntadeandalucia.es\/coledelobres\/wp-json\/wp\/v2\/pages\/871\/revisions"}],"predecessor-version":[{"id":1176,"href":"https:\/\/blogsaverroes.juntadeandalucia.es\/coledelobres\/wp-json\/wp\/v2\/pages\/871\/revisions\/1176"}],"wp:attachment":[{"href":"https:\/\/blogsaverroes.juntadeandalucia.es\/coledelobres\/wp-json\/wp\/v2\/media?parent=871"}],"curies":[{"name":"wp","href":"https:\/\/api.w.org\/{rel}","templated":true}]}}