{"id":141,"date":"2015-03-17T07:13:24","date_gmt":"2015-03-17T07:13:24","guid":{"rendered":"http:\/\/blogsaverroes.juntadeandalucia.es\/pre\/ceip\/?page_id=141"},"modified":"2023-03-02T20:20:14","modified_gmt":"2023-03-02T20:20:14","slug":"escolarizacion","status":"publish","type":"page","link":"https:\/\/blogsaverroes.juntadeandalucia.es\/coledeviznar\/escolarizacion\/","title":{"rendered":"Escolarizaci\u00f3n"},"content":{"rendered":"<p style=\"text-align: justify\"><a href=\"https:\/\/blogsaverroes.juntadeandalucia.es\/coledeviznar\/files\/2022\/06\/escolarizaci\u00f3n.png\"><img loading=\"lazy\" decoding=\"async\" class=\"aligncenter size-medium wp-image-2938\" src=\"https:\/\/blogsaverroes.juntadeandalucia.es\/coledeviznar\/files\/2022\/06\/escolarizaci\u00f3n-300x90.png\" alt=\"\" width=\"300\" height=\"90\" srcset=\"https:\/\/blogsaverroes.juntadeandalucia.es\/coledeviznar\/files\/2022\/06\/escolarizaci\u00f3n-300x90.png 300w, https:\/\/blogsaverroes.juntadeandalucia.es\/coledeviznar\/files\/2022\/06\/escolarizaci\u00f3n.png 395w\" sizes=\"(max-width: 300px) 100vw, 300px\" \/><\/a>Informaci\u00f3n de utilidad para las familias a la hora de iniciar el proceso de escolarizaci\u00f3n para el pr\u00f3ximo curso 2023\/2024 (enlaces).<\/p>\n<p><strong>MATRICULACI\u00d3N TELEM\u00c1TICA CURSO 2023\/2024:<\/strong><\/p>\n<p><a href=\"https:\/\/www.juntadeandalucia.es\/educacion\/portales\/es\/web\/escolarizacion\/infantil-a-bachillerato\">Enlace al portal de escolarizaci\u00f3n.<\/a><\/p>\n<p>&nbsp;<\/p>\n<p><strong>MATRICULACI\u00d3N EN PAPEL CURSO 2023\/2024<\/strong><\/p>\n<p><a href=\"https:\/\/blogsaverroes.juntadeandalucia.es\/coledeviznar\/files\/2023\/03\/ANEXO-III-Solicitud-admision.pdf\">ANEXO III &#8211; Solicitud admision<\/a><\/p>\n<p><a href=\"https:\/\/blogsaverroes.juntadeandalucia.es\/coledeviznar\/files\/2023\/03\/06.-ANEXO-RELIGI\u00d3N.pdf\">ANEXO RELIGI\u00d3N<\/a><\/p>\n<p>&nbsp;<\/p>\n","protected":false},"excerpt":{"rendered":"<p>Informaci\u00f3n de utilidad para las familias a la hora de iniciar el proceso de escolarizaci\u00f3n para el pr\u00f3ximo curso 2023\/2024 (enlaces). MATRICULACI\u00d3N TELEM\u00c1TICA CURSO 2023\/2024: Enlace al portal de escolarizaci\u00f3n. &nbsp; MATRICULACI\u00d3N EN PAPEL&#46;&#46;&#46;<\/p>\n","protected":false},"author":1,"featured_media":0,"parent":0,"menu_order":0,"comment_status":"closed","ping_status":"open","template":"","meta":{"ngg_post_thumbnail":0,"footnotes":"","_mc_calendar":[]},"aioseo_notices":[],"_links":{"self":[{"href":"https:\/\/blogsaverroes.juntadeandalucia.es\/coledeviznar\/wp-json\/wp\/v2\/pages\/141"}],"collection":[{"href":"https:\/\/blogsaverroes.juntadeandalucia.es\/coledeviznar\/wp-json\/wp\/v2\/pages"}],"about":[{"href":"https:\/\/blogsaverroes.juntadeandalucia.es\/coledeviznar\/wp-json\/wp\/v2\/types\/page"}],"author":[{"embeddable":true,"href":"https:\/\/blogsaverroes.juntadeandalucia.es\/coledeviznar\/wp-json\/wp\/v2\/users\/1"}],"replies":[{"embeddable":true,"href":"https:\/\/blogsaverroes.juntadeandalucia.es\/coledeviznar\/wp-json\/wp\/v2\/comments?post=141"}],"version-history":[{"count":11,"href":"https:\/\/blogsaverroes.juntadeandalucia.es\/coledeviznar\/wp-json\/wp\/v2\/pages\/141\/revisions"}],"predecessor-version":[{"id":3140,"href":"https:\/\/blogsaverroes.juntadeandalucia.es\/coledeviznar\/wp-json\/wp\/v2\/pages\/141\/revisions\/3140"}],"wp:attachment":[{"href":"https:\/\/blogsaverroes.juntadeandalucia.es\/coledeviznar\/wp-json\/wp\/v2\/media?parent=141"}],"curies":[{"name":"wp","href":"https:\/\/api.w.org\/{rel}","templated":true}]}}