{"id":330,"date":"2015-03-18T07:11:43","date_gmt":"2015-03-18T07:11:43","guid":{"rendered":"http:\/\/blogsaverroes.juntadeandalucia.es\/pre\/ceip\/?page_id=330"},"modified":"2023-02-08T20:15:20","modified_gmt":"2023-02-08T20:15:20","slug":"bibliop","status":"publish","type":"page","link":"https:\/\/blogsaverroes.juntadeandalucia.es\/coledeviznar\/biblioteca\/bibliop\/","title":{"rendered":"Grupo Interbibliotecario \u00abSIERRA DE HU\u00c9TOR\u00bb"},"content":{"rendered":"<p><img loading=\"lazy\" decoding=\"async\" class=\"wp-image-551 alignright\" src=\"https:\/\/blogsaverroes.juntadeandalucia.es\/coledeviznar\/files\/2014\/12\/libros1-300x246.png\" alt=\"libros1\" width=\"129\" height=\"106\" srcset=\"https:\/\/blogsaverroes.juntadeandalucia.es\/coledeviznar\/files\/2014\/12\/libros1-300x246.png 300w, https:\/\/blogsaverroes.juntadeandalucia.es\/coledeviznar\/files\/2014\/12\/libros1.png 640w\" sizes=\"(max-width: 129px) 100vw, 129px\" \/><\/p>\n<p style=\"text-align: justify\">Nuestra Biblioteca \u00abLA PUERTA DE LAS AVENTURAS\u00bb, participa en el grupo interbibliotecario \u00abSierra de Hu\u00e9tor\u00bb.<\/p>\n<p style=\"text-align: justify\">En este grupo realizamos actividades conjuntas con otros centros de la zona: Convivencias, visitas de escritoras\/es de literatura infantil, puestas en com\u00fan de actividades de fomento de la lectura, etc.<\/p>\n<p>En los siguientes enlaces, adjuntamos las redes sociales donde poder seguir este grupo de Bibliotecas, as\u00ed como el v\u00eddeo que se realiz\u00f3 en enero de 2023 con motivo de la actividad \u00abVEN QUE TE LEA\u00bb<\/p>\n<p><a href=\"https:\/\/grupodecooperacionsierradehuetor.blogspot.com\/2023\/02\/ven-que-te-lea.html\">https:\/\/grupodecooperacionsierradehuetor.blogspot.com\/2023\/02\/ven-que-te-lea.html<\/a><\/p>\n","protected":false},"excerpt":{"rendered":"<p>Nuestra Biblioteca \u00abLA PUERTA DE LAS AVENTURAS\u00bb, participa en el grupo interbibliotecario \u00abSierra de Hu\u00e9tor\u00bb. En este grupo realizamos actividades conjuntas con otros centros de la zona: Convivencias, visitas de escritoras\/es de literatura infantil,&#46;&#46;&#46;<\/p>\n","protected":false},"author":1,"featured_media":0,"parent":113,"menu_order":0,"comment_status":"closed","ping_status":"open","template":"page-cs.php","meta":{"ngg_post_thumbnail":0,"footnotes":"","_mc_calendar":[]},"aioseo_notices":[],"_links":{"self":[{"href":"https:\/\/blogsaverroes.juntadeandalucia.es\/coledeviznar\/wp-json\/wp\/v2\/pages\/330"}],"collection":[{"href":"https:\/\/blogsaverroes.juntadeandalucia.es\/coledeviznar\/wp-json\/wp\/v2\/pages"}],"about":[{"href":"https:\/\/blogsaverroes.juntadeandalucia.es\/coledeviznar\/wp-json\/wp\/v2\/types\/page"}],"author":[{"embeddable":true,"href":"https:\/\/blogsaverroes.juntadeandalucia.es\/coledeviznar\/wp-json\/wp\/v2\/users\/1"}],"replies":[{"embeddable":true,"href":"https:\/\/blogsaverroes.juntadeandalucia.es\/coledeviznar\/wp-json\/wp\/v2\/comments?post=330"}],"version-history":[{"count":8,"href":"https:\/\/blogsaverroes.juntadeandalucia.es\/coledeviznar\/wp-json\/wp\/v2\/pages\/330\/revisions"}],"predecessor-version":[{"id":3118,"href":"https:\/\/blogsaverroes.juntadeandalucia.es\/coledeviznar\/wp-json\/wp\/v2\/pages\/330\/revisions\/3118"}],"up":[{"embeddable":true,"href":"https:\/\/blogsaverroes.juntadeandalucia.es\/coledeviznar\/wp-json\/wp\/v2\/pages\/113"}],"wp:attachment":[{"href":"https:\/\/blogsaverroes.juntadeandalucia.es\/coledeviznar\/wp-json\/wp\/v2\/media?parent=330"}],"curies":[{"name":"wp","href":"https:\/\/api.w.org\/{rel}","templated":true}]}}