{"id":42,"date":"2015-03-13T08:40:47","date_gmt":"2015-03-13T08:40:47","guid":{"rendered":"http:\/\/blogsaverroes.juntadeandalucia.es\/pre\/ceip\/?page_id=42"},"modified":"2025-11-06T11:41:51","modified_gmt":"2025-11-06T11:41:51","slug":"equipo-directivo","status":"publish","type":"page","link":"https:\/\/blogsaverroes.juntadeandalucia.es\/coledeviznar\/equipo-directivo\/","title":{"rendered":"Equipo directivo"},"content":{"rendered":"<p><a href=\"https:\/\/blogsaverroes.juntadeandalucia.es\/coledeviznar\/files\/2015\/03\/libros1.png\"><img loading=\"lazy\" decoding=\"async\" class=\"aligncenter wp-image-571\" src=\"https:\/\/blogsaverroes.juntadeandalucia.es\/coledeviznar\/files\/2015\/03\/libros1-300x246.png\" alt=\"\" width=\"110\" height=\"90\" srcset=\"https:\/\/blogsaverroes.juntadeandalucia.es\/coledeviznar\/files\/2015\/03\/libros1-300x246.png 300w, https:\/\/blogsaverroes.juntadeandalucia.es\/coledeviznar\/files\/2015\/03\/libros1.png 640w\" sizes=\"(max-width: 110px) 100vw, 110px\" \/><\/a><\/p>\n<p>Al ser un centro escolar incompleto, <strong>el Equipo Directivo est\u00e1 compuesto por la Secretar\u00eda y Direcci\u00f3n.&nbsp;<\/strong><\/p>\n<p><strong>Direcci\u00f3n\/<\/strong><strong>Jefatura de estudios<\/strong><strong>: <\/strong><\/p>\n<p>Antonio Ruiz Granados (maestro especialista del \u00e1rea de Ingl\u00e9s).<\/p>\n<p><strong>Secretar\u00eda:<\/strong><\/p>\n<p>Dolores Pe\u00f1a Capel (maestra especialista del \u00e1rea de M\u00fasica)<\/p>\n<p><strong>*Horario de contacto<\/strong> con la direcci\u00f3n del centro o secretar\u00eda:<\/p>\n<p>Lunes, martes, jueves y viernes, de 11:30h a 12:00h<\/p>\n<p>Mi\u00e9rcoles de 9:00h a 14:00h<\/p>\n<p><strong>Tfnos.:<\/strong> 958 89 38 80 &#8211; 671 59 66 49<\/p>\n<p><strong>Correo electr\u00f3nico:<\/strong> 18008610.edu@juntadeandalucia.es <strong><a href=\"https:\/\/blogsaverroes.juntadeandalucia.es\/coledeviznar\/contactar\/\">(aqu\u00ed)<\/a><\/strong><\/p>\n","protected":false},"excerpt":{"rendered":"<p>Al ser un centro escolar incompleto, el Equipo Directivo est\u00e1 compuesto por la Secretar\u00eda y Direcci\u00f3n.&nbsp; Direcci\u00f3n\/Jefatura de estudios: Antonio Ruiz Granados (maestro especialista del \u00e1rea de Ingl\u00e9s). Secretar\u00eda: Dolores Pe\u00f1a Capel (maestra especialista&#46;&#46;&#46;<\/p>\n","protected":false},"author":1,"featured_media":0,"parent":0,"menu_order":0,"comment_status":"closed","ping_status":"open","template":"","meta":{"ngg_post_thumbnail":0,"footnotes":"","_mc_calendar":[]},"aioseo_notices":[],"_links":{"self":[{"href":"https:\/\/blogsaverroes.juntadeandalucia.es\/coledeviznar\/wp-json\/wp\/v2\/pages\/42"}],"collection":[{"href":"https:\/\/blogsaverroes.juntadeandalucia.es\/coledeviznar\/wp-json\/wp\/v2\/pages"}],"about":[{"href":"https:\/\/blogsaverroes.juntadeandalucia.es\/coledeviznar\/wp-json\/wp\/v2\/types\/page"}],"author":[{"embeddable":true,"href":"https:\/\/blogsaverroes.juntadeandalucia.es\/coledeviznar\/wp-json\/wp\/v2\/users\/1"}],"replies":[{"embeddable":true,"href":"https:\/\/blogsaverroes.juntadeandalucia.es\/coledeviznar\/wp-json\/wp\/v2\/comments?post=42"}],"version-history":[{"count":12,"href":"https:\/\/blogsaverroes.juntadeandalucia.es\/coledeviznar\/wp-json\/wp\/v2\/pages\/42\/revisions"}],"predecessor-version":[{"id":3386,"href":"https:\/\/blogsaverroes.juntadeandalucia.es\/coledeviznar\/wp-json\/wp\/v2\/pages\/42\/revisions\/3386"}],"wp:attachment":[{"href":"https:\/\/blogsaverroes.juntadeandalucia.es\/coledeviznar\/wp-json\/wp\/v2\/media?parent=42"}],"curies":[{"name":"wp","href":"https:\/\/api.w.org\/{rel}","templated":true}]}}