{"id":49,"date":"2015-03-13T08:47:05","date_gmt":"2015-03-13T08:47:05","guid":{"rendered":"http:\/\/blogsaverroes.juntadeandalucia.es\/pre\/ceip\/?page_id=49"},"modified":"2025-11-06T12:09:04","modified_gmt":"2025-11-06T12:09:04","slug":"proyecto-educativo","status":"publish","type":"page","link":"https:\/\/blogsaverroes.juntadeandalucia.es\/coledeviznar\/proyecto-educativo\/","title":{"rendered":"Proyecto Educativo"},"content":{"rendered":"<p style=\"text-align: justify\"><img loading=\"lazy\" decoding=\"async\" class=\"wp-image-1662 alignleft\" src=\"https:\/\/blogsaverroes.juntadeandalucia.es\/coledeviznar\/files\/2015\/03\/proyecto-300x266.png\" alt=\"proyecto\" width=\"177\" height=\"157\" srcset=\"https:\/\/blogsaverroes.juntadeandalucia.es\/coledeviznar\/files\/2015\/03\/proyecto-300x266.png 300w, https:\/\/blogsaverroes.juntadeandalucia.es\/coledeviznar\/files\/2015\/03\/proyecto.png 640w\" sizes=\"(max-width: 177px) 100vw, 177px\" \/><\/p>\n<p style=\"text-align: justify\">Un centro se define en gran medida por su <strong>PLAN DE CENTRO<\/strong>. En \u00e9ste se plasma el modelo educativo y la concreci\u00f3n de la normativa que el centro realiza respecto a las ense\u00f1anzas que imparte. Consta de tres apartados: <strong>Proyecto Educativo, Reglamento de Organizaci\u00f3n y Funcionamiento (R.O.F.) y Proyecto de Gesti\u00f3n. <\/strong><\/p>\n<p style=\"text-align: justify\">Al incluir en nuestra web el Plan de Centro, apostamos por la <strong>transparencia<\/strong>.<\/p>\n<p style=\"text-align: justify\"><a href=\"https:\/\/blogsaverroes.juntadeandalucia.es\/coledeviznar\/files\/2020\/11\/Plan-de-Centro-2020-2021.pdf\">Plan de Centro 2020-2021<\/a> del CEIP. Arzobispo Moscoso de V\u00edznar. (En proceso de modificaci\u00f3n para adaptarse a la Normativa LOMLOE.)<\/p>\n","protected":false},"excerpt":{"rendered":"<p>Un centro se define en gran medida por su PLAN DE CENTRO. En \u00e9ste se plasma el modelo educativo y la concreci\u00f3n de la normativa que el centro realiza respecto a las ense\u00f1anzas que&#46;&#46;&#46;<\/p>\n","protected":false},"author":1,"featured_media":0,"parent":0,"menu_order":0,"comment_status":"closed","ping_status":"open","template":"","meta":{"ngg_post_thumbnail":0,"footnotes":"","_mc_calendar":[]},"aioseo_notices":[],"_links":{"self":[{"href":"https:\/\/blogsaverroes.juntadeandalucia.es\/coledeviznar\/wp-json\/wp\/v2\/pages\/49"}],"collection":[{"href":"https:\/\/blogsaverroes.juntadeandalucia.es\/coledeviznar\/wp-json\/wp\/v2\/pages"}],"about":[{"href":"https:\/\/blogsaverroes.juntadeandalucia.es\/coledeviznar\/wp-json\/wp\/v2\/types\/page"}],"author":[{"embeddable":true,"href":"https:\/\/blogsaverroes.juntadeandalucia.es\/coledeviznar\/wp-json\/wp\/v2\/users\/1"}],"replies":[{"embeddable":true,"href":"https:\/\/blogsaverroes.juntadeandalucia.es\/coledeviznar\/wp-json\/wp\/v2\/comments?post=49"}],"version-history":[{"count":11,"href":"https:\/\/blogsaverroes.juntadeandalucia.es\/coledeviznar\/wp-json\/wp\/v2\/pages\/49\/revisions"}],"predecessor-version":[{"id":3390,"href":"https:\/\/blogsaverroes.juntadeandalucia.es\/coledeviznar\/wp-json\/wp\/v2\/pages\/49\/revisions\/3390"}],"wp:attachment":[{"href":"https:\/\/blogsaverroes.juntadeandalucia.es\/coledeviznar\/wp-json\/wp\/v2\/media?parent=49"}],"curies":[{"name":"wp","href":"https:\/\/api.w.org\/{rel}","templated":true}]}}