{"id":99,"date":"2015-03-16T07:22:54","date_gmt":"2015-03-16T07:22:54","guid":{"rendered":"http:\/\/blogsaverroes.juntadeandalucia.es\/pre\/ceip\/?page_id=99"},"modified":"2026-03-24T11:54:00","modified_gmt":"2026-03-24T11:54:00","slug":"comedor-escolar","status":"publish","type":"page","link":"https:\/\/blogsaverroes.juntadeandalucia.es\/coledeviznar\/comedor-escolar\/","title":{"rendered":"Comedor escolar"},"content":{"rendered":"<p>&nbsp;<\/p>\n<p><a href=\"https:\/\/blogsaverroes.juntadeandalucia.es\/coledeviznar\/files\/2015\/03\/comida.jpg\"><img loading=\"lazy\" decoding=\"async\" class=\"aligncenter size-medium wp-image-238\" src=\"https:\/\/blogsaverroes.juntadeandalucia.es\/coledeviznar\/files\/2015\/03\/comida-300x173.jpg\" alt=\"\" width=\"300\" height=\"173\" srcset=\"https:\/\/blogsaverroes.juntadeandalucia.es\/coledeviznar\/files\/2015\/03\/comida-300x173.jpg 300w, https:\/\/blogsaverroes.juntadeandalucia.es\/coledeviznar\/files\/2015\/03\/comida.jpg 709w\" sizes=\"(max-width: 300px) 100vw, 300px\" \/><\/a><\/p>\n<p><a href=\"https:\/\/blogsaverroes.juntadeandalucia.es\/coledeviznar\/files\/2026\/03\/MENU-ABRIL-2026.pdf\">MEN\u00da ABRIL 2026<\/a><\/p>\n<p><a href=\"https:\/\/blogsaverroes.juntadeandalucia.es\/coledeviznar\/files\/2024\/09\/Circular-a-Familias-Curso-2024-2025-COMERTEL.pdf\">Circular a Familias Curso 2025 &#8211; 2026 &#8211; COMERTEL<\/a><\/p>\n<p>&nbsp;<\/p>\n<p style=\"text-align: justify\">Los comedores escolares son un servicio complementario que resulta de gran utilidad a padres y madres para ayudarles a&nbsp;conciliar la vida laboral y familiar. Tienen una duraci\u00f3n de hasta dos horas desde que acaba la jornada escolar de la ma\u00f1ana (de 14.00 a 16.00 horas).<\/p>\n<p style=\"text-align: justify\">Los comedores son adem\u00e1s una pieza importante&nbsp;en todas las medidas dirigidas a mejorar los h\u00e1bitos alimenticios de los ni\u00f1os y ni\u00f1as y prevenir problemas de salud como la obesidad.<\/p>\n<p style=\"text-align: justify\">Los comedores escolares de los centros p\u00fablicos andaluces promueven una alimentaci\u00f3n saludable que est\u00e1 supervisada por nutricionistas y que, entre otros aspectos, se caracteriza por:<\/p>\n<ul>\n<li style=\"text-align: justify\">Una mayor proporci\u00f3n de verdura en los men\u00fas<\/li>\n<li style=\"text-align: justify\">Fruta fresca como postre al menos cuatro d\u00edas a la semana<\/li>\n<li style=\"text-align: justify\">Uso de aceite de oliva virgen extra<\/li>\n<li style=\"text-align: justify\">M\u00e1s pescado que carne, que debe ser magra<\/li>\n<li style=\"text-align: justify\">Prohibici\u00f3n de los alimentos precocinados y limitaci\u00f3n de los fritos<\/li>\n<li style=\"text-align: justify\">Apuesta por la dieta mediterr\u00e1nea y los productos ecol\u00f3gicos<\/li>\n<\/ul>\n<p style=\"text-align: justify\">&nbsp;<\/p>\n<p>&nbsp;<\/p>\n","protected":false},"excerpt":{"rendered":"<p>&nbsp; MEN\u00da ABRIL 2026 Circular a Familias Curso 2025 &#8211; 2026 &#8211; COMERTEL &nbsp; Los comedores escolares son un servicio complementario que resulta de gran utilidad a padres y madres para ayudarles a&nbsp;conciliar la&#46;&#46;&#46;<\/p>\n","protected":false},"author":1,"featured_media":0,"parent":0,"menu_order":0,"comment_status":"closed","ping_status":"open","template":"","meta":{"ngg_post_thumbnail":0,"footnotes":"","_mc_calendar":[]},"aioseo_notices":[],"_links":{"self":[{"href":"https:\/\/blogsaverroes.juntadeandalucia.es\/coledeviznar\/wp-json\/wp\/v2\/pages\/99"}],"collection":[{"href":"https:\/\/blogsaverroes.juntadeandalucia.es\/coledeviznar\/wp-json\/wp\/v2\/pages"}],"about":[{"href":"https:\/\/blogsaverroes.juntadeandalucia.es\/coledeviznar\/wp-json\/wp\/v2\/types\/page"}],"author":[{"embeddable":true,"href":"https:\/\/blogsaverroes.juntadeandalucia.es\/coledeviznar\/wp-json\/wp\/v2\/users\/1"}],"replies":[{"embeddable":true,"href":"https:\/\/blogsaverroes.juntadeandalucia.es\/coledeviznar\/wp-json\/wp\/v2\/comments?post=99"}],"version-history":[{"count":50,"href":"https:\/\/blogsaverroes.juntadeandalucia.es\/coledeviznar\/wp-json\/wp\/v2\/pages\/99\/revisions"}],"predecessor-version":[{"id":3619,"href":"https:\/\/blogsaverroes.juntadeandalucia.es\/coledeviznar\/wp-json\/wp\/v2\/pages\/99\/revisions\/3619"}],"wp:attachment":[{"href":"https:\/\/blogsaverroes.juntadeandalucia.es\/coledeviznar\/wp-json\/wp\/v2\/media?parent=99"}],"curies":[{"name":"wp","href":"https:\/\/api.w.org\/{rel}","templated":true}]}}