{"id":1790,"date":"2025-08-16T22:57:46","date_gmt":"2025-08-16T21:57:46","guid":{"rendered":"https:\/\/blogsaverroes.juntadeandalucia.es\/colegio-picasso\/?page_id=1790"},"modified":"2025-12-08T23:16:17","modified_gmt":"2025-12-08T22:16:17","slug":"igualdad","status":"publish","type":"page","link":"https:\/\/blogsaverroes.juntadeandalucia.es\/colegio-picasso\/igualdad\/","title":{"rendered":"IGUALDAD Y PACTO DE ESTADO CONTRA LA VIOLENCIA DE G\u00c9NERO"},"content":{"rendered":"<p>[et_pb_section fb_built=&#8221;1&#8243; _builder_version=&#8221;4.24.2&#8243; _module_preset=&#8221;default&#8221; global_colors_info=&#8221;{}&#8221;][et_pb_row column_structure=&#8221;1_2,1_2&#8243; _builder_version=&#8221;4.24.2&#8243; _module_preset=&#8221;default&#8221; custom_padding=&#8221;5px|||||&#8221; hover_enabled=&#8221;0&#8243; global_colors_info=&#8221;{}&#8221; sticky_enabled=&#8221;0&#8243;][et_pb_column type=&#8221;1_2&#8243; _builder_version=&#8221;4.24.2&#8243; _module_preset=&#8221;default&#8221; global_colors_info=&#8221;{}&#8221;][et_pb_text _builder_version=&#8221;4.24.2&#8243; _module_preset=&#8221;default&#8221; global_colors_info=&#8221;{}&#8221;]<\/p>\n<p>25-11-2025<\/p>\n<p>Actividades realizadas el 25 N, D\u00cdA INTERNACIONAL CONTRA LA VIOLENCIA DE G\u00c9NERO.<\/p>\n<p>Compartimos el mural realizado con todo las ni\u00f1as y ni\u00f1os del centro y el podcast grabado por los alumnos de 5\u00ba y 6\u00ba.<\/p>\n<p>&nbsp;<\/p>\n<p>[\/et_pb_text][et_pb_video src=&#8221;https:\/\/blogsaverroes.juntadeandalucia.es\/colegio-picasso\/files\/2025\/12\/Mural.mp4&#8243; _builder_version=&#8221;4.24.2&#8243; _module_preset=&#8221;default&#8221; global_colors_info=&#8221;{}&#8221;][\/et_pb_video][\/et_pb_column][et_pb_column type=&#8221;1_2&#8243; _builder_version=&#8221;4.24.2&#8243; _module_preset=&#8221;default&#8221; global_colors_info=&#8221;{}&#8221;][et_pb_text _builder_version=&#8221;4.24.2&#8243; _module_preset=&#8221;default&#8221; global_colors_info=&#8221;{}&#8221;]<\/p>\n<p>Podcast &#8220;Que se nos oiga&#8221;<\/p>\n<p>Alumnos de 5\u00ba y 6\u00ba<\/p>\n<p>[\/et_pb_text][et_pb_video src=&#8221;https:\/\/blogsaverroes.juntadeandalucia.es\/colegio-picasso\/files\/2025\/12\/25n-que-se-nos-oiga1.mp4&#8243; _builder_version=&#8221;4.24.2&#8243; _module_preset=&#8221;default&#8221; title_text=&#8221;25n-que-se-nos-oiga1&#8243; hover_enabled=&#8221;0&#8243; sticky_enabled=&#8221;0&#8243;][\/et_pb_video][et_pb_video src=&#8221;https:\/\/blogsaverroes.juntadeandalucia.es\/colegio-picasso\/files\/2025\/12\/25n-que-se-nos-oiga2l-1.mp4&#8243; _builder_version=&#8221;4.24.2&#8243; _module_preset=&#8221;default&#8221; title_text=&#8221;25n-que-se-nos-oiga2l&#8221; hover_enabled=&#8221;0&#8243; sticky_enabled=&#8221;0&#8243;][\/et_pb_video][et_pb_video src=&#8221;https:\/\/blogsaverroes.juntadeandalucia.es\/colegio-picasso\/files\/2025\/12\/25n-que-se-nos-oiga-3.mp4&#8243; _builder_version=&#8221;4.24.2&#8243; _module_preset=&#8221;default&#8221; title_text=&#8221;25n-que-se-nos oiga 3&#8243; hover_enabled=&#8221;0&#8243; sticky_enabled=&#8221;0&#8243;][\/et_pb_video][\/et_pb_column][\/et_pb_row][\/et_pb_section]<\/p>\n","protected":false},"excerpt":{"rendered":"<p>25-11-2025 Actividades realizadas el 25 N, D\u00cdA INTERNACIONAL CONTRA LA VIOLENCIA DE G\u00c9NERO. Compartimos el mural realizado con todo las ni\u00f1as y ni\u00f1os del centro y el podcast grabado por los alumnos de 5\u00ba y 6\u00ba. &nbsp;Podcast &#8220;Que se nos oiga&#8221; Alumnos de 5\u00ba y 6\u00ba<\/p>\n","protected":false},"author":18218,"featured_media":0,"parent":0,"menu_order":0,"comment_status":"closed","ping_status":"closed","template":"","meta":{"_et_pb_use_builder":"on","_et_pb_old_content":"","_et_gb_content_width":"","ngg_post_thumbnail":0,"footnotes":""},"aioseo_notices":[],"_links":{"self":[{"href":"https:\/\/blogsaverroes.juntadeandalucia.es\/colegio-picasso\/wp-json\/wp\/v2\/pages\/1790"}],"collection":[{"href":"https:\/\/blogsaverroes.juntadeandalucia.es\/colegio-picasso\/wp-json\/wp\/v2\/pages"}],"about":[{"href":"https:\/\/blogsaverroes.juntadeandalucia.es\/colegio-picasso\/wp-json\/wp\/v2\/types\/page"}],"author":[{"embeddable":true,"href":"https:\/\/blogsaverroes.juntadeandalucia.es\/colegio-picasso\/wp-json\/wp\/v2\/users\/18218"}],"replies":[{"embeddable":true,"href":"https:\/\/blogsaverroes.juntadeandalucia.es\/colegio-picasso\/wp-json\/wp\/v2\/comments?post=1790"}],"version-history":[{"count":7,"href":"https:\/\/blogsaverroes.juntadeandalucia.es\/colegio-picasso\/wp-json\/wp\/v2\/pages\/1790\/revisions"}],"predecessor-version":[{"id":2549,"href":"https:\/\/blogsaverroes.juntadeandalucia.es\/colegio-picasso\/wp-json\/wp\/v2\/pages\/1790\/revisions\/2549"}],"wp:attachment":[{"href":"https:\/\/blogsaverroes.juntadeandalucia.es\/colegio-picasso\/wp-json\/wp\/v2\/media?parent=1790"}],"curies":[{"name":"wp","href":"https:\/\/api.w.org\/{rel}","templated":true}]}}