{"id":836,"date":"2020-12-18T08:37:22","date_gmt":"2020-12-18T07:37:22","guid":{"rendered":"https:\/\/blogsaverroes.juntadeandalucia.es\/pre\/plantilla-pencil\/?page_id=836"},"modified":"2025-08-24T21:33:53","modified_gmt":"2025-08-24T20:33:53","slug":"actividades-extraescolares","status":"publish","type":"page","link":"https:\/\/blogsaverroes.juntadeandalucia.es\/colegio-picasso\/actividades-extraescolares\/","title":{"rendered":"Actividades extraescolares"},"content":{"rendered":"<p>[et_pb_section fb_built=&#8221;1&#8243; _builder_version=&#8221;4.16&#8243; custom_padding=&#8221;0px||0px|&#8221; z_index_tablet=&#8221;500&#8243; box_shadow_horizontal_tablet=&#8221;0px&#8221; box_shadow_vertical_tablet=&#8221;0px&#8221; box_shadow_blur_tablet=&#8221;40px&#8221; box_shadow_spread_tablet=&#8221;0px&#8221; global_colors_info=&#8221;{}&#8221;][et_pb_row _builder_version=&#8221;4.16&#8243; background_size=&#8221;initial&#8221; background_position=&#8221;top_left&#8221; background_repeat=&#8221;repeat&#8221; global_colors_info=&#8221;{}&#8221;][et_pb_column type=&#8221;4_4&#8243; _builder_version=&#8221;4.16&#8243; custom_padding=&#8221;|||&#8221; global_colors_info=&#8221;{}&#8221; custom_padding__hover=&#8221;|||&#8221;][et_pb_image src=&#8221;https:\/\/blogsaverroes.juntadeandalucia.es\/colegio-picasso\/files\/2025\/08\/Captura-de-pantalla-2025-08-04-a-las-12.52.32-e1754848699745.png&#8221; title_text=&#8221;Captura de pantalla 2025-08-04 a las 12.52.32&#8243; align=&#8221;center&#8221; admin_label=&#8221;Imagen de la portada&#8221; _builder_version=&#8221;4.24.2&#8243; background_color=&#8221;#E06100&#8243; background_enable_pattern_style=&#8221;on&#8221; background_pattern_style=&#8221;confetti&#8221; width=&#8221;90.4%&#8221; module_alignment=&#8221;center&#8221; min_height=&#8221;249px&#8221; height=&#8221;253px&#8221; max_height=&#8221;251px&#8221; custom_margin=&#8221;0px||0px|1px|true|&#8221; custom_padding=&#8221;1px|254px|0px|221px||&#8221; hover_enabled=&#8221;0&#8243; z_index_tablet=&#8221;500&#8243; box_shadow_style=&#8221;preset1&#8243; box_shadow_horizontal_tablet=&#8221;0px&#8221; box_shadow_vertical_tablet=&#8221;0px&#8221; box_shadow_blur_tablet=&#8221;40px&#8221; box_shadow_spread_tablet=&#8221;0px&#8221; global_colors_info=&#8221;{}&#8221; max_width=&#8221;94%&#8221; sticky_enabled=&#8221;0&#8243;][\/et_pb_image][et_pb_text _builder_version=&#8221;4.24.2&#8243; _module_preset=&#8221;default&#8221; hover_enabled=&#8221;0&#8243; global_colors_info=&#8221;{}&#8221; width=&#8221;80%&#8221; max_width=&#8221;79%&#8221; module_alignment=&#8221;center&#8221; min_height=&#8221;383px&#8221; height=&#8221;299px&#8221; max_height=&#8221;1000px&#8221; sticky_enabled=&#8221;0&#8243;]<\/p>\n<h1>Actividades Extraescolares<\/h1>\n<p>Los centros docentes p\u00fablicos que impartan segundo ciclo de educaci\u00f3n infantil, educaci\u00f3n primaria y educaci\u00f3n secundaria podr\u00e1n mantener abiertas sus instalaciones hasta las 18:00 horas con la finalidad de programar actividades de apoyo y refuerzo, dirigidas al alumnado que presente dificultades de aprendizaje, y ofrecer actividades extraescolares que aborden aspectos formativos de inter\u00e9s para el alumnado: idiomas, tecnolog\u00edas de la informaci\u00f3n y comunicaci\u00f3n, talleres de lectura y escritura, actividades de estudio dirigido, actividades formativas y de ocio, deportivas, art\u00edsticas, etc.<\/p>\n<p>Las actividades extraescolares tienen un car\u00e1cter voluntario para el alumnado y en ning\u00fan caso forman parte del proceso de evaluaci\u00f3n del alumnado. La atenci\u00f3n a este tipo de alumnado se realiza con personal que cuenta con la formaci\u00f3n y cualificaci\u00f3n adecuada a las actividades a desarrollar.<\/p>\n<p>En nuestro centro se ofertan distintas actividades entre ellas:<\/p>\n<p>DEPORTIVAS: Artes Marciales, Baloncesto, F\u00fatbol sala, P\u00e1del, Parkour, Gimnasia R\u00edtmica, Baila\/Danza<br \/>IDIOMAS: Ingles<br \/>EXPRESI\u00d3N ART\u00cdSTICA: Dibujo<\/p>\n<p>[\/et_pb_text][et_pb_blurb url=&#8221;https:\/\/www.juntadeandalucia.es\/educacion\/portales\/familias\/servicios-complementarios&#8221; url_new_window=&#8221;on&#8221; image=&#8221;https:\/\/blogsaverroes.juntadeandalucia.es\/colegio-picasso\/files\/2025\/08\/buscar-e1755293986557.png&#8221; _builder_version=&#8221;4.24.2&#8243; _module_preset=&#8221;default&#8221; global_colors_info=&#8221;{}&#8221;][\/et_pb_blurb][\/et_pb_column][\/et_pb_row][et_pb_row _builder_version=&#8221;4.24.2&#8243; _module_preset=&#8221;default&#8221; background_color=&#8221;rgba(224,108,20,0.75)&#8221; background_enable_pattern_style=&#8221;on&#8221; background_pattern_style=&#8221;confetti&#8221; background_enable_mask_style=&#8221;on&#8221; background_mask_style=&#8221;wave&#8221; global_colors_info=&#8221;{}&#8221;][et_pb_column type=&#8221;4_4&#8243; _builder_version=&#8221;4.24.2&#8243; _module_preset=&#8221;default&#8221; global_colors_info=&#8221;{}&#8221;][\/et_pb_column][\/et_pb_row][\/et_pb_section]<\/p>\n","protected":false},"excerpt":{"rendered":"<p>Actividades Extraescolares Los centros docentes p\u00fablicos que impartan segundo ciclo de educaci\u00f3n infantil, educaci\u00f3n primaria y educaci\u00f3n secundaria podr\u00e1n mantener abiertas sus instalaciones hasta las 18:00 horas con la finalidad de programar actividades de apoyo y refuerzo, dirigidas al alumnado que presente dificultades de aprendizaje, y ofrecer actividades extraescolares que aborden aspectos formativos de inter\u00e9s [&hellip;]<\/p>\n","protected":false},"author":19291,"featured_media":0,"parent":0,"menu_order":0,"comment_status":"closed","ping_status":"closed","template":"","meta":{"_et_pb_use_builder":"on","_et_pb_old_content":"","_et_gb_content_width":"","ngg_post_thumbnail":0,"footnotes":""},"aioseo_notices":[],"_links":{"self":[{"href":"https:\/\/blogsaverroes.juntadeandalucia.es\/colegio-picasso\/wp-json\/wp\/v2\/pages\/836"}],"collection":[{"href":"https:\/\/blogsaverroes.juntadeandalucia.es\/colegio-picasso\/wp-json\/wp\/v2\/pages"}],"about":[{"href":"https:\/\/blogsaverroes.juntadeandalucia.es\/colegio-picasso\/wp-json\/wp\/v2\/types\/page"}],"author":[{"embeddable":true,"href":"https:\/\/blogsaverroes.juntadeandalucia.es\/colegio-picasso\/wp-json\/wp\/v2\/users\/19291"}],"replies":[{"embeddable":true,"href":"https:\/\/blogsaverroes.juntadeandalucia.es\/colegio-picasso\/wp-json\/wp\/v2\/comments?post=836"}],"version-history":[{"count":37,"href":"https:\/\/blogsaverroes.juntadeandalucia.es\/colegio-picasso\/wp-json\/wp\/v2\/pages\/836\/revisions"}],"predecessor-version":[{"id":2261,"href":"https:\/\/blogsaverroes.juntadeandalucia.es\/colegio-picasso\/wp-json\/wp\/v2\/pages\/836\/revisions\/2261"}],"wp:attachment":[{"href":"https:\/\/blogsaverroes.juntadeandalucia.es\/colegio-picasso\/wp-json\/wp\/v2\/media?parent=836"}],"curies":[{"name":"wp","href":"https:\/\/api.w.org\/{rel}","templated":true}]}}