{"id":850,"date":"2020-12-18T08:41:27","date_gmt":"2020-12-18T07:41:27","guid":{"rendered":"https:\/\/blogsaverroes.juntadeandalucia.es\/pre\/plantilla-pencil\/?page_id=850"},"modified":"2025-11-13T21:00:53","modified_gmt":"2025-11-13T20:00:53","slug":"planes-y-proyectos","status":"publish","type":"page","link":"https:\/\/blogsaverroes.juntadeandalucia.es\/colegio-picasso\/planes-y-proyectos\/","title":{"rendered":"Planes y Proyectos"},"content":{"rendered":"<p>[et_pb_section fb_built=&#8221;1&#8243; _builder_version=&#8221;4.16&#8243; global_colors_info=&#8221;{}&#8221;][et_pb_row _builder_version=&#8221;4.16&#8243; background_size=&#8221;initial&#8221; background_position=&#8221;top_left&#8221; background_repeat=&#8221;repeat&#8221; global_colors_info=&#8221;{}&#8221;][et_pb_column type=&#8221;4_4&#8243; _builder_version=&#8221;4.16&#8243; custom_padding=&#8221;|||&#8221; global_colors_info=&#8221;{}&#8221; custom_padding__hover=&#8221;|||&#8221;][et_pb_image src=&#8221;https:\/\/blogsaverroes.juntadeandalucia.es\/colegio-picasso\/files\/2025\/11\/planes-y-programas.jpg&#8221; title_text=&#8221;planes y programas&#8221; admin_label=&#8221;Imagen de la portada&#8221; _builder_version=&#8221;4.24.2&#8243; hover_enabled=&#8221;0&#8243; z_index_tablet=&#8221;500&#8243; box_shadow_style=&#8221;preset1&#8243; box_shadow_horizontal_tablet=&#8221;0px&#8221; box_shadow_vertical_tablet=&#8221;0px&#8221; box_shadow_blur_tablet=&#8221;40px&#8221; box_shadow_spread_tablet=&#8221;0px&#8221; global_colors_info=&#8221;{}&#8221; sticky_enabled=&#8221;0&#8243; align=&#8221;center&#8221; force_fullwidth=&#8221;on&#8221; min_height=&#8221;335px&#8221; height=&#8221;367px&#8221; max_height=&#8221;601px&#8221; animation_style=&#8221;fold&#8221; animation_duration=&#8221;1250ms&#8221; animation_delay=&#8221;850ms&#8221; animation_intensity_fold=&#8221;44%&#8221; animation_starting_opacity=&#8221;8%&#8221;][\/et_pb_image][et_pb_text admin_label=&#8221;Texto descriptivo&#8221; _builder_version=&#8221;4.24.2&#8243; width=&#8221;90%&#8221; max_width=&#8221;91%&#8221; module_alignment=&#8221;center&#8221; min_height=&#8221;730px&#8221; height=&#8221;673px&#8221; max_height=&#8221;716px&#8221; custom_padding=&#8221;||0px|||&#8221; z_index_tablet=&#8221;500&#8243; text_text_shadow_horizontal_length_tablet=&#8221;0px&#8221; text_text_shadow_vertical_length_tablet=&#8221;0px&#8221; text_text_shadow_blur_strength_tablet=&#8221;1px&#8221; link_text_shadow_horizontal_length_tablet=&#8221;0px&#8221; link_text_shadow_vertical_length_tablet=&#8221;0px&#8221; link_text_shadow_blur_strength_tablet=&#8221;1px&#8221; ul_text_shadow_horizontal_length_tablet=&#8221;0px&#8221; ul_text_shadow_vertical_length_tablet=&#8221;0px&#8221; ul_text_shadow_blur_strength_tablet=&#8221;1px&#8221; ol_text_shadow_horizontal_length_tablet=&#8221;0px&#8221; ol_text_shadow_vertical_length_tablet=&#8221;0px&#8221; ol_text_shadow_blur_strength_tablet=&#8221;1px&#8221; quote_text_shadow_horizontal_length_tablet=&#8221;0px&#8221; quote_text_shadow_vertical_length_tablet=&#8221;0px&#8221; quote_text_shadow_blur_strength_tablet=&#8221;1px&#8221; header_text_shadow_horizontal_length_tablet=&#8221;0px&#8221; header_text_shadow_vertical_length_tablet=&#8221;0px&#8221; header_text_shadow_blur_strength_tablet=&#8221;1px&#8221; header_2_text_shadow_horizontal_length_tablet=&#8221;0px&#8221; header_2_text_shadow_vertical_length_tablet=&#8221;0px&#8221; header_2_text_shadow_blur_strength_tablet=&#8221;1px&#8221; header_3_text_shadow_horizontal_length_tablet=&#8221;0px&#8221; header_3_text_shadow_vertical_length_tablet=&#8221;0px&#8221; header_3_text_shadow_blur_strength_tablet=&#8221;1px&#8221; header_4_text_shadow_horizontal_length_tablet=&#8221;0px&#8221; header_4_text_shadow_vertical_length_tablet=&#8221;0px&#8221; header_4_text_shadow_blur_strength_tablet=&#8221;1px&#8221; header_5_text_shadow_horizontal_length_tablet=&#8221;0px&#8221; header_5_text_shadow_vertical_length_tablet=&#8221;0px&#8221; header_5_text_shadow_blur_strength_tablet=&#8221;1px&#8221; header_6_text_shadow_horizontal_length_tablet=&#8221;0px&#8221; header_6_text_shadow_vertical_length_tablet=&#8221;0px&#8221; header_6_text_shadow_blur_strength_tablet=&#8221;1px&#8221; box_shadow_horizontal_tablet=&#8221;0px&#8221; box_shadow_vertical_tablet=&#8221;0px&#8221; box_shadow_blur_tablet=&#8221;40px&#8221; box_shadow_spread_tablet=&#8221;0px&#8221; global_colors_info=&#8221;{}&#8221;]<\/p>\n<h2>Planes y Proyectos<\/h2>\n<p>El CEPR Pablo Ruiz Picasso participa en los siguientes planes y proyectos:<\/p>\n<p><strong style=\"font-size: 16px\">1.-<strong><span style=\"font-size: 16px\">TRANSFORMACI\u00d3N DIGITAL DOCENTE<\/span><\/strong><\/strong><\/p>\n<p><strong style=\"font-size: 16px\"><span style=\"font-size: 16px\">2.-PLAN DE IGUALDAD DE G\u00c9NERO EN LA EDUCACI\u00d3N<\/span><\/strong><\/p>\n<p><strong><span style=\"font-size: 16px\">3.-PLAN DE PREVENCI\u00d3N DE LA VIOLENCIA DE G\u00c9NERO<\/span><\/strong><\/p>\n<p><strong><span style=\"font-size: 16px\">4.-PLAN DE APERTURA DE CENTROS DOCENTES<\/span><\/strong><\/p>\n<p><strong><span style=\"font-size: 16px\">5.-PLAN DE SALUD LABORAL Y P.R.L.<\/span><\/strong><\/p>\n<p><strong><span style=\"font-size: 16px\">6.-ORGANIZACI\u00d3N Y FUNCIONAMIENTO DE BIBLIOTECAS ESCOLARES.<\/span><\/strong><\/p>\n<p><strong><span style=\"font-size: 16px\">7.-+EQUIDAD<\/span><\/strong><\/p>\n<p><strong><span style=\"font-size: 16px\">8.-PROGRAMA DE ATENCI\u00d3N SOCIOEDUCATIVA ZT<\/span><\/strong><\/p>\n<p><strong><span style=\"font-size: 16px\">9.- STEAM (Ciencia, Tecnolog\u00eda, ingenier\u00eda, Artes y Matem\u00e1ticas)<\/span><\/strong><\/p>\n<p><strong><span style=\"font-size: 16px\">10.-TRANSFORMACI\u00d3N DIGITAL DOCENTE<\/span><\/strong><\/p>\n<p><strong>11.- EMPRENDIMIENTO EDUCATIVO<\/strong><\/p>\n<p>\u00a0<span style=\"font-size: 16px\"><\/span><\/p>\n<ul>\n<li><a href=\"https:\/\/blogsaverroes.juntadeandalucia.es\/colegio-picasso\/files\/2025\/07\/Unknown-4.png\"><img loading=\"lazy\" decoding=\"async\" class=\"wp-image-1381 alignleft size-thumbnail\" src=\"https:\/\/blogsaverroes.juntadeandalucia.es\/colegio-picasso\/files\/2025\/07\/Unknown-4-150x150.png\" alt=\"\" width=\"100\" height=\"100\" \/><\/a><a href=\"https:\/\/blogsaverroes.juntadeandalucia.es\/colegio-picasso\/files\/2025\/08\/Captura-de-pantalla-2025-08-02-a-las-19.07.54.png\"><img loading=\"lazy\" decoding=\"async\" class=\"wp-image-1522 alignleft size-full\" src=\"https:\/\/blogsaverroes.juntadeandalucia.es\/colegio-picasso\/files\/2025\/08\/Captura-de-pantalla-2025-08-02-a-las-19.07.54.png\" alt=\"\" width=\"333\" height=\"98\" \/><\/a><a href=\"https:\/\/blogsaverroes.juntadeandalucia.es\/colegio-picasso\/files\/2025\/07\/Unknown-2.png\"><img loading=\"lazy\" decoding=\"async\" class=\"wp-image-1377 alignleft size-thumbnail\" src=\"https:\/\/blogsaverroes.juntadeandalucia.es\/colegio-picasso\/files\/2025\/07\/Unknown-2-150x150.png\" alt=\"\" width=\"93\" height=\"93\" \/><\/a><a href=\"https:\/\/blogsaverroes.juntadeandalucia.es\/colegio-picasso\/files\/2025\/07\/Unknown-3.png\"><img loading=\"lazy\" decoding=\"async\" class=\"wp-image-1380 alignleft size-full\" src=\"https:\/\/blogsaverroes.juntadeandalucia.es\/colegio-picasso\/files\/2025\/07\/Unknown-3.png\" alt=\"\" width=\"177\" height=\"99\" \/><\/a><a style=\"box-shadow: #bfe6ff 0px 0px 0px 1px\" href=\"https:\/\/blogsaverroes.juntadeandalucia.es\/colegio-picasso\/files\/2025\/07\/Unknown-1.jpeg\"><img loading=\"lazy\" decoding=\"async\" class=\"wp-image-1374 alignleft size-full\" style=\"margin-left: auto;margin-right: auto\" src=\"https:\/\/blogsaverroes.juntadeandalucia.es\/colegio-picasso\/files\/2025\/07\/Unknown-1.jpeg\" alt=\"\" width=\"137\" height=\"110\" \/><\/a><\/li>\n<li><\/li>\n<\/ul>\n<p>[\/et_pb_text][\/et_pb_column][\/et_pb_row][et_pb_row _builder_version=&#8221;4.24.2&#8243; _module_preset=&#8221;default&#8221; background_color=&#8221;#7CDA24&#8243; background_enable_pattern_style=&#8221;on&#8221; background_pattern_style=&#8221;confetti&#8221; background_enable_mask_style=&#8221;on&#8221; background_mask_style=&#8221;wave&#8221; hover_enabled=&#8221;0&#8243; global_colors_info=&#8221;{}&#8221; sticky_enabled=&#8221;0&#8243; width=&#8221;98%&#8221; max_width=&#8221;1233px&#8221; module_alignment=&#8221;center&#8221; min_height=&#8221;111px&#8221; height=&#8221;133px&#8221;][et_pb_column type=&#8221;4_4&#8243; _builder_version=&#8221;4.24.2&#8243; _module_preset=&#8221;default&#8221; global_colors_info=&#8221;{}&#8221;][\/et_pb_column][\/et_pb_row][\/et_pb_section]<\/p>\n","protected":false},"excerpt":{"rendered":"<p>Planes y Proyectos El CEPR Pablo Ruiz Picasso participa en los siguientes planes y proyectos: 1.-TRANSFORMACI\u00d3N DIGITAL DOCENTE 2.-PLAN DE IGUALDAD DE G\u00c9NERO EN LA EDUCACI\u00d3N 3.-PLAN DE PREVENCI\u00d3N DE LA VIOLENCIA DE G\u00c9NERO 4.-PLAN DE APERTURA DE CENTROS DOCENTES 5.-PLAN DE SALUD LABORAL Y P.R.L. 6.-ORGANIZACI\u00d3N Y FUNCIONAMIENTO DE BIBLIOTECAS ESCOLARES. 7.-+EQUIDAD 8.-PROGRAMA DE [&hellip;]<\/p>\n","protected":false},"author":19291,"featured_media":0,"parent":0,"menu_order":0,"comment_status":"closed","ping_status":"closed","template":"","meta":{"_et_pb_use_builder":"on","_et_pb_old_content":"","_et_gb_content_width":"","ngg_post_thumbnail":0,"footnotes":""},"aioseo_notices":[],"_links":{"self":[{"href":"https:\/\/blogsaverroes.juntadeandalucia.es\/colegio-picasso\/wp-json\/wp\/v2\/pages\/850"}],"collection":[{"href":"https:\/\/blogsaverroes.juntadeandalucia.es\/colegio-picasso\/wp-json\/wp\/v2\/pages"}],"about":[{"href":"https:\/\/blogsaverroes.juntadeandalucia.es\/colegio-picasso\/wp-json\/wp\/v2\/types\/page"}],"author":[{"embeddable":true,"href":"https:\/\/blogsaverroes.juntadeandalucia.es\/colegio-picasso\/wp-json\/wp\/v2\/users\/19291"}],"replies":[{"embeddable":true,"href":"https:\/\/blogsaverroes.juntadeandalucia.es\/colegio-picasso\/wp-json\/wp\/v2\/comments?post=850"}],"version-history":[{"count":26,"href":"https:\/\/blogsaverroes.juntadeandalucia.es\/colegio-picasso\/wp-json\/wp\/v2\/pages\/850\/revisions"}],"predecessor-version":[{"id":2531,"href":"https:\/\/blogsaverroes.juntadeandalucia.es\/colegio-picasso\/wp-json\/wp\/v2\/pages\/850\/revisions\/2531"}],"wp:attachment":[{"href":"https:\/\/blogsaverroes.juntadeandalucia.es\/colegio-picasso\/wp-json\/wp\/v2\/media?parent=850"}],"curies":[{"name":"wp","href":"https:\/\/api.w.org\/{rel}","templated":true}]}}