{"id":853,"date":"2025-08-01T08:50:47","date_gmt":"2025-08-01T07:50:47","guid":{"rendered":"https:\/\/blogsaverroes.juntadeandalucia.es\/pre\/plantilla-pencil\/?page_id=853"},"modified":"2025-08-25T17:57:20","modified_gmt":"2025-08-25T16:57:20","slug":"nuestra-historia","status":"publish","type":"page","link":"https:\/\/blogsaverroes.juntadeandalucia.es\/colegio-picasso\/nuestra-historia\/","title":{"rendered":"Nuestra Historia"},"content":{"rendered":"<p>[et_pb_section fb_built=&#8221;1&#8243; _builder_version=&#8221;4.16&#8243; global_colors_info=&#8221;{}&#8221;][et_pb_row _builder_version=&#8221;4.16&#8243; background_size=&#8221;initial&#8221; background_position=&#8221;top_left&#8221; background_repeat=&#8221;repeat&#8221; global_colors_info=&#8221;{}&#8221;][et_pb_column type=&#8221;4_4&#8243; _builder_version=&#8221;4.16&#8243; custom_padding=&#8221;|||&#8221; global_colors_info=&#8221;{}&#8221; custom_padding__hover=&#8221;|||&#8221;][et_pb_image src=&#8221;https:\/\/blogsaverroes.juntadeandalucia.es\/colegio-picasso\/files\/2025\/08\/libro-con-fondo-de-tablero-verde-300&#215;200.jpg&#8221; title_text=&#8221;book with green board background&#8221; align=&#8221;center&#8221; _builder_version=&#8221;4.24.2&#8243; _module_preset=&#8221;default&#8221; background_color=&#8221;rgba(36,135,115,0.82)&#8221; background_enable_pattern_style=&#8221;on&#8221; background_pattern_style=&#8221;confetti&#8221; width=&#8221;100%&#8221; max_width=&#8221;89%&#8221; max_width_tablet=&#8221;93%&#8221; max_width_phone=&#8221;80%&#8221; max_width_last_edited=&#8221;on|phone&#8221; module_alignment=&#8221;center&#8221; min_height=&#8221;199px&#8221; height=&#8221;187px&#8221; max_height=&#8221;254px&#8221; hover_enabled=&#8221;0&#8243; module_alignment_last_edited=&#8221;off|phone&#8221; box_shadow_style=&#8221;preset1&#8243; global_colors_info=&#8221;{}&#8221; sticky_enabled=&#8221;0&#8243;][\/et_pb_image][et_pb_text _builder_version=&#8221;4.24.2&#8243; _module_preset=&#8221;default&#8221; text_font_size=&#8221;1px&#8221; text_orientation=&#8221;justified&#8221; width=&#8221;72%&#8221; max_width=&#8221;81%&#8221; module_alignment=&#8221;center&#8221; min_height=&#8221;762px&#8221; height=&#8221;801px&#8221; max_height=&#8221;251px&#8221; custom_margin=&#8221;||3px|||&#8221; custom_padding=&#8221;||0px|||&#8221; hover_enabled=&#8221;0&#8243; module_alignment_tablet=&#8221;center&#8221; module_alignment_phone=&#8221;center&#8221; module_alignment_last_edited=&#8221;on|desktop&#8221; global_colors_info=&#8221;{}&#8221; sticky_enabled=&#8221;0&#8243;]<\/p>\n<h2 style=\"text-align: justify\">\u00a0 \u00a0 \u00a0 \u00a0 \u00a0NUESTR0 CENTRO<\/h2>\n<ul>\n<li style=\"text-align: justify\"><a href=\"https:\/\/blogsaverroes.juntadeandalucia.es\/colegio-picasso\/files\/2024\/10\/history_3655576.png\">\u00a0 <\/a><span style=\"font-family: verdana, geneva, sans-serif;font-size: 12pt\">El colegio \u201cPablo Ruiz Picasso\u201d se crea en el a\u00f1o 1979, y su construcci\u00f3n se enmarca<\/span><span style=\"font-size: 12pt\">\u00a0 <\/span><span style=\"font-family: verdana, geneva, sans-serif;font-size: 12pt\">dentro de los primeros planes educativos de la democracia espa\u00f1ola que tienen como<\/span> <span style=\"font-family: verdana, geneva, sans-serif;font-size: 12pt\">primer prop\u00f3sito la ampliaci\u00f3n de los puestos escolares con el fin de atender a mayor<\/span> <span style=\"font-family: verdana, geneva, sans-serif;font-size: 12pt\">n\u00famero de poblaci\u00f3n escolar. Con el fin de atender a una amplia poblaci\u00f3n se sit\u00faa en la<\/span> <span style=\"font-family: verdana, geneva, sans-serif;font-size: 12pt\">encrucijada de varios barrios cercanos al centro de M\u00e1laga d\u00f3nde se sit\u00faa la zona<\/span> <span style=\"font-family: verdana, geneva, sans-serif;font-size: 12pt\">comercial de M\u00e1rmoles-Mart\u00ednez Maldonado y la zona residencial de la Avda. de<\/span> <span style=\"font-family: verdana, geneva, sans-serif;font-size: 12pt\">Andaluc\u00eda y sus calles adyacentes. Concentr\u00e1ndose una zona de clase media y clase<\/span> <span style=\"font-family: verdana, geneva, sans-serif;font-size: 12pt\">media-alta. Se destaca tambi\u00e9n una zona minoritaria de concentraci\u00f3n de inmigrantes de<\/span> <span style=\"font-family: verdana, geneva, sans-serif;font-size: 12pt\">varios or\u00edgenes, en su mayor\u00eda norteafricanos, perteneciente a una calle lim\u00edtrofe con el<\/span> <span style=\"font-family: verdana, geneva, sans-serif;font-size: 12pt\">propio colegio. Domina una gran actividad comercial, econ\u00f3mica y administrativas y<\/span> <span style=\"font-family: verdana, geneva, sans-serif;font-size: 12pt\">sus calles est\u00e1n pobladas de tiendas de todo tipo y establecimientos de servicios,<\/span> <span style=\"font-family: verdana, geneva, sans-serif;font-size: 12pt\">organismos oficiales, las m\u00e1s importantes entidades bancarias, centros comerciales,<\/span><br \/><span style=\"font-family: verdana, geneva, sans-serif;font-size: 12pt\">agencias de viajes, compa\u00f1\u00edas de seguros, asesor\u00edas, despachos y consultas de<\/span> <span style=\"font-family: verdana, geneva, sans-serif;font-size: 12pt\">profesionales libres (Hacienda, Unicaja, Banco de Santander, Caja Madrid, El Corte Ingl\u00e9s,<\/span> <span style=\"font-family: verdana, geneva, sans-serif;font-size: 12pt\">Centro Larios, entre otros.)<\/span><\/li>\n<\/ul>\n<p style=\"text-align: justify\"><span style=\"font-family: verdana, geneva, sans-serif;font-size: 12pt\">Como entidad cultural importante se\u00f1alamos, muy cerca en calle Mart\u00ednez Maldonado la<\/span> <span style=\"font-family: verdana, geneva, sans-serif;font-size: 12pt\">nueva Biblioteca Municipal \u201cMiguel de Cervantes\u201d del distrito Trinidad, que desarrolla<\/span> <span style=\"font-family: verdana, geneva, sans-serif;font-size: 12pt\">planes educativos de animaci\u00f3n a la lectura conjuntamente con el Colegio.<\/span><br \/><span style=\"font-family: verdana, geneva, sans-serif;font-size: 12pt\">La cercan\u00eda con el centro de la ciudad le ofrece una gran facilidad en la utilizaci\u00f3n de los<\/span> <span style=\"font-family: verdana, geneva, sans-serif;font-size: 12pt\">recursos hist\u00f3ricos-art\u00edsticos del patrimonio cultural de la ciudad, a los que el centro<\/span> <span style=\"font-family: verdana, geneva, sans-serif;font-size: 12pt\">acude frecuentemente a trav\u00e9s de los programas educativos del Ayuntamiento y otras<\/span> <span style=\"font-family: verdana, geneva, sans-serif;font-size: 12pt\">entidades.<\/span><\/p>\n<p style=\"text-align: justify\"><span style=\"font-family: verdana, geneva, sans-serif;font-size: 12pt\">Los servicios sanitarios p\u00fablicos m\u00e1s pr\u00f3ximos son el Centro de Salud \u201cJes\u00fas Cautivo\u201d en<\/span> <span style=\"font-family: verdana, geneva, sans-serif;font-size: 12pt\">calle Sevilla, y los hospitales Civil y Materno-Infantil de la ciudad sanitaria Carlos Haya.<\/span><\/p>\n<p>[\/et_pb_text][\/et_pb_column][\/et_pb_row][et_pb_row _builder_version=&#8221;4.24.2&#8243; _module_preset=&#8221;default&#8221; background_color=&#8221;#12876F&#8221; background_enable_pattern_style=&#8221;on&#8221; background_pattern_style=&#8221;confetti&#8221; background_enable_mask_style=&#8221;on&#8221; background_mask_style=&#8221;wave&#8221; global_colors_info=&#8221;{}&#8221;][et_pb_column type=&#8221;4_4&#8243; _builder_version=&#8221;4.24.2&#8243; _module_preset=&#8221;default&#8221; global_colors_info=&#8221;{}&#8221;][\/et_pb_column][\/et_pb_row][\/et_pb_section]<\/p>\n","protected":false},"excerpt":{"rendered":"<p>\u00a0 \u00a0 \u00a0 \u00a0 \u00a0NUESTR0 CENTRO \u00a0 El colegio \u201cPablo Ruiz Picasso\u201d se crea en el a\u00f1o 1979, y su construcci\u00f3n se enmarca\u00a0 dentro de los primeros planes educativos de la democracia espa\u00f1ola que tienen como primer prop\u00f3sito la ampliaci\u00f3n de los puestos escolares con el fin de atender a mayor n\u00famero de poblaci\u00f3n escolar. [&hellip;]<\/p>\n","protected":false},"author":19291,"featured_media":0,"parent":0,"menu_order":0,"comment_status":"closed","ping_status":"closed","template":"","meta":{"_et_pb_use_builder":"on","_et_pb_old_content":"<p>\u00a0<\/p><p style=\"text-align: left;\"><a href=\"https:\/\/blogsaverroes.juntadeandalucia.es\/colegio-picasso\/files\/2024\/10\/history_3655576.png\">\u00a0 <\/a><span style=\"font-family: verdana, geneva, sans-serif; font-size: 12pt;\">El colegio \u201cPablo Ruiz Picasso\u201d se crea en el a\u00f1o 1979, y su construcci\u00f3n se enmarca<\/span><br><span style=\"font-family: verdana, geneva, sans-serif; font-size: 12pt;\">dentro de los primeros planes educativos de la democracia espa\u00f1ola que tienen como<\/span><br><span style=\"font-family: verdana, geneva, sans-serif; font-size: 12pt;\">primer prop\u00f3sito la ampliaci\u00f3n de los puestos escolares con el fin de atender a mayor<\/span><br><span style=\"font-family: verdana, geneva, sans-serif; font-size: 12pt;\">n\u00famero de poblaci\u00f3n escolar.Con el fin de atender a una amplia poblaci\u00f3n se sit\u00faa en la<\/span><br><span style=\"font-family: verdana, geneva, sans-serif; font-size: 12pt;\">encrucijada de varios barrios cercanos al centro de M\u00e1laga d\u00f3nde se sit\u00faa la zona<\/span><br><span style=\"font-family: verdana, geneva, sans-serif; font-size: 12pt;\">comercial de M\u00e1rmoles-Mart\u00ednez Maldonado y la zona residencial de la Avda. de<\/span><br><span style=\"font-family: verdana, geneva, sans-serif; font-size: 12pt;\">Andaluc\u00eda y sus calles adyacentes. Concentr\u00e1ndose una zona de clase media y clase<\/span><br><span style=\"font-family: verdana, geneva, sans-serif; font-size: 12pt;\">media-alta. Se destaca tambi\u00e9n una zona minoritaria de concentraci\u00f3n de inmigrantes de<\/span><br><span style=\"font-family: verdana, geneva, sans-serif; font-size: 12pt;\">varios or\u00edgenes, en su mayor\u00eda norteafricanos, perteneciente a una calle lim\u00edtrofe con el<\/span><br><span style=\"font-family: verdana, geneva, sans-serif; font-size: 12pt;\">propio colegio. Domina una gran actividad comercial, econ\u00f3mica y administrativas y<\/span><br><span style=\"font-family: verdana, geneva, sans-serif; font-size: 12pt;\">sus calles est\u00e1n pobladas de tiendas de todo tipo y establecimientos de servicios,<\/span><br><span style=\"font-family: verdana, geneva, sans-serif; font-size: 12pt;\">organismos oficiales, las m\u00e1s importantes entidades bancarias, centros comerciales,<\/span><br><span style=\"font-family: verdana, geneva, sans-serif; font-size: 12pt;\">agencias de viajes, compa\u00f1\u00edas de seguros, asesor\u00edas, despachos y consultas de<\/span><br><span style=\"font-family: verdana, geneva, sans-serif; font-size: 12pt;\">profesionales libres (Hacienda, Unicaja, Banco de Santander, Caja Madrid, El Corte Ingl\u00e9s,<\/span><br><span style=\"font-family: verdana, geneva, sans-serif; font-size: 12pt;\">Centro Larios, entre otros.)<\/span><\/p><p style=\"text-align: left;\"><br><span style=\"font-family: verdana, geneva, sans-serif; font-size: 12pt;\">Como entidad cultural importante se\u00f1alamos, muy cerca en calle Mart\u00ednez Maldonado la<\/span><br><span style=\"font-family: verdana, geneva, sans-serif; font-size: 12pt;\">nueva Biblioteca Municipal \u201cMiguel de Cervantes\u201d del distrito Trinidad, que desarrolla<\/span><br><span style=\"font-family: verdana, geneva, sans-serif; font-size: 12pt;\">planes educativos de animaci\u00f3n a la lectura conjuntamente con el Colegio.<\/span><br><span style=\"font-family: verdana, geneva, sans-serif; font-size: 12pt;\">La cercan\u00eda con el centro de la ciudad le ofrece una gran facilidad en la utilizaci\u00f3n de los<\/span><br><span style=\"font-family: verdana, geneva, sans-serif; font-size: 12pt;\">recursos hist\u00f3ricos-art\u00edsticos del patrimonio cultural de la ciudad, a los que el centro<\/span><br><span style=\"font-family: verdana, geneva, sans-serif; font-size: 12pt;\">acude frecuentemente a trav\u00e9s de los programas educativos del Ayuntamiento y otras<\/span><br><span style=\"font-family: verdana, geneva, sans-serif; font-size: 12pt;\">entidades.<\/span><\/p><p style=\"text-align: left;\"><br><span style=\"font-family: verdana, geneva, sans-serif; font-size: 12pt;\">Los servicios sanitarios p\u00fablicos m\u00e1s pr\u00f3ximos son el Centro de Salud \u201cJes\u00fas Cautivo\u201d en<\/span><br><span style=\"font-family: verdana, geneva, sans-serif; font-size: 12pt;\">calle Sevilla, y los hospitales Civil y Materno-Infantil de la ciudad sanitaria Carlos Haya.<\/span><\/p><p style=\"text-align: left;\">\u00a0<\/p>","_et_gb_content_width":"","ngg_post_thumbnail":0,"footnotes":""},"aioseo_notices":[],"_links":{"self":[{"href":"https:\/\/blogsaverroes.juntadeandalucia.es\/colegio-picasso\/wp-json\/wp\/v2\/pages\/853"}],"collection":[{"href":"https:\/\/blogsaverroes.juntadeandalucia.es\/colegio-picasso\/wp-json\/wp\/v2\/pages"}],"about":[{"href":"https:\/\/blogsaverroes.juntadeandalucia.es\/colegio-picasso\/wp-json\/wp\/v2\/types\/page"}],"author":[{"embeddable":true,"href":"https:\/\/blogsaverroes.juntadeandalucia.es\/colegio-picasso\/wp-json\/wp\/v2\/users\/19291"}],"replies":[{"embeddable":true,"href":"https:\/\/blogsaverroes.juntadeandalucia.es\/colegio-picasso\/wp-json\/wp\/v2\/comments?post=853"}],"version-history":[{"count":33,"href":"https:\/\/blogsaverroes.juntadeandalucia.es\/colegio-picasso\/wp-json\/wp\/v2\/pages\/853\/revisions"}],"predecessor-version":[{"id":2302,"href":"https:\/\/blogsaverroes.juntadeandalucia.es\/colegio-picasso\/wp-json\/wp\/v2\/pages\/853\/revisions\/2302"}],"wp:attachment":[{"href":"https:\/\/blogsaverroes.juntadeandalucia.es\/colegio-picasso\/wp-json\/wp\/v2\/media?parent=853"}],"curies":[{"name":"wp","href":"https:\/\/api.w.org\/{rel}","templated":true}]}}