{"id":871,"date":"2020-12-18T08:57:29","date_gmt":"2020-12-18T07:57:29","guid":{"rendered":"https:\/\/blogsaverroes.juntadeandalucia.es\/pre\/plantilla-pencil\/?page_id=871"},"modified":"2026-02-06T21:40:54","modified_gmt":"2026-02-06T20:40:54","slug":"comedor-escolar","status":"publish","type":"page","link":"https:\/\/blogsaverroes.juntadeandalucia.es\/colegio-picasso\/comedor-escolar\/","title":{"rendered":"Comedor escolar"},"content":{"rendered":"<p>[et_pb_section fb_built=&#8221;1&#8243; _builder_version=&#8221;4.16&#8243; custom_padding=&#8221;0px||0px|&#8221; z_index_tablet=&#8221;500&#8243; box_shadow_horizontal_tablet=&#8221;0px&#8221; box_shadow_vertical_tablet=&#8221;0px&#8221; box_shadow_blur_tablet=&#8221;40px&#8221; box_shadow_spread_tablet=&#8221;0px&#8221; global_colors_info=&#8221;{}&#8221;][et_pb_row _builder_version=&#8221;4.16&#8243; background_position=&#8221;top_left&#8221; background_repeat=&#8221;repeat&#8221; global_colors_info=&#8221;{}&#8221;][et_pb_column type=&#8221;4_4&#8243; _builder_version=&#8221;4.16&#8243; custom_padding=&#8221;|||&#8221; global_colors_info=&#8221;{}&#8221; custom_padding__hover=&#8221;|||&#8221;][et_pb_image src=&#8221;https:\/\/blogsaverroes.juntadeandalucia.es\/colegio-picasso\/files\/2025\/07\/Unknown-6.png&#8221; title_text=&#8221;Unknown-6&#8243; align=&#8221;center&#8221; admin_label=&#8221;Imagen de la portada&#8221; _builder_version=&#8221;4.24.2&#8243; background_color=&#8221;#E01F45&#8243; background_enable_pattern_style=&#8221;on&#8221; background_pattern_style=&#8221;confetti&#8221; width=&#8221;94%&#8221; width_tablet=&#8221;94%&#8221; width_phone=&#8221;91%&#8221; width_last_edited=&#8221;on|phone&#8221; max_width=&#8221;80%&#8221; module_alignment=&#8221;center&#8221; min_height=&#8221;258px&#8221; height=&#8221;313px&#8221; max_height=&#8221;300px&#8221; z_index_tablet=&#8221;500&#8243; box_shadow_style=&#8221;preset1&#8243; box_shadow_horizontal_tablet=&#8221;0px&#8221; box_shadow_vertical_tablet=&#8221;0px&#8221; box_shadow_blur_tablet=&#8221;40px&#8221; box_shadow_spread_tablet=&#8221;0px&#8221; global_colors_info=&#8221;{}&#8221;][\/et_pb_image][et_pb_text admin_label=&#8221;Texto descriptivo&#8221; _builder_version=&#8221;4.24.2&#8243; width=&#8221;87%&#8221; width_tablet=&#8221;87%&#8221; width_phone=&#8221;100%&#8221; width_last_edited=&#8221;on|phone&#8221; max_width=&#8221;100%&#8221; module_alignment=&#8221;center&#8221; min_height=&#8221;100px&#8221; max_height=&#8221;964px&#8221; z_index_tablet=&#8221;500&#8243; text_text_shadow_horizontal_length_tablet=&#8221;0px&#8221; text_text_shadow_vertical_length_tablet=&#8221;0px&#8221; text_text_shadow_blur_strength_tablet=&#8221;1px&#8221; link_text_shadow_horizontal_length_tablet=&#8221;0px&#8221; link_text_shadow_vertical_length_tablet=&#8221;0px&#8221; link_text_shadow_blur_strength_tablet=&#8221;1px&#8221; ul_text_shadow_horizontal_length_tablet=&#8221;0px&#8221; ul_text_shadow_vertical_length_tablet=&#8221;0px&#8221; ul_text_shadow_blur_strength_tablet=&#8221;1px&#8221; ol_text_shadow_horizontal_length_tablet=&#8221;0px&#8221; ol_text_shadow_vertical_length_tablet=&#8221;0px&#8221; ol_text_shadow_blur_strength_tablet=&#8221;1px&#8221; quote_text_shadow_horizontal_length_tablet=&#8221;0px&#8221; quote_text_shadow_vertical_length_tablet=&#8221;0px&#8221; quote_text_shadow_blur_strength_tablet=&#8221;1px&#8221; header_text_shadow_horizontal_length_tablet=&#8221;0px&#8221; header_text_shadow_vertical_length_tablet=&#8221;0px&#8221; header_text_shadow_blur_strength_tablet=&#8221;1px&#8221; header_2_text_shadow_horizontal_length_tablet=&#8221;0px&#8221; header_2_text_shadow_vertical_length_tablet=&#8221;0px&#8221; header_2_text_shadow_blur_strength_tablet=&#8221;1px&#8221; header_3_text_shadow_horizontal_length_tablet=&#8221;0px&#8221; header_3_text_shadow_vertical_length_tablet=&#8221;0px&#8221; header_3_text_shadow_blur_strength_tablet=&#8221;1px&#8221; header_4_text_shadow_horizontal_length_tablet=&#8221;0px&#8221; header_4_text_shadow_vertical_length_tablet=&#8221;0px&#8221; header_4_text_shadow_blur_strength_tablet=&#8221;1px&#8221; header_5_text_shadow_horizontal_length_tablet=&#8221;0px&#8221; header_5_text_shadow_vertical_length_tablet=&#8221;0px&#8221; header_5_text_shadow_blur_strength_tablet=&#8221;1px&#8221; header_6_text_shadow_horizontal_length_tablet=&#8221;0px&#8221; header_6_text_shadow_vertical_length_tablet=&#8221;0px&#8221; header_6_text_shadow_blur_strength_tablet=&#8221;1px&#8221; box_shadow_horizontal_tablet=&#8221;0px&#8221; box_shadow_vertical_tablet=&#8221;0px&#8221; box_shadow_blur_tablet=&#8221;40px&#8221; box_shadow_spread_tablet=&#8221;0px&#8221; global_colors_info=&#8221;{}&#8221;]<\/p>\n<h2>\u00a0Comedor Escolar<\/h2>\n<p id=\"yui_patched_v3_11_0_1_1724140757882_1950\">Los centros docentes p\u00fablicos prestan el servicio de comedor escolar para el alumnado del segundo ciclo de educaci\u00f3n infantil, de educaci\u00f3n primaria, de educaci\u00f3n secundaria obligatoria y de educaci\u00f3n especial durante un tiempo m\u00e1ximo de dos horas a partir de la finalizaci\u00f3n de la jornada lectiva de ma\u00f1ana, de 14.00 a 16:00 horas. El horario de este servicio proporciona a los padres y a las madres un apoyo que les permite compatibilizar sus obligaciones familiares y profesionales, por tanto, los comedores escolares constituyen un servicio complementario de gran utilidad para conciliar la vida laboral y familiar. Son, adem\u00e1s, una pieza importante en todas las medidas dirigidas a mejorar los h\u00e1bitos alimenticios de los ni\u00f1os y ni\u00f1as y prevenir problemas de salud como la obesidad.<\/p>\n<p>En la organizaci\u00f3n del servicio de comedor escolar, los centros docentes consideran la atenci\u00f3n al alumnado usuario, tanto en el tiempo destinado a la comida, como en los per\u00edodos inmediatamente anteriores y posteriores a la misma, todo ello en el marco de la concepci\u00f3n educativa integral que tiene este servicio en los centros. La gesti\u00f3n diaria del servicio se realiza teniendo en cuenta el aforo y el n\u00famero de comensales que hacen uso de dicho servicio.El servicio de comedor escolar se solicita en el mes de junio en la matriculaci\u00f3n del alumnado y la solicitud de bonificaciones al precio p\u00fablico de dicho servicio se realiza a principios del mes de septiembre para posibilitar que los ingresos de referencia para el c\u00e1lculo de la bonificaci\u00f3n sea el del a\u00f1o inmediatamente anterior, y adecuarse en lo posible a la capacidad econ\u00f3mica real de las familias.<\/p>\n<p>Los men\u00fas que se sirven en los comedores escolares p\u00fablicos siguen las recomendaciones de los organismos responsables en materia de sanidad en cuanto a alimentaci\u00f3n saludable, por lo que se puede afirmar que la situaci\u00f3n de los comedores escolares de Andaluc\u00eda es ejemplar desde el punto de vista nutricional.<\/p>\n<p>[\/et_pb_text][et_pb_blurb url=&#8221;https:\/\/www.juntadeandalucia.es\/educacion\/portales\/familias\/servicios-complementarios&#8221; url_new_window=&#8221;on&#8221; image=&#8221;https:\/\/blogsaverroes.juntadeandalucia.es\/colegio-picasso\/files\/2025\/08\/buscar-e1755293986557.png&#8221; _builder_version=&#8221;4.24.2&#8243; _module_preset=&#8221;default&#8221; global_colors_info=&#8221;{}&#8221;][\/et_pb_blurb][\/et_pb_column][\/et_pb_row][et_pb_row _builder_version=&#8221;4.24.2&#8243; _module_preset=&#8221;default&#8221; background_color=&#8221;rgba(224,49,40,0.87)&#8221; background_enable_pattern_style=&#8221;on&#8221; background_pattern_style=&#8221;confetti&#8221; background_enable_mask_style=&#8221;on&#8221; background_mask_style=&#8221;wave&#8221; global_colors_info=&#8221;{}&#8221;][et_pb_column type=&#8221;4_4&#8243; _builder_version=&#8221;4.24.2&#8243; _module_preset=&#8221;default&#8221; global_colors_info=&#8221;{}&#8221;][\/et_pb_column][\/et_pb_row][\/et_pb_section]<\/p>\n","protected":false},"excerpt":{"rendered":"<p>\u00a0Comedor Escolar Los centros docentes p\u00fablicos prestan el servicio de comedor escolar para el alumnado del segundo ciclo de educaci\u00f3n infantil, de educaci\u00f3n primaria, de educaci\u00f3n secundaria obligatoria y de educaci\u00f3n especial durante un tiempo m\u00e1ximo de dos horas a partir de la finalizaci\u00f3n de la jornada lectiva de ma\u00f1ana, de 14.00 a 16:00 horas. [&hellip;]<\/p>\n","protected":false},"author":19291,"featured_media":0,"parent":0,"menu_order":0,"comment_status":"closed","ping_status":"closed","template":"","meta":{"_et_pb_use_builder":"on","_et_pb_old_content":"","_et_gb_content_width":"","ngg_post_thumbnail":0,"footnotes":""},"aioseo_notices":[],"_links":{"self":[{"href":"https:\/\/blogsaverroes.juntadeandalucia.es\/colegio-picasso\/wp-json\/wp\/v2\/pages\/871"}],"collection":[{"href":"https:\/\/blogsaverroes.juntadeandalucia.es\/colegio-picasso\/wp-json\/wp\/v2\/pages"}],"about":[{"href":"https:\/\/blogsaverroes.juntadeandalucia.es\/colegio-picasso\/wp-json\/wp\/v2\/types\/page"}],"author":[{"embeddable":true,"href":"https:\/\/blogsaverroes.juntadeandalucia.es\/colegio-picasso\/wp-json\/wp\/v2\/users\/19291"}],"replies":[{"embeddable":true,"href":"https:\/\/blogsaverroes.juntadeandalucia.es\/colegio-picasso\/wp-json\/wp\/v2\/comments?post=871"}],"version-history":[{"count":28,"href":"https:\/\/blogsaverroes.juntadeandalucia.es\/colegio-picasso\/wp-json\/wp\/v2\/pages\/871\/revisions"}],"predecessor-version":[{"id":2474,"href":"https:\/\/blogsaverroes.juntadeandalucia.es\/colegio-picasso\/wp-json\/wp\/v2\/pages\/871\/revisions\/2474"}],"wp:attachment":[{"href":"https:\/\/blogsaverroes.juntadeandalucia.es\/colegio-picasso\/wp-json\/wp\/v2\/media?parent=871"}],"curies":[{"name":"wp","href":"https:\/\/api.w.org\/{rel}","templated":true}]}}