{"id":1089,"date":"2024-10-01T16:45:36","date_gmt":"2024-10-01T15:45:36","guid":{"rendered":"https:\/\/blogsaverroes.juntadeandalucia.es\/colegioacapulco\/?page_id=1089"},"modified":"2024-10-27T14:53:23","modified_gmt":"2024-10-27T13:53:23","slug":"secretaria","status":"publish","type":"page","link":"https:\/\/blogsaverroes.juntadeandalucia.es\/colegioacapulco\/secretaria\/","title":{"rendered":"Secretar\u00eda"},"content":{"rendered":"<h1>&nbsp;<\/h1>\n<h1 style=\"text-align: center\"><span style=\"text-decoration: underline;font-size: 24pt;color: #0000ff\"><strong>IMPRESOS HABITUALES<\/strong><\/span><\/h1>\n<p>&nbsp;<\/p>\n<p style=\"text-align: center\"><span style=\"font-size: 18pt;color: #000000\"><strong>Aqu\u00ed &nbsp;podr\u00e1s descargar todos los impresos m\u00e1s comunes para los tr\u00e1mites m\u00e1s habituales en nuestro centro:<\/strong><\/span><\/p>\n<p><strong><span style=\"font-size: 24pt;color: #000000\">1) <span style=\"font-size: 18pt\">ANEXO II:<\/span>&nbsp; &nbsp; &nbsp;<span style=\"color: #3366ff;font-size: 12pt\"><a style=\"color: #3366ff;text-decoration: underline\" href=\"https:\/\/blogsaverroes.juntadeandalucia.es\/colegioacapulco\/files\/2024\/10\/1-ANEXO-II-SOLICITUD-COMEDOR-AULA-MATINAL-Y-EXTRAESCOLARES-1.pdf\">SOLICITUD <span style=\"color: #3366ff\">COMEDOR-<\/span> AULA MATINAL-ACT. EXTRAESCOLARES<\/a><\/span><\/span><\/strong><\/p>\n<p>&nbsp;<\/p>\n<p><strong><span style=\"font-size: 24pt;color: #000000\">2) <span style=\"font-size: 18pt\">SOLICITUD: <span style=\"font-size: 12pt\">&nbsp; <\/span><\/span><\/span><span style=\"text-decoration: underline;font-size: 12pt\"><span style=\"color: #000000\"><span style=\"color: #ff0000\"><a style=\"color: #ff0000;text-decoration: underline\" href=\"https:\/\/blogsaverroes.juntadeandalucia.es\/colegioacapulco\/files\/2024\/10\/2-SOLICITUD-BAJA-COMEDOR-AULA-MAT-ACT.-EXTRAESCOLARES-1.pdf\">BAJA COMEDOR-AULA MAT-ACT. EXTRAESCOLARES<\/a><\/span><\/span><\/span><\/strong><\/p>\n<p>&nbsp;<\/p>\n<p><strong><span style=\"font-size: 24pt;color: #000000\">3) <span style=\"font-size: 18pt\">ANEXO V:&nbsp; &nbsp; &nbsp; <span style=\"text-decoration: underline;font-size: 12pt\"><span style=\"color: #3366ff\"><a style=\"color: #3366ff;text-decoration: underline\" href=\"https:\/\/blogsaverroes.juntadeandalucia.es\/colegioacapulco\/files\/2024\/10\/3-ANEXO-V-BONIFICACION-COMEDOR-AULA-MATINAL-Y-EXTRAESCOLARES.pdf\">BONIFICACION COMEDOR AULA MATINAL Y EXTRAESCOLARES<\/a><\/span><\/span><\/span><\/span><\/strong><\/p>\n<p>&nbsp;<\/p>\n<p><strong><span style=\"font-size: 24pt;color: #000000\">4) <span style=\"font-size: 18pt\">ANEXO IX:&nbsp; <a href=\"https:\/\/blogsaverroes.juntadeandalucia.es\/colegioacapulco\/files\/2024\/10\/4-ANEXO-IX-SOLICITUD-ADMISION-EXTRAORDINARIA-DURANTE-EL-CURSO.pdf\">&nbsp; <span style=\"text-decoration: underline;font-size: 12pt\"><span style=\"color: #3366ff;text-decoration: underline\">SOLICITUD ADMISION EXTRAORDINARIA DURANTE EL CURSO<\/span><\/span><\/a><\/span><\/span><\/strong><\/p>\n<p>&nbsp;<\/p>\n<p><strong><span style=\"font-size: 24pt;color: #000000\">5) <span style=\"font-size: 18pt\">ANEXO III:&nbsp; &nbsp; <span style=\"font-size: 12pt\"><span style=\"text-decoration: underline;color: #ff0000\"><a style=\"color: #ff0000;text-decoration: underline\" href=\"https:\/\/blogsaverroes.juntadeandalucia.es\/colegioacapulco\/files\/2024\/10\/5-ANEXO-III-RENUNCIA-PLAZA-ESCOLAR-PRIMARIA.pdf\">RENUNCIA PLAZA ESCOLAR PRIMARIA<\/a><\/span><\/span><\/span><\/span><\/strong><\/p>\n<p>&nbsp;<\/p>\n<p><a href=\"https:\/\/www.juntadeandalucia.es\/educacion\/secretariavirtual\/\"><img loading=\"lazy\" decoding=\"async\" class=\"aligncenter\" src=\"https:\/\/www.juntadeandalucia.es\/educacion\/secretariavirtual\/images\/logo_secretaria_virtual.svg\" alt=\"Secretar\u00eda Virtual de los Centros Educativos\" width=\"586\" height=\"133\"><\/a><\/p>\n","protected":false},"excerpt":{"rendered":"<p>&nbsp; IMPRESOS HABITUALES &nbsp; Aqu\u00ed &nbsp;podr\u00e1s descargar todos los impresos m\u00e1s comunes para los tr\u00e1mites m\u00e1s habituales en nuestro centro: 1) ANEXO II:&nbsp; &nbsp; &nbsp;SOLICITUD COMEDOR- AULA MATINAL-ACT. EXTRAESCOLARES &nbsp; 2) SOLICITUD: &nbsp; BAJA COMEDOR-AULA MAT-ACT. EXTRAESCOLARES &nbsp; 3) ANEXO V:&nbsp; &nbsp; &nbsp; BONIFICACION COMEDOR AULA MATINAL Y EXTRAESCOLARES &nbsp; 4) ANEXO IX:&nbsp; &nbsp; SOLICITUD [&hellip;]<\/p>\n","protected":false},"author":8383,"featured_media":1283,"parent":0,"menu_order":0,"comment_status":"closed","ping_status":"closed","template":"","meta":{"_et_pb_use_builder":"off","_et_pb_old_content":"","_et_gb_content_width":"","ngg_post_thumbnail":0,"footnotes":""},"aioseo_notices":[],"_links":{"self":[{"href":"https:\/\/blogsaverroes.juntadeandalucia.es\/colegioacapulco\/wp-json\/wp\/v2\/pages\/1089"}],"collection":[{"href":"https:\/\/blogsaverroes.juntadeandalucia.es\/colegioacapulco\/wp-json\/wp\/v2\/pages"}],"about":[{"href":"https:\/\/blogsaverroes.juntadeandalucia.es\/colegioacapulco\/wp-json\/wp\/v2\/types\/page"}],"author":[{"embeddable":true,"href":"https:\/\/blogsaverroes.juntadeandalucia.es\/colegioacapulco\/wp-json\/wp\/v2\/users\/8383"}],"replies":[{"embeddable":true,"href":"https:\/\/blogsaverroes.juntadeandalucia.es\/colegioacapulco\/wp-json\/wp\/v2\/comments?post=1089"}],"version-history":[{"count":14,"href":"https:\/\/blogsaverroes.juntadeandalucia.es\/colegioacapulco\/wp-json\/wp\/v2\/pages\/1089\/revisions"}],"predecessor-version":[{"id":1271,"href":"https:\/\/blogsaverroes.juntadeandalucia.es\/colegioacapulco\/wp-json\/wp\/v2\/pages\/1089\/revisions\/1271"}],"wp:featuredmedia":[{"embeddable":true,"href":"https:\/\/blogsaverroes.juntadeandalucia.es\/colegioacapulco\/wp-json\/wp\/v2\/media\/1283"}],"wp:attachment":[{"href":"https:\/\/blogsaverroes.juntadeandalucia.es\/colegioacapulco\/wp-json\/wp\/v2\/media?parent=1089"}],"curies":[{"name":"wp","href":"https:\/\/api.w.org\/{rel}","templated":true}]}}