{"id":1096,"date":"2024-10-01T23:23:31","date_gmt":"2024-10-01T22:23:31","guid":{"rendered":"https:\/\/blogsaverroes.juntadeandalucia.es\/colegioacapulco\/?page_id=1096"},"modified":"2026-04-20T17:50:36","modified_gmt":"2026-04-20T16:50:36","slug":"1096-2","status":"publish","type":"page","link":"https:\/\/blogsaverroes.juntadeandalucia.es\/colegioacapulco\/planes-y-proyectos\/1096-2\/","title":{"rendered":"+ Deporte"},"content":{"rendered":"<div class=\"block block-layout-builder block-field-blocknodeplanes-y-programasfield-planes-descripcion\">\n<div class=\"content\">\n<div class=\"clearfix text-formatted field field--name-field-planes-descripcion field--type-text-long field--label-above\">\n<div class=\"field__label\" style=\"text-align: center\"><span style=\"text-decoration: underline\"><span style=\"color: #0000ff\"><strong><span style=\"font-size: 12pt\">Descripci\u00f3n<\/span><\/strong><\/span><\/span><\/div>\n<div class=\"field__item\">\n<p>El Programa M\u00e1s Deporte, financiado por la Consejer\u00eda de Desarrollo Educativo y Formaci\u00f3n Profesional, da respuesta a las necesidades del alumnado de los centros sostenidos con fondos p\u00fablicos para aumentar la pr\u00e1ctica deportiva y mejorar la conciliaci\u00f3n de la vida familiar y laboral. Viene, en suma, a reforzar las actividades deportivas de los centros docentes en los niveles locales, comarcales, provinciales y auton\u00f3mico, en colaboraci\u00f3n con Ayuntamientos y Diputaciones Provinciales, as\u00ed como con otras entidades colaboradoras y con la Consejer\u00eda de Salud y Consumo y la Consejer\u00eda de Turismo, Cultura y Deporte.<\/p>\n<p>A trav\u00e9s del Programa, la pr\u00e1ctica del deporte tambi\u00e9n debe integrar la actividad l\u00fadica mediante juegos recreativos y populares que desarrollen el contacto del alumnado con el entorno, as\u00ed como con sus compa\u00f1eros para maximizar el trato personal y minimizar el uso negativo que se pueda hacer de las Nuevas Tecnolog\u00edas.<\/p>\n<\/div>\n<\/div>\n<\/div>\n<\/div>\n<div class=\"block block-layout-builder block-field-blocknodeplanes-y-programasfield-planes-objetivos\">\n<div class=\"content\">\n<div class=\"clearfix text-formatted field field--name-field-planes-objetivos field--type-text-long field--label-above\">\n<div>&nbsp;<\/div>\n<div class=\"field__label\" style=\"text-align: center\"><span style=\"text-decoration: underline\"><span style=\"font-size: 12pt;color: #0000ff\"><strong>Objetivos concretos<\/strong><\/span><\/span><\/div>\n<div class=\"field__item\">\n<p>a) Propiciar un marco adecuado, integrado y sistem\u00e1tico de salud din\u00e1mica como un indicador de calidad de vida, educando en h\u00e1bitos que contribuyan a paliar las altas tasas de sobrepeso y obesidad de los ni\u00f1os y ni\u00f1as en Andaluc\u00eda.<\/p>\n<p>b) Reforzar la adquisici\u00f3n, a trav\u00e9s del deporte, de actitudes positivas y valores, tanto individuales como colectivos, permitiendo al alumnado participante estimular y reforzar sus competencias sociales. La pr\u00e1ctica de actividad f\u00edsica impulsar\u00e1 la educaci\u00f3n en la tolerancia y en el respeto a la diversidad, la solidaridad, el compa\u00f1erismo y el juego limpio, la superaci\u00f3n, la cultura del esfuerzo y del compromiso, la cooperaci\u00f3n, el trabajo en equipo, la consideraci\u00f3n de la persona adversaria y del juez-\u00e1rbitro, el respeto al entorno natural y la igualdad de g\u00e9nero.<\/p>\n<p>c) Contribuir a la buena convivencia escolar a trav\u00e9s del conocimiento y la apreciaci\u00f3n de la multiculturalidad y de las diferencias individuales derivadas de las condiciones ps\u00edquicas, f\u00edsicas y sociales del alumnado, como aspecto fundamental del crecimiento personal y social.<\/p>\n<p>d) Valorar los diferentes comportamientos que se manifiestan en la pr\u00e1ctica deportiva y tomar una postura cr\u00edtica ante determinados fen\u00f3menos an\u00f3malos ligados a la misma.<\/p>\n<p>e) Desarrollar la capacidad de movimiento a trav\u00e9s de las habilidades y destrezas que hacen posible la pr\u00e1ctica f\u00edsica, t\u00e9cnica, t\u00e1ctica y ps\u00edquica de cada deporte.<\/p>\n<p>f) Aprender los fundamentos t\u00e9cnicos, t\u00e1cticos y f\u00edsicos e identificar principios de juego que van aumentando progresivamente su complejidad estructural y funcional.<\/p>\n<p>g) Conseguir que el alumnado participante desarrolle, en los roles que asume en cada una de las modalidades deportivas, mecanismos de percepci\u00f3n y decisi\u00f3n que fomenten una capacidad de juego aut\u00f3noma e intencional.<\/p>\n<p>h) Favorecer la cultura deportiva en el centro escolar facilitando el asociacionismo deportivo.<\/p>\n<p>i) Facilitar la introducci\u00f3n y la pr\u00e1ctica de la actividad l\u00fadica, mediante los juegos recreativos y populares, desarrollando el contacto con el entorno y el grupo de iguales.<\/p>\n<p style=\"text-align: center\"><span style=\"text-decoration: underline\"><span style=\"color: #000000\"><strong>Actualmente se lleva a cabo en 1\u00ba de Primaria, los lunes y mi\u00e9rcoles de 16:00 a 18:00 horas<img loading=\"lazy\" decoding=\"async\" class=\"aligncenter size-large wp-image-1567\" src=\"https:\/\/blogsaverroes.juntadeandalucia.es\/colegioacapulco\/files\/2025\/01\/RENOVACION-PISTAS-AYTO-24-25-1024x768.jpeg\" alt=\"\" width=\"1024\" height=\"768\" srcset=\"https:\/\/blogsaverroes.juntadeandalucia.es\/colegioacapulco\/files\/2025\/01\/RENOVACION-PISTAS-AYTO-24-25-980x735.jpeg 980w, https:\/\/blogsaverroes.juntadeandalucia.es\/colegioacapulco\/files\/2025\/01\/RENOVACION-PISTAS-AYTO-24-25-480x360.jpeg 480w\" sizes=\"(min-width: 0px) and (max-width: 480px) 480px, (min-width: 481px) and (max-width: 980px) 980px, (min-width: 981px) 1024px, 100vw\" \/><\/strong><\/span><\/span><\/p>\n<\/div>\n<\/div>\n<\/div>\n<\/div>\n","protected":false},"excerpt":{"rendered":"<p>Descripci\u00f3n El Programa M\u00e1s Deporte, financiado por la Consejer\u00eda de Desarrollo Educativo y Formaci\u00f3n Profesional, da respuesta a las necesidades del alumnado de los centros sostenidos con fondos p\u00fablicos para aumentar la pr\u00e1ctica deportiva y mejorar la conciliaci\u00f3n de la vida familiar y laboral. Viene, en suma, a reforzar las actividades deportivas de los centros [&hellip;]<\/p>\n","protected":false},"author":8383,"featured_media":1206,"parent":850,"menu_order":0,"comment_status":"closed","ping_status":"closed","template":"","meta":{"_et_pb_use_builder":"","_et_pb_old_content":"","_et_gb_content_width":"","ngg_post_thumbnail":0,"footnotes":""},"aioseo_notices":[],"_links":{"self":[{"href":"https:\/\/blogsaverroes.juntadeandalucia.es\/colegioacapulco\/wp-json\/wp\/v2\/pages\/1096"}],"collection":[{"href":"https:\/\/blogsaverroes.juntadeandalucia.es\/colegioacapulco\/wp-json\/wp\/v2\/pages"}],"about":[{"href":"https:\/\/blogsaverroes.juntadeandalucia.es\/colegioacapulco\/wp-json\/wp\/v2\/types\/page"}],"author":[{"embeddable":true,"href":"https:\/\/blogsaverroes.juntadeandalucia.es\/colegioacapulco\/wp-json\/wp\/v2\/users\/8383"}],"replies":[{"embeddable":true,"href":"https:\/\/blogsaverroes.juntadeandalucia.es\/colegioacapulco\/wp-json\/wp\/v2\/comments?post=1096"}],"version-history":[{"count":10,"href":"https:\/\/blogsaverroes.juntadeandalucia.es\/colegioacapulco\/wp-json\/wp\/v2\/pages\/1096\/revisions"}],"predecessor-version":[{"id":2137,"href":"https:\/\/blogsaverroes.juntadeandalucia.es\/colegioacapulco\/wp-json\/wp\/v2\/pages\/1096\/revisions\/2137"}],"up":[{"embeddable":true,"href":"https:\/\/blogsaverroes.juntadeandalucia.es\/colegioacapulco\/wp-json\/wp\/v2\/pages\/850"}],"wp:featuredmedia":[{"embeddable":true,"href":"https:\/\/blogsaverroes.juntadeandalucia.es\/colegioacapulco\/wp-json\/wp\/v2\/media\/1206"}],"wp:attachment":[{"href":"https:\/\/blogsaverroes.juntadeandalucia.es\/colegioacapulco\/wp-json\/wp\/v2\/media?parent=1096"}],"curies":[{"name":"wp","href":"https:\/\/api.w.org\/{rel}","templated":true}]}}