{"id":1107,"date":"2024-10-01T23:37:27","date_gmt":"2024-10-01T22:37:27","guid":{"rendered":"https:\/\/blogsaverroes.juntadeandalucia.es\/colegioacapulco\/?page_id=1107"},"modified":"2026-03-06T08:49:01","modified_gmt":"2026-03-06T07:49:01","slug":"plan-de-centro","status":"publish","type":"page","link":"https:\/\/blogsaverroes.juntadeandalucia.es\/colegioacapulco\/plan-de-centro\/","title":{"rendered":"PLAN DE CENTRO"},"content":{"rendered":"<p style=\"text-align: center\"><strong><span style=\"color: #000000;font-size: 12pt\"><img loading=\"lazy\" decoding=\"async\" class=\"aligncenter size-full wp-image-1393\" src=\"https:\/\/blogsaverroes.juntadeandalucia.es\/colegioacapulco\/files\/2024\/10\/proyecto-educativo-centro-AVERR.jpg\" alt=\"\" width=\"1024\" height=\"669\" srcset=\"https:\/\/blogsaverroes.juntadeandalucia.es\/colegioacapulco\/files\/2024\/10\/proyecto-educativo-centro-AVERR.jpg 1024w, https:\/\/blogsaverroes.juntadeandalucia.es\/colegioacapulco\/files\/2024\/10\/proyecto-educativo-centro-AVERR-980x640.jpg 980w, https:\/\/blogsaverroes.juntadeandalucia.es\/colegioacapulco\/files\/2024\/10\/proyecto-educativo-centro-AVERR-480x314.jpg 480w\" sizes=\"(min-width: 0px) and (max-width: 480px) 480px, (min-width: 481px) and (max-width: 980px) 980px, (min-width: 981px) 1024px, 100vw\" \/><\/span><\/strong><\/p>\n<p>&nbsp;<\/p>\n<p style=\"text-align: center\"><strong><span style=\"color: #000000;font-size: 12pt\"><span style=\"font-size: 14pt\"><span style=\"font-size: 12pt\">Puedes ver nuestro&nbsp; <span style=\"text-decoration: underline\">Proyecto Educativo<\/span> pulsando<\/span> <a href=\"https:\/\/blogsaverroes.juntadeandalucia.es\/colegioacapulco\/files\/2026\/03\/1-ACTUALIZACION-PEC-25-26-PROTOCOLOS-SUICIDIOSEPARACION-salida.pdf\"><span style=\"color: #ff0000\">AQU\u00cd<\/span><\/a><\/span><\/span><\/strong><\/p>\n<p><span style=\"font-size: 18pt\"><strong>&#8212;&#8212;&#8212;&#8212;&#8212;&#8212;&#8212;&#8212;&#8212;&#8212;&#8212;&#8212;&#8212;&#8212;&#8212;&#8212;&#8212;&#8212;&#8212;&#8212;&#8212;&#8212;&#8212;&#8212;&#8212;&#8212;&#8212;&#8212;&#8212;&#8212;&#8212;&#8212;&#8212;&#8212;&#8212;&#8212;&#8212;&#8212;&#8212;&#8212;&#8212;&#8212;&#8212;&#8212;&#8212;&#8212;&#8212;&#8212;&#8212;&#8212;&#8212;<\/strong><\/span><\/p>\n<p><img loading=\"lazy\" decoding=\"async\" class=\"aligncenter size-full wp-image-1394\" src=\"https:\/\/blogsaverroes.juntadeandalucia.es\/colegioacapulco\/files\/2024\/10\/ROF-AVERR.jpg\" alt=\"\" width=\"1024\" height=\"700\" srcset=\"https:\/\/blogsaverroes.juntadeandalucia.es\/colegioacapulco\/files\/2024\/10\/ROF-AVERR.jpg 1024w, https:\/\/blogsaverroes.juntadeandalucia.es\/colegioacapulco\/files\/2024\/10\/ROF-AVERR-980x670.jpg 980w, https:\/\/blogsaverroes.juntadeandalucia.es\/colegioacapulco\/files\/2024\/10\/ROF-AVERR-480x328.jpg 480w\" sizes=\"(min-width: 0px) and (max-width: 480px) 480px, (min-width: 481px) and (max-width: 980px) 980px, (min-width: 981px) 1024px, 100vw\" \/><\/p>\n<p>&nbsp;<\/p>\n<p style=\"text-align: center\"><span style=\"font-size: 14pt\"><strong><span style=\"color: #000000\"><span style=\"font-size: 12pt\">Puedes ver nuestro&nbsp; <span style=\"text-decoration: underline\">ROF<\/span> pulsando<\/span> <a href=\"https:\/\/blogsaverroes.juntadeandalucia.es\/colegioacapulco\/files\/2024\/10\/2-REGLAMENTO-DE-ORGANIZACION-Y-FUNCIONAMIENTO-CEIP-ACAPULCO-23-24-OK.pdf\"><span style=\"color: #ff0000;font-size: 18pt\">AQU\u00cd<\/span><\/a><\/span><\/strong><\/span><\/p>\n<p><span style=\"font-size: 18pt\"><strong>&#8212;&#8212;&#8212;&#8212;&#8212;&#8212;&#8212;&#8212;&#8212;&#8212;&#8212;&#8212;&#8212;&#8212;&#8212;&#8212;&#8212;&#8212;&#8212;&#8212;&#8212;&#8212;&#8212;&#8212;&#8212;&#8212;&#8212;&#8212;&#8212;&#8212;&#8212;&#8212;&#8212;&#8212;&#8212;&#8212;&#8212;&#8212;&#8212;&#8212;&#8212;&#8212;&#8212;&#8212;&#8212;&#8212;&#8212;&#8212;&#8212;&#8212;&#8212;<\/strong><\/span><\/p>\n<p style=\"text-align: center\">&nbsp;<\/p>\n<p style=\"text-align: center\"><img loading=\"lazy\" decoding=\"async\" class=\"aligncenter size-full wp-image-1392\" src=\"https:\/\/blogsaverroes.juntadeandalucia.es\/colegioacapulco\/files\/2024\/10\/PROYECTO-GESTION-AVERR.jpg\" alt=\"\" width=\"1024\" height=\"669\" srcset=\"https:\/\/blogsaverroes.juntadeandalucia.es\/colegioacapulco\/files\/2024\/10\/PROYECTO-GESTION-AVERR.jpg 1024w, https:\/\/blogsaverroes.juntadeandalucia.es\/colegioacapulco\/files\/2024\/10\/PROYECTO-GESTION-AVERR-980x640.jpg 980w, https:\/\/blogsaverroes.juntadeandalucia.es\/colegioacapulco\/files\/2024\/10\/PROYECTO-GESTION-AVERR-480x314.jpg 480w\" sizes=\"(min-width: 0px) and (max-width: 480px) 480px, (min-width: 481px) and (max-width: 980px) 980px, (min-width: 981px) 1024px, 100vw\" \/><\/p>\n<p style=\"text-align: center\"><span style=\"font-size: 14pt\"><strong><span style=\"color: #000000\"><span style=\"font-size: 12pt\">Puedes ver nuestro&nbsp; <span style=\"text-decoration: underline\">Proyecto de Gesti\u00f3n<\/span> pulsando<\/span> <a href=\"https:\/\/blogsaverroes.juntadeandalucia.es\/colegioacapulco\/files\/2024\/10\/3-PROYECTO-DE-GESTION-2023-24-OK.pdf\"><span style=\"color: #ff0000;font-size: 18pt\">AQU\u00cd<\/span><\/a><\/span><\/strong><\/span><\/p>\n<p><img loading=\"lazy\" decoding=\"async\" class=\"aligncenter wp-image-1798\" src=\"https:\/\/blogsaverroes.juntadeandalucia.es\/colegioacapulco\/files\/2025\/03\/images.jpg\" alt=\"\" width=\"531\" height=\"531\" srcset=\"https:\/\/blogsaverroes.juntadeandalucia.es\/colegioacapulco\/files\/2025\/03\/images.jpg 225w, https:\/\/blogsaverroes.juntadeandalucia.es\/colegioacapulco\/files\/2025\/03\/images-150x150.jpg 150w\" sizes=\"(max-width: 531px) 100vw, 531px\" \/><\/p>\n<p style=\"text-align: center\"><strong><span style=\"font-size: 14pt;color: #0000ff\"><a style=\"color: #0000ff\" href=\"https:\/\/blogsaverroes.juntadeandalucia.es\/colegioacapulco\/files\/2025\/03\/Criterios-de-Evaluacion-de-INFANTIL-AQUI-1.pdf\">Criterios de Evaluaci\u00f3n de INFANTIL &nbsp;AQU\u00cd<\/a><\/span><\/strong><\/p>\n<p style=\"text-align: center\"><strong><span style=\"font-size: 14pt;color: #008000\"><a style=\"color: #008000\" href=\"https:\/\/blogsaverroes.juntadeandalucia.es\/colegioacapulco\/files\/2025\/03\/Criterios-de-Evaluacion-de-PRIMARIA-AQUI.pdf\">Criterios de Evaluaci\u00f3n de PRIMARIA AQU\u00cd<\/a><\/span><\/strong><\/p>\n<p style=\"text-align: center\"><span style=\"font-size: 14pt;color: #ff00ff\"><strong><a style=\"color: #ff00ff\" href=\"https:\/\/blogsaverroes.juntadeandalucia.es\/colegioacapulco\/files\/2025\/03\/Criterios-de-PROMOCION-AQUI.pdf\">Criterios<\/a> <a style=\"color: #ff00ff\" href=\"https:\/\/blogsaverroes.juntadeandalucia.es\/colegioacapulco\/files\/2025\/03\/Criterios-de-PROMOCION-AQUI.pdf\">de PROMOCI\u00d3N AQU\u00cd<\/a><\/strong><\/span><\/p>\n<p>&nbsp;<\/p>\n","protected":false},"excerpt":{"rendered":"<p>&nbsp; Puedes ver nuestro&nbsp; Proyecto Educativo pulsando AQU\u00cd &#8212;&#8212;&#8212;&#8212;&#8212;&#8212;&#8212;&#8212;&#8212;&#8212;&#8212;&#8212;&#8212;&#8212;&#8212;&#8212;&#8212;&#8212;&#8212;&#8212;&#8212;&#8212;&#8212;&#8212;&#8212;&#8212;&#8212;&#8212;&#8212;&#8212;&#8212;&#8212;&#8212;&#8212;&#8212;&#8212;&#8212;&#8212;&#8212;&#8212;&#8212;&#8212;&#8212;&#8212;&#8212;&#8212;&#8212;&#8212;&#8212;&#8212;&#8212; &nbsp; Puedes ver nuestro&nbsp; ROF pulsando AQU\u00cd &#8212;&#8212;&#8212;&#8212;&#8212;&#8212;&#8212;&#8212;&#8212;&#8212;&#8212;&#8212;&#8212;&#8212;&#8212;&#8212;&#8212;&#8212;&#8212;&#8212;&#8212;&#8212;&#8212;&#8212;&#8212;&#8212;&#8212;&#8212;&#8212;&#8212;&#8212;&#8212;&#8212;&#8212;&#8212;&#8212;&#8212;&#8212;&#8212;&#8212;&#8212;&#8212;&#8212;&#8212;&#8212;&#8212;&#8212;&#8212;&#8212;&#8212;&#8212; &nbsp; Puedes ver nuestro&nbsp; Proyecto de Gesti\u00f3n pulsando AQU\u00cd Criterios de Evaluaci\u00f3n de INFANTIL &nbsp;AQU\u00cd Criterios de Evaluaci\u00f3n de PRIMARIA AQU\u00cd Criterios de PROMOCI\u00d3N AQU\u00cd &nbsp;<\/p>\n","protected":false},"author":8383,"featured_media":1393,"parent":0,"menu_order":0,"comment_status":"closed","ping_status":"closed","template":"","meta":{"_et_pb_use_builder":"","_et_pb_old_content":"","_et_gb_content_width":"","ngg_post_thumbnail":0,"footnotes":""},"aioseo_notices":[],"_links":{"self":[{"href":"https:\/\/blogsaverroes.juntadeandalucia.es\/colegioacapulco\/wp-json\/wp\/v2\/pages\/1107"}],"collection":[{"href":"https:\/\/blogsaverroes.juntadeandalucia.es\/colegioacapulco\/wp-json\/wp\/v2\/pages"}],"about":[{"href":"https:\/\/blogsaverroes.juntadeandalucia.es\/colegioacapulco\/wp-json\/wp\/v2\/types\/page"}],"author":[{"embeddable":true,"href":"https:\/\/blogsaverroes.juntadeandalucia.es\/colegioacapulco\/wp-json\/wp\/v2\/users\/8383"}],"replies":[{"embeddable":true,"href":"https:\/\/blogsaverroes.juntadeandalucia.es\/colegioacapulco\/wp-json\/wp\/v2\/comments?post=1107"}],"version-history":[{"count":15,"href":"https:\/\/blogsaverroes.juntadeandalucia.es\/colegioacapulco\/wp-json\/wp\/v2\/pages\/1107\/revisions"}],"predecessor-version":[{"id":2124,"href":"https:\/\/blogsaverroes.juntadeandalucia.es\/colegioacapulco\/wp-json\/wp\/v2\/pages\/1107\/revisions\/2124"}],"wp:featuredmedia":[{"embeddable":true,"href":"https:\/\/blogsaverroes.juntadeandalucia.es\/colegioacapulco\/wp-json\/wp\/v2\/media\/1393"}],"wp:attachment":[{"href":"https:\/\/blogsaverroes.juntadeandalucia.es\/colegioacapulco\/wp-json\/wp\/v2\/media?parent=1107"}],"curies":[{"name":"wp","href":"https:\/\/api.w.org\/{rel}","templated":true}]}}