{"id":1570,"date":"2025-01-27T12:34:54","date_gmt":"2025-01-27T11:34:54","guid":{"rendered":"https:\/\/blogsaverroes.juntadeandalucia.es\/colegioacapulco\/?page_id=1570"},"modified":"2026-04-20T17:51:26","modified_gmt":"2026-04-20T16:51:26","slug":"programa-proa-2024-2025","status":"publish","type":"page","link":"https:\/\/blogsaverroes.juntadeandalucia.es\/colegioacapulco\/programa-proa-2024-2025\/","title":{"rendered":"Proa+"},"content":{"rendered":"<p><img loading=\"lazy\" decoding=\"async\" class=\"aligncenter wp-image-1915\" src=\"https:\/\/blogsaverroes.juntadeandalucia.es\/colegioacapulco\/files\/2025\/07\/FSE.-Prioridad-3.-PT-PROA-Estival-ZTS-Orient-724x1024.png\" alt=\"\" width=\"863\" height=\"1220\"><img loading=\"lazy\" decoding=\"async\" class=\"aligncenter size-full wp-image-1571\" src=\"https:\/\/blogsaverroes.juntadeandalucia.es\/colegioacapulco\/files\/2025\/01\/PROA-IMAGEN-GENERAL.png\" alt=\"\" width=\"864\" height=\"574\" srcset=\"https:\/\/blogsaverroes.juntadeandalucia.es\/colegioacapulco\/files\/2025\/01\/PROA-IMAGEN-GENERAL.png 864w, https:\/\/blogsaverroes.juntadeandalucia.es\/colegioacapulco\/files\/2025\/01\/PROA-IMAGEN-GENERAL-480x319.png 480w\" sizes=\"(min-width: 0px) and (max-width: 480px) 480px, (min-width: 481px) 864px, 100vw\" \/><img loading=\"lazy\" decoding=\"async\" class=\"aligncenter size-full wp-image-1572\" src=\"https:\/\/blogsaverroes.juntadeandalucia.es\/colegioacapulco\/files\/2025\/01\/PROA-IMAGEN-OBJETIVOS.png\" alt=\"\" width=\"864\" height=\"662\" srcset=\"https:\/\/blogsaverroes.juntadeandalucia.es\/colegioacapulco\/files\/2025\/01\/PROA-IMAGEN-OBJETIVOS.png 864w, https:\/\/blogsaverroes.juntadeandalucia.es\/colegioacapulco\/files\/2025\/01\/PROA-IMAGEN-OBJETIVOS-480x368.png 480w\" sizes=\"(min-width: 0px) and (max-width: 480px) 480px, (min-width: 481px) 864px, 100vw\" \/><\/p>\n<h1 id=\"i4t-id-20nsbsb75\" style=\"text-align: center\" aria-hidden=\"true\"><span style=\"text-decoration: underline\"><strong><span style=\"color: #0000ff;text-decoration: underline\">Programa para la orientaci\u00f3n, avance y enriquecimiento educativo PROA+<\/span><\/strong><\/span><\/h1>\n<div class=\"cblq\" role=\"region\" data-insuit-top=\"-35px;\" data-insuit-left=\"-20px;\" data-insuit-height=\"+35px;\" data-insuit-width=\"+20px;\" aria-labelledby=\"i4t-id-20nsbsb75\" data-insuit-uuid=\"ee3fe8de-27c1-4e0c-b54e-6fd76a4f1855\">\n<p style=\"text-align: center\"><strong><span style=\"color: #000000;font-size: 12pt\">Este a\u00f1o, dentro de nuestro af\u00e1n de conseguir los mayores apoyos para el alumnado con necesidades educativas y de mejorar los resultados educativos del colegio, <span style=\"text-decoration: underline\"><span style=\"color: #0000ff;text-decoration: underline\">nuestro centro imparte por primera vez en su historia el Programa PROA+.<\/span><\/span> <\/span><\/strong><\/p>\n<p><span style=\"text-decoration: underline\"><span style=\"color: #000000\"><strong>Los recursos econ\u00f3micos recibidos han sido dedicados a la contrataci\u00f3n de actividades palanca de Apoyo de Pedagog\u00eda Terap\u00e9utica dentro del aula al alumnado con necesidades especiales de apoyo desde el mes de marzo de 2025 hasta el mes de junio de 2025.<\/strong><\/span><\/span><\/p>\n<p style=\"text-align: center\"><span style=\"text-decoration: underline\"><strong><span style=\"color: #000000;font-size: 12pt;text-decoration: underline\">(Programa cofinanciado por el Ministerio de Educaci\u00f3n, Formaci\u00f3n Profesional y Deportes, y el Fondo Social Europeo Plus (FSE+)<\/span><\/strong><\/span><\/p>\n<p><span style=\"color: #000000\">El Fondo Social Europeo Plus, en adelante FSE+, se configura como el principal instrumento de la Uni\u00f3n Europea para invertir en las personas y aplicar el Pilar Europeo de Derechos Sociales mediante su contribuci\u00f3n a una Europa m\u00e1s social, a la cohesi\u00f3n econ\u00f3mica, social y territorial, de conformidad con el art\u00edculo 174 TFUE y a la consecuci\u00f3n de los objetivos de la Agenda de Desarrollo Sostenible 2030.<\/span><\/p>\n<p><strong><span style=\"color: #ff0000\">Por ello, se establece como prioritario abordar la mejora en la calidad de la educaci\u00f3n y la formaci\u00f3n, promover un sistema de educaci\u00f3n y formaci\u00f3n inclusivo y de gran calidad, accesible y asequible para todas las personas, en todos los niveles educativos y sin sesgos de g\u00e9nero, orientado a las necesidades actuales y futuras del mercado de trabajo.<\/span><\/strong><\/p>\n<p><span style=\"color: #000000\">Asimismo, es prioritario reducir los niveles de abandono escolar temprano y elevar el nivel educativo, dotando a toda la ciudadan\u00eda de competencias clave y profesionales suficientes para incorporarse a un mercado laboral cambiante y mantener la m\u00e1xima empleabilidad.<\/span><\/p>\n<p><span style=\"color: #000000\">Dentro de la Prioridad 7 Garant\u00eda Infantil del FSE+, se desarrolla el objetivo espec\u00edfico ES04.6. Promover la igualdad de acceso a una educaci\u00f3n y una formaci\u00f3n de calidad e inclusivas y su culminaci\u00f3n, en particular para los colectivos desfavorecidos, desde la educaci\u00f3n infantil, pasando por la educaci\u00f3n y la formaci\u00f3n generales y profesionales, hasta la educaci\u00f3n superior, as\u00ed como la educaci\u00f3n y el aprendizaje de adultos; asimismo, facilitar la movilidad educativa para todos y la accesibilidad de las personas con discapacidad. En este contexto, se propone realizar actuaciones en el marco educativo que tengan en cuenta las necesidades espec\u00edficas de los grupos desfavorecidos en todas las etapas formativas, con el objetivo de lograr una educaci\u00f3n inclusiva, que reduzca el abandono educativo temprano y aumente la tasa de \u00e9xito de finalizaci\u00f3n de los distintos niveles formativos.<\/span><\/p>\n<p><span style=\"color: #000000\">El Programa de Orientaci\u00f3n, Avance y Enriquecimiento Educativo en centros de especial complejidad educativa (Programa PROA+, FSE+) incluye un conjunto de medidas sist\u00e9micas dirigidas al alumnado con necesidad espec\u00edfica de apoyo educativo de educaci\u00f3n b\u00e1sica y secundaria posobligatoria de los centros de Educaci\u00f3n Infantil y Primaria, y los centros de Educaci\u00f3n Secundaria, para el logro de la plena inclusi\u00f3n educativa, con los objetivos de reducir la tasa de abandono temprano de la educaci\u00f3n y formaci\u00f3n, reforzar la atenci\u00f3n al alumnado con necesidades espec\u00edficas de apoyo educativo y a sus familias y mejorar la calidad y los resultados educativos del alumnado en situaci\u00f3n de vulnerabilidad social.<\/span><\/p>\n<p><span style=\"color: #000000\">La ejecuci\u00f3n y desarrollo de este programa y las actuaciones que lo definen corresponden, en funci\u00f3n a las competencias asumidas, a las Comunidades Aut\u00f3nomas. El protagonismo de dichas administraciones territoriales es adem\u00e1s coherente con el esp\u00edritu de cogobernanza que inspira la ejecuci\u00f3n de los fondos de la UE; sin perjuicio de ello, las Comunidades Aut\u00f3nomas precisan, l\u00f3gicamente, disponer de los recursos financieros para poder desarrollar con \u00e9xito las actuaciones contempladas.<\/span><\/p>\n<\/div>\n","protected":false},"excerpt":{"rendered":"<p>Programa para la orientaci\u00f3n, avance y enriquecimiento educativo PROA+ Este a\u00f1o, dentro de nuestro af\u00e1n de conseguir los mayores apoyos para el alumnado con necesidades educativas y de mejorar los resultados educativos del colegio, nuestro centro imparte por primera vez en su historia el Programa PROA+. Los recursos econ\u00f3micos recibidos han sido dedicados a la [&hellip;]<\/p>\n","protected":false},"author":19840,"featured_media":2131,"parent":0,"menu_order":0,"comment_status":"closed","ping_status":"closed","template":"","meta":{"_et_pb_use_builder":"","_et_pb_old_content":"","_et_gb_content_width":"","ngg_post_thumbnail":0,"footnotes":""},"aioseo_notices":[],"_links":{"self":[{"href":"https:\/\/blogsaverroes.juntadeandalucia.es\/colegioacapulco\/wp-json\/wp\/v2\/pages\/1570"}],"collection":[{"href":"https:\/\/blogsaverroes.juntadeandalucia.es\/colegioacapulco\/wp-json\/wp\/v2\/pages"}],"about":[{"href":"https:\/\/blogsaverroes.juntadeandalucia.es\/colegioacapulco\/wp-json\/wp\/v2\/types\/page"}],"author":[{"embeddable":true,"href":"https:\/\/blogsaverroes.juntadeandalucia.es\/colegioacapulco\/wp-json\/wp\/v2\/users\/19840"}],"replies":[{"embeddable":true,"href":"https:\/\/blogsaverroes.juntadeandalucia.es\/colegioacapulco\/wp-json\/wp\/v2\/comments?post=1570"}],"version-history":[{"count":13,"href":"https:\/\/blogsaverroes.juntadeandalucia.es\/colegioacapulco\/wp-json\/wp\/v2\/pages\/1570\/revisions"}],"predecessor-version":[{"id":2140,"href":"https:\/\/blogsaverroes.juntadeandalucia.es\/colegioacapulco\/wp-json\/wp\/v2\/pages\/1570\/revisions\/2140"}],"wp:featuredmedia":[{"embeddable":true,"href":"https:\/\/blogsaverroes.juntadeandalucia.es\/colegioacapulco\/wp-json\/wp\/v2\/media\/2131"}],"wp:attachment":[{"href":"https:\/\/blogsaverroes.juntadeandalucia.es\/colegioacapulco\/wp-json\/wp\/v2\/media?parent=1570"}],"curies":[{"name":"wp","href":"https:\/\/api.w.org\/{rel}","templated":true}]}}