{"id":2022,"date":"2025-10-20T13:42:53","date_gmt":"2025-10-20T12:42:53","guid":{"rendered":"https:\/\/blogsaverroes.juntadeandalucia.es\/colegioacapulco\/?page_id=2022"},"modified":"2025-10-20T13:57:10","modified_gmt":"2025-10-20T12:57:10","slug":"proa-y-pali","status":"publish","type":"page","link":"https:\/\/blogsaverroes.juntadeandalucia.es\/colegioacapulco\/proa-y-pali\/","title":{"rendered":"PROA Y PALI"},"content":{"rendered":"<h2 class=\"contenido-web-banner__alias\" style=\"text-align: left\" data-lfr-editable-id=\"h2-unique-id\" data-lfr-editable-type=\"text\"><strong><span style=\"text-decoration: underline\"><span style=\"font-size: 12pt\">PROA Andaluc\u00eda: Programa de Refuerzo, Orientaci\u00f3n y Apoyo.<\/span><\/span><\/strong><\/h2>\n<p><strong><span style=\"text-decoration: underline\">1-El PROA<\/span> Andaluc\u00eda se concibe como un conjunto de actuaciones dirigidas a mejorar el grado de adquisici\u00f3n de las competencias clave y la motivaci\u00f3n del alumnado con necesidades espec\u00edficas de apoyo educativo por precisar acciones de car\u00e1cter compensatorio, que en el caso del alumnado de origen extranjero, adem\u00e1s, pretenden conseguir un nivel adecuado de uso del espa\u00f1ol como lengua vehicular. Dichas acciones est\u00e1n dirigidas a evitar el riesgo de abandono temprano del Sistema Educativo y complementar las acciones encaminadas a la mejora del \u00e9xito escolar que se desarrollan en los centros docentes p\u00fablicos andaluces.<\/strong><\/p>\n<p><strong><span style=\"text-decoration: underline\">2-El PALI<\/span> (acompa\u00f1amiento ling\u00fc\u00edstico para alumnado inmigrante) es una actuaci\u00f3n <\/strong><br \/>\n<strong>dirigida al alumnado de origen extranjero que presenta dificultades para la comprensi\u00f3n y <\/strong><br \/>\n<strong>uso del espa\u00f1ol como lengua vehicular. Se imparte en nuestro IES durante dos horas <\/strong><br \/>\n<strong>semanales en horario de tarde. En este espacio, pueden desarrollar tanto actividades <\/strong><br \/>\n<strong>espec\u00edficas para el aprendizaje de la lengua como para el desarrollo de h\u00e1bitos de <\/strong><br \/>\n<strong>organizaci\u00f3n del tiempo y planificaci\u00f3n del trabajo, que les permitan mejorar sus <\/strong><br \/>\n<strong>rendimientos acad\u00e9micos. <\/strong><\/p>\n<p style=\"text-align: left\">\n<strong><span style=\"font-size: 14pt\">Objetivos<\/span>. <\/strong><br \/>\n<strong>\u2212Favorecer la inclusi\u00f3n educativa y social del alumnado que requiera de esta medida, <\/strong><br \/>\n<strong>facilit\u00e1ndoles t\u00e9cnicas y herramientas necesarias para un desenvolvimiento aut\u00f3nomo. <\/strong><br \/>\n<strong>\u2212Contribuir a la consecuci\u00f3n de los objetivos establecidos en el curr\u00edculo de la etapa de <\/strong><br \/>\n<strong>Educaci\u00f3n Primaria dentro del Proyecto Educativo del centro. <\/strong><br \/>\n<strong>\u2212Apoyar al alumnado de origen extranjero para la consecuci\u00f3n de niveles <\/strong><br \/>\n<strong>competenciales en comunicaci\u00f3n ling\u00fc\u00edstica (lengua espa\u00f1ola como lengua vehicular) <\/strong><br \/>\n<strong>que le permita un mayor y mejor acceso al curr\u00edculo as\u00ed como una mejor interacci\u00f3n en <\/strong><br \/>\n<strong>los diferentes contextos en los que se desenvuelve. <\/strong><\/p>\n<p style=\"text-align: center\">&nbsp;<\/p>\n<p><img loading=\"lazy\" decoding=\"async\" class=\"aligncenter size-large wp-image-1918\" src=\"https:\/\/blogsaverroes.juntadeandalucia.es\/colegioacapulco\/files\/2025\/07\/PROA-LOGOS-1024x71.jpg\" alt=\"\" width=\"1024\" height=\"71\" srcset=\"https:\/\/blogsaverroes.juntadeandalucia.es\/colegioacapulco\/files\/2025\/07\/PROA-LOGOS-1024x71.jpg 1024w, https:\/\/blogsaverroes.juntadeandalucia.es\/colegioacapulco\/files\/2025\/07\/PROA-LOGOS-980x68.jpg 980w, https:\/\/blogsaverroes.juntadeandalucia.es\/colegioacapulco\/files\/2025\/07\/PROA-LOGOS-480x33.jpg 480w\" sizes=\"(min-width: 0px) and (max-width: 480px) 480px, (min-width: 481px) and (max-width: 980px) 980px, (min-width: 981px) 1024px, 100vw\" \/><\/p>\n<p>&nbsp;<\/p>\n","protected":false},"excerpt":{"rendered":"<p>PROA Andaluc\u00eda: Programa de Refuerzo, Orientaci\u00f3n y Apoyo. 1-El PROA Andaluc\u00eda se concibe como un conjunto de actuaciones dirigidas a mejorar el grado de adquisici\u00f3n de las competencias clave y la motivaci\u00f3n del alumnado con necesidades espec\u00edficas de apoyo educativo por precisar acciones de car\u00e1cter compensatorio, que en el caso del alumnado de origen extranjero, [&hellip;]<\/p>\n","protected":false},"author":19840,"featured_media":2026,"parent":0,"menu_order":0,"comment_status":"closed","ping_status":"closed","template":"","meta":{"_et_pb_use_builder":"","_et_pb_old_content":"","_et_gb_content_width":"","ngg_post_thumbnail":0,"footnotes":""},"aioseo_notices":[],"_links":{"self":[{"href":"https:\/\/blogsaverroes.juntadeandalucia.es\/colegioacapulco\/wp-json\/wp\/v2\/pages\/2022"}],"collection":[{"href":"https:\/\/blogsaverroes.juntadeandalucia.es\/colegioacapulco\/wp-json\/wp\/v2\/pages"}],"about":[{"href":"https:\/\/blogsaverroes.juntadeandalucia.es\/colegioacapulco\/wp-json\/wp\/v2\/types\/page"}],"author":[{"embeddable":true,"href":"https:\/\/blogsaverroes.juntadeandalucia.es\/colegioacapulco\/wp-json\/wp\/v2\/users\/19840"}],"replies":[{"embeddable":true,"href":"https:\/\/blogsaverroes.juntadeandalucia.es\/colegioacapulco\/wp-json\/wp\/v2\/comments?post=2022"}],"version-history":[{"count":4,"href":"https:\/\/blogsaverroes.juntadeandalucia.es\/colegioacapulco\/wp-json\/wp\/v2\/pages\/2022\/revisions"}],"predecessor-version":[{"id":2028,"href":"https:\/\/blogsaverroes.juntadeandalucia.es\/colegioacapulco\/wp-json\/wp\/v2\/pages\/2022\/revisions\/2028"}],"wp:featuredmedia":[{"embeddable":true,"href":"https:\/\/blogsaverroes.juntadeandalucia.es\/colegioacapulco\/wp-json\/wp\/v2\/media\/2026"}],"wp:attachment":[{"href":"https:\/\/blogsaverroes.juntadeandalucia.es\/colegioacapulco\/wp-json\/wp\/v2\/media?parent=2022"}],"curies":[{"name":"wp","href":"https:\/\/api.w.org\/{rel}","templated":true}]}}