{"id":836,"date":"2020-12-18T08:37:22","date_gmt":"2020-12-18T07:37:22","guid":{"rendered":"https:\/\/blogsaverroes.juntadeandalucia.es\/pre\/plantilla-pencil\/?page_id=836"},"modified":"2025-09-15T13:01:57","modified_gmt":"2025-09-15T12:01:57","slug":"actividades-extraescolares","status":"publish","type":"page","link":"https:\/\/blogsaverroes.juntadeandalucia.es\/colegioacapulco\/actividades-extraescolares\/","title":{"rendered":"Actividades extraescolares"},"content":{"rendered":"<p style=\"text-align: center\"><span style=\"text-decoration: underline;color: #0000ff\"><strong>ACTIVIDADES EXTRAESCOLARES CURSO 2025-2026 (A partir de Octubre 2025)<\/strong><\/span><\/p>\n<p><span style=\"text-decoration: underline\"><strong><span style=\"color: #000000;text-decoration: underline\">Estimadas familias:<\/span><\/strong><\/span><\/p>\n<p><strong><span style=\"color: #000000\">El servicio de actividades extraescolares comienza el 1 de octubre. El precio de cada actividad es de 17,51\u20ac (sin aplicar bonificaci\u00f3n). S\u00f3lo se bonifica una actividad, las altas, bajas y\/o modificaciones para el mes de octubre se realizar\u00e1n antes del 25 de Septiembre.Los listados de admitidos definitivos ser\u00e1n publicados el 26 de septiembre.<\/span><\/strong><\/p>\n<p><strong><span style=\"color: #000000\"><span style=\"text-decoration: underline\">Perdida de la condici\u00f3n de usuario<\/span>: cuando se produzca el impago de dos recibos de un servicio, cuando no se utilice el servicio durante cinco d\u00edas consecutivos sin causa justificada o en los supuestos que as\u00ed se prevean en el R.O.F. del centro. Previo al inicio del servicio se enviar\u00e1 a trav\u00e9s de iPasen la informaci\u00f3n relativa a la organizaci\u00f3n del mismo.<img loading=\"lazy\" decoding=\"async\" class=\"aligncenter size-large wp-image-2013\" src=\"https:\/\/blogsaverroes.juntadeandalucia.es\/colegioacapulco\/files\/2025\/09\/informacionACTEXTtabloA\u00bfnanuncios-1_page-0001-1024x724.jpg\" alt=\"\" width=\"1024\" height=\"724\" srcset=\"https:\/\/blogsaverroes.juntadeandalucia.es\/colegioacapulco\/files\/2025\/09\/informacionACTEXTtabloA\u00bfnanuncios-1_page-0001-1024x724.jpg 1024w, https:\/\/blogsaverroes.juntadeandalucia.es\/colegioacapulco\/files\/2025\/09\/informacionACTEXTtabloA\u00bfnanuncios-1_page-0001-300x212.jpg 300w, https:\/\/blogsaverroes.juntadeandalucia.es\/colegioacapulco\/files\/2025\/09\/informacionACTEXTtabloA\u00bfnanuncios-1_page-0001-768x543.jpg 768w, https:\/\/blogsaverroes.juntadeandalucia.es\/colegioacapulco\/files\/2025\/09\/informacionACTEXTtabloA\u00bfnanuncios-1_page-0001-1536x1086.jpg 1536w, https:\/\/blogsaverroes.juntadeandalucia.es\/colegioacapulco\/files\/2025\/09\/informacionACTEXTtabloA\u00bfnanuncios-1_page-0001-2048x1448.jpg 2048w, https:\/\/blogsaverroes.juntadeandalucia.es\/colegioacapulco\/files\/2025\/09\/informacionACTEXTtabloA\u00bfnanuncios-1_page-0001-400x284.jpg 400w, https:\/\/blogsaverroes.juntadeandalucia.es\/colegioacapulco\/files\/2025\/09\/informacionACTEXTtabloA\u00bfnanuncios-1_page-0001-1080x764.jpg 1080w, https:\/\/blogsaverroes.juntadeandalucia.es\/colegioacapulco\/files\/2025\/09\/informacionACTEXTtabloA\u00bfnanuncios-1_page-0001-1280x905.jpg 1280w, https:\/\/blogsaverroes.juntadeandalucia.es\/colegioacapulco\/files\/2025\/09\/informacionACTEXTtabloA\u00bfnanuncios-1_page-0001-980x693.jpg 980w, https:\/\/blogsaverroes.juntadeandalucia.es\/colegioacapulco\/files\/2025\/09\/informacionACTEXTtabloA\u00bfnanuncios-1_page-0001-480x339.jpg 480w\" sizes=\"(max-width: 1024px) 100vw, 1024px\" \/><\/span><\/strong><\/p>\n<p>&nbsp;<\/p>\n<p>&nbsp;<\/p>\n<p style=\"text-align: center\"><span style=\"text-decoration: underline;color: #0000ff\"><strong><img loading=\"lazy\" decoding=\"async\" class=\"aligncenter size-large wp-image-1845\" src=\"https:\/\/blogsaverroes.juntadeandalucia.es\/colegioacapulco\/files\/2025\/06\/INFORMACIA_NactividadesExtraescolaresCEIPACAPULCO25-26_page-0002-1024x724.jpg\" alt=\"\" width=\"1024\" height=\"724\" srcset=\"https:\/\/blogsaverroes.juntadeandalucia.es\/colegioacapulco\/files\/2025\/06\/INFORMACIA_NactividadesExtraescolaresCEIPACAPULCO25-26_page-0002-980x693.jpg 980w, https:\/\/blogsaverroes.juntadeandalucia.es\/colegioacapulco\/files\/2025\/06\/INFORMACIA_NactividadesExtraescolaresCEIPACAPULCO25-26_page-0002-480x339.jpg 480w\" sizes=\"(min-width: 0px) and (max-width: 480px) 480px, (min-width: 481px) and (max-width: 980px) 980px, (min-width: 981px) 1024px, 100vw\" \/> <img loading=\"lazy\" decoding=\"async\" class=\"aligncenter size-large wp-image-1846\" src=\"https:\/\/blogsaverroes.juntadeandalucia.es\/colegioacapulco\/files\/2025\/06\/INFORMACIA_NactividadesExtraescolaresCEIPACAPULCO25-26_page-0003-1024x724.jpg\" alt=\"\" width=\"1024\" height=\"724\" srcset=\"https:\/\/blogsaverroes.juntadeandalucia.es\/colegioacapulco\/files\/2025\/06\/INFORMACIA_NactividadesExtraescolaresCEIPACAPULCO25-26_page-0003-980x693.jpg 980w, https:\/\/blogsaverroes.juntadeandalucia.es\/colegioacapulco\/files\/2025\/06\/INFORMACIA_NactividadesExtraescolaresCEIPACAPULCO25-26_page-0003-480x339.jpg 480w\" sizes=\"(min-width: 0px) and (max-width: 480px) 480px, (min-width: 481px) and (max-width: 980px) 980px, (min-width: 981px) 1024px, 100vw\" \/> <img loading=\"lazy\" decoding=\"async\" class=\"aligncenter size-large wp-image-1847\" src=\"https:\/\/blogsaverroes.juntadeandalucia.es\/colegioacapulco\/files\/2025\/06\/INFORMACIA_NactividadesExtraescolaresCEIPACAPULCO25-26_page-0004-1024x724.jpg\" alt=\"\" width=\"1024\" height=\"724\" srcset=\"https:\/\/blogsaverroes.juntadeandalucia.es\/colegioacapulco\/files\/2025\/06\/INFORMACIA_NactividadesExtraescolaresCEIPACAPULCO25-26_page-0004-980x693.jpg 980w, https:\/\/blogsaverroes.juntadeandalucia.es\/colegioacapulco\/files\/2025\/06\/INFORMACIA_NactividadesExtraescolaresCEIPACAPULCO25-26_page-0004-480x339.jpg 480w\" sizes=\"(min-width: 0px) and (max-width: 480px) 480px, (min-width: 481px) and (max-width: 980px) 980px, (min-width: 981px) 1024px, 100vw\" \/> <img loading=\"lazy\" decoding=\"async\" class=\"aligncenter size-large wp-image-1848\" src=\"https:\/\/blogsaverroes.juntadeandalucia.es\/colegioacapulco\/files\/2025\/06\/INFORMACIA_NactividadesExtraescolaresCEIPACAPULCO25-26_page-0005-1024x724.jpg\" alt=\"\" width=\"1024\" height=\"724\" srcset=\"https:\/\/blogsaverroes.juntadeandalucia.es\/colegioacapulco\/files\/2025\/06\/INFORMACIA_NactividadesExtraescolaresCEIPACAPULCO25-26_page-0005-980x693.jpg 980w, https:\/\/blogsaverroes.juntadeandalucia.es\/colegioacapulco\/files\/2025\/06\/INFORMACIA_NactividadesExtraescolaresCEIPACAPULCO25-26_page-0005-480x339.jpg 480w\" sizes=\"(min-width: 0px) and (max-width: 480px) 480px, (min-width: 481px) and (max-width: 980px) 980px, (min-width: 981px) 1024px, 100vw\" \/> <img loading=\"lazy\" decoding=\"async\" class=\"aligncenter size-large wp-image-1849\" src=\"https:\/\/blogsaverroes.juntadeandalucia.es\/colegioacapulco\/files\/2025\/06\/INFORMACIA_NactividadesExtraescolaresCEIPACAPULCO25-26_page-0006-1024x724.jpg\" alt=\"\" width=\"1024\" height=\"724\" srcset=\"https:\/\/blogsaverroes.juntadeandalucia.es\/colegioacapulco\/files\/2025\/06\/INFORMACIA_NactividadesExtraescolaresCEIPACAPULCO25-26_page-0006-980x693.jpg 980w, https:\/\/blogsaverroes.juntadeandalucia.es\/colegioacapulco\/files\/2025\/06\/INFORMACIA_NactividadesExtraescolaresCEIPACAPULCO25-26_page-0006-480x339.jpg 480w\" sizes=\"(min-width: 0px) and (max-width: 480px) 480px, (min-width: 481px) and (max-width: 980px) 980px, (min-width: 981px) 1024px, 100vw\" \/> <img loading=\"lazy\" decoding=\"async\" class=\"aligncenter size-large wp-image-1850\" src=\"https:\/\/blogsaverroes.juntadeandalucia.es\/colegioacapulco\/files\/2025\/06\/INFORMACIA_NactividadesExtraescolaresCEIPACAPULCO25-26_page-0007-1024x724.jpg\" alt=\"\" width=\"1024\" height=\"724\" srcset=\"https:\/\/blogsaverroes.juntadeandalucia.es\/colegioacapulco\/files\/2025\/06\/INFORMACIA_NactividadesExtraescolaresCEIPACAPULCO25-26_page-0007-980x693.jpg 980w, https:\/\/blogsaverroes.juntadeandalucia.es\/colegioacapulco\/files\/2025\/06\/INFORMACIA_NactividadesExtraescolaresCEIPACAPULCO25-26_page-0007-480x339.jpg 480w\" sizes=\"(min-width: 0px) and (max-width: 480px) 480px, (min-width: 481px) and (max-width: 980px) 980px, (min-width: 981px) 1024px, 100vw\" \/> <img loading=\"lazy\" decoding=\"async\" class=\"aligncenter size-large wp-image-1851\" src=\"https:\/\/blogsaverroes.juntadeandalucia.es\/colegioacapulco\/files\/2025\/06\/INFORMACIA_NactividadesExtraescolaresCEIPACAPULCO25-26_page-0008-1024x724.jpg\" alt=\"\" width=\"1024\" height=\"724\" srcset=\"https:\/\/blogsaverroes.juntadeandalucia.es\/colegioacapulco\/files\/2025\/06\/INFORMACIA_NactividadesExtraescolaresCEIPACAPULCO25-26_page-0008-980x693.jpg 980w, https:\/\/blogsaverroes.juntadeandalucia.es\/colegioacapulco\/files\/2025\/06\/INFORMACIA_NactividadesExtraescolaresCEIPACAPULCO25-26_page-0008-480x339.jpg 480w\" sizes=\"(min-width: 0px) and (max-width: 480px) 480px, (min-width: 481px) and (max-width: 980px) 980px, (min-width: 981px) 1024px, 100vw\" \/> <img loading=\"lazy\" decoding=\"async\" class=\"aligncenter size-large wp-image-1852\" src=\"https:\/\/blogsaverroes.juntadeandalucia.es\/colegioacapulco\/files\/2025\/06\/INFORMACIA_NactividadesExtraescolaresCEIPACAPULCO25-26_page-0009-1024x724.jpg\" alt=\"\" width=\"1024\" height=\"724\" srcset=\"https:\/\/blogsaverroes.juntadeandalucia.es\/colegioacapulco\/files\/2025\/06\/INFORMACIA_NactividadesExtraescolaresCEIPACAPULCO25-26_page-0009-980x693.jpg 980w, https:\/\/blogsaverroes.juntadeandalucia.es\/colegioacapulco\/files\/2025\/06\/INFORMACIA_NactividadesExtraescolaresCEIPACAPULCO25-26_page-0009-480x339.jpg 480w\" sizes=\"(min-width: 0px) and (max-width: 480px) 480px, (min-width: 481px) and (max-width: 980px) 980px, (min-width: 981px) 1024px, 100vw\" \/> <img loading=\"lazy\" decoding=\"async\" class=\"aligncenter size-large wp-image-1853\" src=\"https:\/\/blogsaverroes.juntadeandalucia.es\/colegioacapulco\/files\/2025\/06\/INFORMACIA_NactividadesExtraescolaresCEIPACAPULCO25-26_page-0010-1024x724.jpg\" alt=\"\" width=\"1024\" height=\"724\" srcset=\"https:\/\/blogsaverroes.juntadeandalucia.es\/colegioacapulco\/files\/2025\/06\/INFORMACIA_NactividadesExtraescolaresCEIPACAPULCO25-26_page-0010-980x693.jpg 980w, https:\/\/blogsaverroes.juntadeandalucia.es\/colegioacapulco\/files\/2025\/06\/INFORMACIA_NactividadesExtraescolaresCEIPACAPULCO25-26_page-0010-480x339.jpg 480w\" sizes=\"(min-width: 0px) and (max-width: 480px) 480px, (min-width: 481px) and (max-width: 980px) 980px, (min-width: 981px) 1024px, 100vw\" \/> <img loading=\"lazy\" decoding=\"async\" class=\"aligncenter size-large wp-image-1854\" src=\"https:\/\/blogsaverroes.juntadeandalucia.es\/colegioacapulco\/files\/2025\/06\/INFORMACIA_NactividadesExtraescolaresCEIPACAPULCO25-26_page-0011-1024x724.jpg\" alt=\"\" width=\"1024\" height=\"724\" srcset=\"https:\/\/blogsaverroes.juntadeandalucia.es\/colegioacapulco\/files\/2025\/06\/INFORMACIA_NactividadesExtraescolaresCEIPACAPULCO25-26_page-0011-980x693.jpg 980w, https:\/\/blogsaverroes.juntadeandalucia.es\/colegioacapulco\/files\/2025\/06\/INFORMACIA_NactividadesExtraescolaresCEIPACAPULCO25-26_page-0011-480x339.jpg 480w\" sizes=\"(min-width: 0px) and (max-width: 480px) 480px, (min-width: 481px) and (max-width: 980px) 980px, (min-width: 981px) 1024px, 100vw\" \/> <img loading=\"lazy\" decoding=\"async\" class=\"aligncenter size-large wp-image-1855\" src=\"https:\/\/blogsaverroes.juntadeandalucia.es\/colegioacapulco\/files\/2025\/06\/INFORMACIA_NactividadesExtraescolaresCEIPACAPULCO25-26_page-0012-1024x724.jpg\" alt=\"\" width=\"1024\" height=\"724\" srcset=\"https:\/\/blogsaverroes.juntadeandalucia.es\/colegioacapulco\/files\/2025\/06\/INFORMACIA_NactividadesExtraescolaresCEIPACAPULCO25-26_page-0012-980x693.jpg 980w, https:\/\/blogsaverroes.juntadeandalucia.es\/colegioacapulco\/files\/2025\/06\/INFORMACIA_NactividadesExtraescolaresCEIPACAPULCO25-26_page-0012-480x339.jpg 480w\" sizes=\"(min-width: 0px) and (max-width: 480px) 480px, (min-width: 481px) and (max-width: 980px) 980px, (min-width: 981px) 1024px, 100vw\" \/> <img loading=\"lazy\" decoding=\"async\" class=\"aligncenter size-large wp-image-1856\" src=\"https:\/\/blogsaverroes.juntadeandalucia.es\/colegioacapulco\/files\/2025\/06\/INFORMACIA_NactividadesExtraescolaresCEIPACAPULCO25-26_page-0013-1024x724.jpg\" alt=\"\" width=\"1024\" height=\"724\" srcset=\"https:\/\/blogsaverroes.juntadeandalucia.es\/colegioacapulco\/files\/2025\/06\/INFORMACIA_NactividadesExtraescolaresCEIPACAPULCO25-26_page-0013-980x693.jpg 980w, https:\/\/blogsaverroes.juntadeandalucia.es\/colegioacapulco\/files\/2025\/06\/INFORMACIA_NactividadesExtraescolaresCEIPACAPULCO25-26_page-0013-480x339.jpg 480w\" sizes=\"(min-width: 0px) and (max-width: 480px) 480px, (min-width: 481px) and (max-width: 980px) 980px, (min-width: 981px) 1024px, 100vw\" \/> <img loading=\"lazy\" decoding=\"async\" class=\"aligncenter size-large wp-image-1857\" src=\"https:\/\/blogsaverroes.juntadeandalucia.es\/colegioacapulco\/files\/2025\/06\/INFORMACIA_NactividadesExtraescolaresCEIPACAPULCO25-26_page-0014-1024x724.jpg\" alt=\"\" width=\"1024\" height=\"724\" srcset=\"https:\/\/blogsaverroes.juntadeandalucia.es\/colegioacapulco\/files\/2025\/06\/INFORMACIA_NactividadesExtraescolaresCEIPACAPULCO25-26_page-0014-980x693.jpg 980w, https:\/\/blogsaverroes.juntadeandalucia.es\/colegioacapulco\/files\/2025\/06\/INFORMACIA_NactividadesExtraescolaresCEIPACAPULCO25-26_page-0014-480x339.jpg 480w\" sizes=\"(min-width: 0px) and (max-width: 480px) 480px, (min-width: 481px) and (max-width: 980px) 980px, (min-width: 981px) 1024px, 100vw\" \/><\/strong><\/span><\/p>\n<p>&nbsp;<\/p>\n","protected":false},"excerpt":{"rendered":"<p>ACTIVIDADES EXTRAESCOLARES CURSO 2025-2026 (A partir de Octubre 2025) Estimadas familias: El servicio de actividades extraescolares comienza el 1 de octubre. El precio de cada actividad es de 17,51\u20ac (sin aplicar bonificaci\u00f3n). S\u00f3lo se bonifica una actividad, las altas, bajas y\/o modificaciones para el mes de octubre se realizar\u00e1n antes del 25 de Septiembre.Los listados [&hellip;]<\/p>\n","protected":false},"author":7051,"featured_media":1844,"parent":0,"menu_order":0,"comment_status":"closed","ping_status":"closed","template":"","meta":{"_et_pb_use_builder":"off","_et_pb_old_content":"","_et_gb_content_width":"","ngg_post_thumbnail":0,"footnotes":""},"aioseo_notices":[],"_links":{"self":[{"href":"https:\/\/blogsaverroes.juntadeandalucia.es\/colegioacapulco\/wp-json\/wp\/v2\/pages\/836"}],"collection":[{"href":"https:\/\/blogsaverroes.juntadeandalucia.es\/colegioacapulco\/wp-json\/wp\/v2\/pages"}],"about":[{"href":"https:\/\/blogsaverroes.juntadeandalucia.es\/colegioacapulco\/wp-json\/wp\/v2\/types\/page"}],"author":[{"embeddable":true,"href":"https:\/\/blogsaverroes.juntadeandalucia.es\/colegioacapulco\/wp-json\/wp\/v2\/users\/7051"}],"replies":[{"embeddable":true,"href":"https:\/\/blogsaverroes.juntadeandalucia.es\/colegioacapulco\/wp-json\/wp\/v2\/comments?post=836"}],"version-history":[{"count":29,"href":"https:\/\/blogsaverroes.juntadeandalucia.es\/colegioacapulco\/wp-json\/wp\/v2\/pages\/836\/revisions"}],"predecessor-version":[{"id":1250,"href":"https:\/\/blogsaverroes.juntadeandalucia.es\/colegioacapulco\/wp-json\/wp\/v2\/pages\/836\/revisions\/1250"}],"wp:featuredmedia":[{"embeddable":true,"href":"https:\/\/blogsaverroes.juntadeandalucia.es\/colegioacapulco\/wp-json\/wp\/v2\/media\/1844"}],"wp:attachment":[{"href":"https:\/\/blogsaverroes.juntadeandalucia.es\/colegioacapulco\/wp-json\/wp\/v2\/media?parent=836"}],"curies":[{"name":"wp","href":"https:\/\/api.w.org\/{rel}","templated":true}]}}