{"id":871,"date":"2020-12-18T08:57:29","date_gmt":"2020-12-18T07:57:29","guid":{"rendered":"https:\/\/blogsaverroes.juntadeandalucia.es\/pre\/plantilla-pencil\/?page_id=871"},"modified":"2024-10-31T14:35:20","modified_gmt":"2024-10-31T13:35:20","slug":"comedor-escolar","status":"publish","type":"page","link":"https:\/\/blogsaverroes.juntadeandalucia.es\/colegioacapulco\/comedor-escolar\/","title":{"rendered":"Comedor escolar"},"content":{"rendered":"<p style=\"text-align: left\"><span style=\"font-size: 12pt\"><strong><span style=\"color: #000000\">La empresa concesionaria del servicio de comedor escolar de nuestro colegio es <span style=\"text-decoration: underline\"><span style=\"color: #0000ff;text-decoration: underline\">C\u00c1TERING EL C\u00c1NTARO.<\/span><\/span><\/span><\/strong><\/span><\/p>\n<p style=\"text-align: left\"><span style=\"font-size: 12pt\"><strong><span style=\"color: #000000\">Desde el siguiente enlace pueden identificarse seleccionando Colegio Acapulco e introduciendo su DNI.<\/span><\/strong><\/span><\/p>\n<p style=\"text-align: left\"><span style=\"text-decoration: underline;color: #0000ff\"><strong><a style=\"color: #0000ff;text-decoration: underline\" href=\"http:\/\/www.cateringelcantaro.com\/3xl-login_padres.php\">http:\/\/www.cateringelcantaro.com\/3xl-login_padres.php<\/a><\/strong><\/span><\/p>\n<p style=\"text-align: left\"><span style=\"text-decoration: underline;font-size: 12pt\"><span style=\"color: #ff0000\"><strong>Podr\u00e1n comunicar ausencias y justificarlas para evitar cobros indeseados y consultar r\u00e1pidamente los d\u00edas que su hij@ ha asistido al comedor para comprobar los cobros realizados por la empresa.<\/strong><\/span><\/span><\/p>\n<p><img loading=\"lazy\" decoding=\"async\" class=\"alignnone size-full wp-image-1464\" src=\"https:\/\/blogsaverroes.juntadeandalucia.es\/colegioacapulco\/files\/2024\/10\/COMEDOR-INFO-2.jpeg\" alt=\"\" width=\"1021\" height=\"1989\" srcset=\"https:\/\/blogsaverroes.juntadeandalucia.es\/colegioacapulco\/files\/2024\/10\/COMEDOR-INFO-2.jpeg 1021w, https:\/\/blogsaverroes.juntadeandalucia.es\/colegioacapulco\/files\/2024\/10\/COMEDOR-INFO-2-980x1909.jpeg 980w, https:\/\/blogsaverroes.juntadeandalucia.es\/colegioacapulco\/files\/2024\/10\/COMEDOR-INFO-2-480x935.jpeg 480w\" sizes=\"(min-width: 0px) and (max-width: 480px) 480px, (min-width: 481px) and (max-width: 980px) 980px, (min-width: 981px) 1021px, 100vw\" \/> <img loading=\"lazy\" decoding=\"async\" class=\"alignnone size-full wp-image-1463\" src=\"https:\/\/blogsaverroes.juntadeandalucia.es\/colegioacapulco\/files\/2024\/10\/COMEDOR-INFO-1.jpeg\" alt=\"\" width=\"1080\" height=\"1349\" srcset=\"https:\/\/blogsaverroes.juntadeandalucia.es\/colegioacapulco\/files\/2024\/10\/COMEDOR-INFO-1.jpeg 1080w, https:\/\/blogsaverroes.juntadeandalucia.es\/colegioacapulco\/files\/2024\/10\/COMEDOR-INFO-1-980x1224.jpeg 980w, https:\/\/blogsaverroes.juntadeandalucia.es\/colegioacapulco\/files\/2024\/10\/COMEDOR-INFO-1-480x600.jpeg 480w\" sizes=\"(min-width: 0px) and (max-width: 480px) 480px, (min-width: 481px) and (max-width: 980px) 980px, (min-width: 981px) 1080px, 100vw\" \/><\/p>\n","protected":false},"excerpt":{"rendered":"<p>La empresa concesionaria del servicio de comedor escolar de nuestro colegio es C\u00c1TERING EL C\u00c1NTARO. Desde el siguiente enlace pueden identificarse seleccionando Colegio Acapulco e introduciendo su DNI. http:\/\/www.cateringelcantaro.com\/3xl-login_padres.php Podr\u00e1n comunicar ausencias y justificarlas para evitar cobros indeseados y consultar r\u00e1pidamente los d\u00edas que su hij@ ha asistido al comedor para comprobar los cobros realizados [&hellip;]<\/p>\n","protected":false},"author":7051,"featured_media":1256,"parent":0,"menu_order":0,"comment_status":"closed","ping_status":"closed","template":"","meta":{"_et_pb_use_builder":"off","_et_pb_old_content":"","_et_gb_content_width":"","ngg_post_thumbnail":0,"footnotes":""},"aioseo_notices":[],"_links":{"self":[{"href":"https:\/\/blogsaverroes.juntadeandalucia.es\/colegioacapulco\/wp-json\/wp\/v2\/pages\/871"}],"collection":[{"href":"https:\/\/blogsaverroes.juntadeandalucia.es\/colegioacapulco\/wp-json\/wp\/v2\/pages"}],"about":[{"href":"https:\/\/blogsaverroes.juntadeandalucia.es\/colegioacapulco\/wp-json\/wp\/v2\/types\/page"}],"author":[{"embeddable":true,"href":"https:\/\/blogsaverroes.juntadeandalucia.es\/colegioacapulco\/wp-json\/wp\/v2\/users\/7051"}],"replies":[{"embeddable":true,"href":"https:\/\/blogsaverroes.juntadeandalucia.es\/colegioacapulco\/wp-json\/wp\/v2\/comments?post=871"}],"version-history":[{"count":5,"href":"https:\/\/blogsaverroes.juntadeandalucia.es\/colegioacapulco\/wp-json\/wp\/v2\/pages\/871\/revisions"}],"predecessor-version":[{"id":1465,"href":"https:\/\/blogsaverroes.juntadeandalucia.es\/colegioacapulco\/wp-json\/wp\/v2\/pages\/871\/revisions\/1465"}],"wp:featuredmedia":[{"embeddable":true,"href":"https:\/\/blogsaverroes.juntadeandalucia.es\/colegioacapulco\/wp-json\/wp\/v2\/media\/1256"}],"wp:attachment":[{"href":"https:\/\/blogsaverroes.juntadeandalucia.es\/colegioacapulco\/wp-json\/wp\/v2\/media?parent=871"}],"curies":[{"name":"wp","href":"https:\/\/api.w.org\/{rel}","templated":true}]}}