{"id":625,"date":"2022-07-21T10:23:21","date_gmt":"2022-07-21T09:23:21","guid":{"rendered":"https:\/\/blogsaverroes.juntadeandalucia.es\/colegioalbondon\/?page_id=625"},"modified":"2025-11-12T21:03:10","modified_gmt":"2025-11-12T20:03:10","slug":"documentos","status":"publish","type":"page","link":"https:\/\/blogsaverroes.juntadeandalucia.es\/colegioalbondon\/documentos\/","title":{"rendered":"Documentos"},"content":{"rendered":"<p>[et_pb_section fb_built=&#8221;1&#8243; _builder_version=&#8221;4.16&#8243; _module_preset=&#8221;default&#8221; global_colors_info=&#8221;{}&#8221;][et_pb_row _builder_version=&#8221;4.16&#8243; _module_preset=&#8221;default&#8221; global_colors_info=&#8221;{}&#8221;][et_pb_column type=&#8221;4_4&#8243; _builder_version=&#8221;4.16&#8243; _module_preset=&#8221;default&#8221; global_colors_info=&#8221;{}&#8221;][et_pb_text _builder_version=&#8221;4.16&#8243; _module_preset=&#8221;default&#8221; global_colors_info=&#8221;{}&#8221;]<\/p>\n<p style=\"text-align: center\">En este espacio os compartimos toda la documentaci\u00f3n en relaci\u00f3n a nuestro PLAN DE CENTRO.<\/p>\n<p>[\/et_pb_text][\/et_pb_column][\/et_pb_row][et_pb_row column_structure=&#8221;1_3,1_3,1_3&#8243; _builder_version=&#8221;4.16&#8243; _module_preset=&#8221;default&#8221; global_colors_info=&#8221;{}&#8221;][et_pb_column type=&#8221;1_3&#8243; _builder_version=&#8221;4.16&#8243; _module_preset=&#8221;default&#8221; global_colors_info=&#8221;{}&#8221;][et_pb_text _builder_version=&#8221;4.24.2&#8243; _module_preset=&#8221;default&#8221; link_option_url=&#8221;https:\/\/drive.google.com\/file\/d\/1UYE0zZ03df_VlJjnuBphZG7rEwvM58qg\/view?usp=sharing&#8221; global_colors_info=&#8221;{}&#8221;]<\/p>\n<p>PROYECTO EDUCATIVO<\/p>\n<p>[\/et_pb_text][\/et_pb_column][et_pb_column type=&#8221;1_3&#8243; _builder_version=&#8221;4.16&#8243; _module_preset=&#8221;default&#8221; global_colors_info=&#8221;{}&#8221;][et_pb_text _builder_version=&#8221;4.24.2&#8243; _module_preset=&#8221;default&#8221; custom_padding=&#8221;8px|||||&#8221; link_option_url=&#8221;https:\/\/drive.google.com\/file\/d\/1lBFbRyM2pSUX9XZppvLnOEQvhdQaRx_W\/view?usp=sharing&#8221; hover_enabled=&#8221;0&#8243; global_colors_info=&#8221;{}&#8221; sticky_enabled=&#8221;0&#8243;]<\/p>\n<p style=\"text-align: center\">REGLAMENTO DE ORGANIZACI\u00d3N Y FUNCIONAMIENTO<\/p>\n<p>[\/et_pb_text][\/et_pb_column][et_pb_column type=&#8221;1_3&#8243; _builder_version=&#8221;4.16&#8243; _module_preset=&#8221;default&#8221; global_colors_info=&#8221;{}&#8221;][et_pb_text _builder_version=&#8221;4.24.2&#8243; _module_preset=&#8221;default&#8221; link_option_url=&#8221;https:\/\/drive.google.com\/file\/d\/1dKJfHMEoHVsUXy1xEW9XMchoBcbpIcmo\/view?usp=sharing&#8221; hover_enabled=&#8221;0&#8243; global_colors_info=&#8221;{}&#8221; sticky_enabled=&#8221;0&#8243;]<\/p>\n<p>PROYECTO DE GESTI\u00d3N ECON\u00d3MICA<\/p>\n<p>[\/et_pb_text][\/et_pb_column][\/et_pb_row][\/et_pb_section][et_pb_section fb_built=&#8221;1&#8243; _builder_version=&#8221;4.24.2&#8243; _module_preset=&#8221;default&#8221; custom_margin=&#8221;-141px|||||&#8221; link_option_url=&#8221;https:\/\/drive.google.com\/file\/d\/1erhleHll8BKG-gJILOUrj7AeLL4Y6ATz\/view?usp=sharing&#8221; hover_enabled=&#8221;0&#8243; global_colors_info=&#8221;{}&#8221; sticky_enabled=&#8221;0&#8243;][\/et_pb_section]<\/p>\n","protected":false},"excerpt":{"rendered":"<p>En este espacio os compartimos toda la documentaci\u00f3n en relaci\u00f3n a nuestro PLAN DE CENTRO.PROYECTO EDUCATIVOREGLAMENTO DE ORGANIZACI\u00d3N Y FUNCIONAMIENTOPROYECTO DE GESTI\u00d3N ECON\u00d3MICA<\/p>\n","protected":false},"author":15224,"featured_media":0,"parent":0,"menu_order":0,"comment_status":"closed","ping_status":"closed","template":"","meta":{"_et_pb_use_builder":"on","_et_pb_old_content":"En este espacio, queremos compartir con vosotros toda la documentaci\u00f3n que rige el funcionamiento de nuestro Centro.\r\n\r\nEsta se organiza en tres bloques de documentos que conforman nuestro Plan de Centro:\r\n\r\nEl Proyecto Educativo.\r\n\r\nEl Reglamento de Organizaci\u00f3n y Funcionamiento.\r\n\r\nEl Proyecto de Gesti\u00f3n Econ\u00f3mica.","_et_gb_content_width":"","ngg_post_thumbnail":0,"footnotes":""},"aioseo_notices":[],"_links":{"self":[{"href":"https:\/\/blogsaverroes.juntadeandalucia.es\/colegioalbondon\/wp-json\/wp\/v2\/pages\/625"}],"collection":[{"href":"https:\/\/blogsaverroes.juntadeandalucia.es\/colegioalbondon\/wp-json\/wp\/v2\/pages"}],"about":[{"href":"https:\/\/blogsaverroes.juntadeandalucia.es\/colegioalbondon\/wp-json\/wp\/v2\/types\/page"}],"author":[{"embeddable":true,"href":"https:\/\/blogsaverroes.juntadeandalucia.es\/colegioalbondon\/wp-json\/wp\/v2\/users\/15224"}],"replies":[{"embeddable":true,"href":"https:\/\/blogsaverroes.juntadeandalucia.es\/colegioalbondon\/wp-json\/wp\/v2\/comments?post=625"}],"version-history":[{"count":30,"href":"https:\/\/blogsaverroes.juntadeandalucia.es\/colegioalbondon\/wp-json\/wp\/v2\/pages\/625\/revisions"}],"predecessor-version":[{"id":4368,"href":"https:\/\/blogsaverroes.juntadeandalucia.es\/colegioalbondon\/wp-json\/wp\/v2\/pages\/625\/revisions\/4368"}],"wp:attachment":[{"href":"https:\/\/blogsaverroes.juntadeandalucia.es\/colegioalbondon\/wp-json\/wp\/v2\/media?parent=625"}],"curies":[{"name":"wp","href":"https:\/\/api.w.org\/{rel}","templated":true}]}}