{"id":1235,"date":"2020-03-25T16:54:17","date_gmt":"2020-03-25T15:54:17","guid":{"rendered":"http:\/\/blogsaverroes.juntadeandalucia.es\/colegioandalucia\/?page_id=1235"},"modified":"2020-04-20T21:38:47","modified_gmt":"2020-04-20T19:38:47","slug":"auladjaque","status":"publish","type":"page","link":"https:\/\/blogsaverroes.juntadeandalucia.es\/colegioandalucia\/auladjaque\/","title":{"rendered":"AulaDjaque"},"content":{"rendered":"<p><img loading=\"lazy\" decoding=\"async\" class=\"aligncenter size-full wp-image-1237\" src=\"https:\/\/blogsaverroes.juntadeandalucia.es\/colegioandalucia\/files\/2020\/03\/Captura-de-pantalla-2020-03-25-a-las-16.46.54.png\" alt=\"\" width=\"1600\" height=\"530\" srcset=\"https:\/\/blogsaverroes.juntadeandalucia.es\/colegioandalucia\/files\/2020\/03\/Captura-de-pantalla-2020-03-25-a-las-16.46.54.png 1600w, https:\/\/blogsaverroes.juntadeandalucia.es\/colegioandalucia\/files\/2020\/03\/Captura-de-pantalla-2020-03-25-a-las-16.46.54-300x99.png 300w, https:\/\/blogsaverroes.juntadeandalucia.es\/colegioandalucia\/files\/2020\/03\/Captura-de-pantalla-2020-03-25-a-las-16.46.54-768x254.png 768w, https:\/\/blogsaverroes.juntadeandalucia.es\/colegioandalucia\/files\/2020\/03\/Captura-de-pantalla-2020-03-25-a-las-16.46.54-1024x339.png 1024w, https:\/\/blogsaverroes.juntadeandalucia.es\/colegioandalucia\/files\/2020\/03\/Captura-de-pantalla-2020-03-25-a-las-16.46.54-24x8.png 24w, https:\/\/blogsaverroes.juntadeandalucia.es\/colegioandalucia\/files\/2020\/03\/Captura-de-pantalla-2020-03-25-a-las-16.46.54-36x12.png 36w, https:\/\/blogsaverroes.juntadeandalucia.es\/colegioandalucia\/files\/2020\/03\/Captura-de-pantalla-2020-03-25-a-las-16.46.54-48x16.png 48w\" sizes=\"(max-width: 1600px) 100vw, 1600px\" \/><\/p>\n<p>&nbsp;<\/p>\n<header class=\"portlet-topper\">\n<h1 class=\"portlet-title\"><span class=\"portlet-title-text\">Juega en casa con aulaDjaque<\/span><\/h1>\n<menu id=\"portlet-topper-toolbar_56_INSTANCE_3xNqxxxiduhW\" class=\"portlet-topper-toolbar\" type=\"toolbar\"><\/menu>\n<\/header>\n<div class=\"portlet-content\">\n<div class=\" portlet-content-container\">\n<div class=\"portlet-body\">\n<div class=\"journal-content-article\">\n<p>Ante la suspensi\u00f3n de la actividad&nbsp; presencial&nbsp;en los centros docentes por el estado de emergencia sanitaria, los Programas&nbsp; para la&nbsp; Innovaci\u00f3n&nbsp;Educativa han puesto en marcha&nbsp;iniciativas para&nbsp; estar cerca&nbsp;del alumnado, del profesorado y de las familias.&nbsp;Con el fin de estar presentes&nbsp;en los hogares de nuestro&nbsp;alumnado, el Equipo de Coordinaci\u00f3n Pedag\u00f3gica del Programa aulaDjaque publicar\u00e1 (en esta secci\u00f3n y en su canal oficial de&nbsp;<span style=\"color: #0000ff\"><a style=\"color: #0000ff\" href=\"https:\/\/twitter.com\/aulaDjaque\">Twitter<\/a>)<\/span>&nbsp;un desaf\u00edo&nbsp;diario para resolver desde casa. Se pretende&nbsp;ofrecer,&nbsp;a trav\u00e9s del ajedrez,&nbsp;un espacio l\u00fadico y educativo que nos ayude a crear un&nbsp;h\u00e1bito&nbsp;saludable dedicado&nbsp;a la gimnasia mental del noble juego.<\/p>\n<p>El dibujante&nbsp;<strong>\u00c1ngel Id\u00edgoras<\/strong>, humorista gr\u00e1fico de reconocido prestigio (Premio Elgar 2019, entre otras distinciones), no ha dudado en regalarnos el dise\u00f1o del desaf\u00edo aulaDjaque. Es todo un lujo contar con la colaboraci\u00f3n desinteresada de&nbsp;<strong>Id\u00edgoras<\/strong>&nbsp;en&nbsp;esta&nbsp;inicativa y ofrecer a los alumnos\/as una imagen tan atractiva y simp\u00e1tica.<\/p>\n<p>Cada desaf\u00edo tendr\u00e1 un enunciado (\u00abJuegan blancas. Mate en una jugada\u00bb, p.e.) y una marca de dificultad (del 1 al 5) se\u00f1alada en la esquina superior izquierda con la misma&nbsp;cantidad de estrellas. En el ejemplo en blanco que ves m\u00e1s abajo, la dificultad es&nbsp;la m\u00ednima (1).<\/p>\n<p>\u00bfA qu\u00e9 esperas? \u00a1Ya puedes resolver el primer desaf\u00edo!<\/p>\n<\/div>\n<\/div>\n<\/div>\n<\/div>\n<h3><span style=\"color: #ff0000\">Pincha en la Imagen siguiente:<\/span><\/h3>\n<p><a href=\"https:\/\/colaboraeducacion30.juntadeandalucia.es\/educacion\/colabora\/web\/auladjaque\/juega-en-casa\"><img loading=\"lazy\" decoding=\"async\" class=\"aligncenter size-full wp-image-1238\" src=\"https:\/\/blogsaverroes.juntadeandalucia.es\/colegioandalucia\/files\/2020\/03\/Captura-de-pantalla-2020-03-25-a-las-16.50.23.png\" alt=\"\" width=\"1388\" height=\"1024\" srcset=\"https:\/\/blogsaverroes.juntadeandalucia.es\/colegioandalucia\/files\/2020\/03\/Captura-de-pantalla-2020-03-25-a-las-16.50.23.png 1388w, https:\/\/blogsaverroes.juntadeandalucia.es\/colegioandalucia\/files\/2020\/03\/Captura-de-pantalla-2020-03-25-a-las-16.50.23-300x221.png 300w, https:\/\/blogsaverroes.juntadeandalucia.es\/colegioandalucia\/files\/2020\/03\/Captura-de-pantalla-2020-03-25-a-las-16.50.23-768x567.png 768w, https:\/\/blogsaverroes.juntadeandalucia.es\/colegioandalucia\/files\/2020\/03\/Captura-de-pantalla-2020-03-25-a-las-16.50.23-1024x755.png 1024w, https:\/\/blogsaverroes.juntadeandalucia.es\/colegioandalucia\/files\/2020\/03\/Captura-de-pantalla-2020-03-25-a-las-16.50.23-24x18.png 24w, https:\/\/blogsaverroes.juntadeandalucia.es\/colegioandalucia\/files\/2020\/03\/Captura-de-pantalla-2020-03-25-a-las-16.50.23-36x27.png 36w, https:\/\/blogsaverroes.juntadeandalucia.es\/colegioandalucia\/files\/2020\/03\/Captura-de-pantalla-2020-03-25-a-las-16.50.23-48x35.png 48w\" sizes=\"(max-width: 1388px) 100vw, 1388px\" \/><\/a><\/p>\n<h1 class=\"portlet-title\" style=\"text-align: center\"><a href=\"https:\/\/drive.google.com\/drive\/folders\/1AE88zoJoGQXqi69TWYoix57q48-0tUI4?usp=sharing\"><span class=\"portlet-title-text\">JUEGA Y APRENDE CON NUESTROS MATERIALES ELABORADOS PINCHANDO AQU\u00cd Y DESCARGALOS<\/span><\/a><\/h1>\n<h1>&nbsp;<\/h1>\n<h1 class=\"portlet-title\" style=\"text-align: center\"><span class=\"portlet-title-text\">Juega con gente de todo el mundo por esta plataforma<\/span><\/h1>\n<p><a href=\"http:\/\/ajedrezweb.net\/\"><img loading=\"lazy\" decoding=\"async\" class=\"aligncenter size-full wp-image-1245\" src=\"https:\/\/blogsaverroes.juntadeandalucia.es\/colegioandalucia\/files\/2020\/03\/Captura-de-pantalla-2020-03-25-a-las-17.14.10.png\" alt=\"\" width=\"1600\" height=\"135\" srcset=\"https:\/\/blogsaverroes.juntadeandalucia.es\/colegioandalucia\/files\/2020\/03\/Captura-de-pantalla-2020-03-25-a-las-17.14.10.png 1600w, https:\/\/blogsaverroes.juntadeandalucia.es\/colegioandalucia\/files\/2020\/03\/Captura-de-pantalla-2020-03-25-a-las-17.14.10-300x25.png 300w, https:\/\/blogsaverroes.juntadeandalucia.es\/colegioandalucia\/files\/2020\/03\/Captura-de-pantalla-2020-03-25-a-las-17.14.10-768x65.png 768w, https:\/\/blogsaverroes.juntadeandalucia.es\/colegioandalucia\/files\/2020\/03\/Captura-de-pantalla-2020-03-25-a-las-17.14.10-1024x87.png 1024w, https:\/\/blogsaverroes.juntadeandalucia.es\/colegioandalucia\/files\/2020\/03\/Captura-de-pantalla-2020-03-25-a-las-17.14.10-24x2.png 24w, https:\/\/blogsaverroes.juntadeandalucia.es\/colegioandalucia\/files\/2020\/03\/Captura-de-pantalla-2020-03-25-a-las-17.14.10-36x3.png 36w, https:\/\/blogsaverroes.juntadeandalucia.es\/colegioandalucia\/files\/2020\/03\/Captura-de-pantalla-2020-03-25-a-las-17.14.10-48x4.png 48w\" sizes=\"(max-width: 1600px) 100vw, 1600px\" \/><\/a><\/p>\n","protected":false},"excerpt":{"rendered":"<p>&nbsp; Juega en casa con aulaDjaque Ante la suspensi\u00f3n de la actividad&nbsp; presencial&nbsp;en los centros docentes por el estado de emergencia sanitaria, los Programas&nbsp; para la&nbsp; Innovaci\u00f3n&nbsp;Educativa han puesto en marcha&nbsp;iniciativas para&nbsp; estar cerca&nbsp;del&#46;&#46;&#46;<\/p>\n","protected":false},"author":2050,"featured_media":0,"parent":0,"menu_order":0,"comment_status":"closed","ping_status":"closed","template":"","meta":{"footnotes":""},"aioseo_notices":[],"_links":{"self":[{"href":"https:\/\/blogsaverroes.juntadeandalucia.es\/colegioandalucia\/wp-json\/wp\/v2\/pages\/1235"}],"collection":[{"href":"https:\/\/blogsaverroes.juntadeandalucia.es\/colegioandalucia\/wp-json\/wp\/v2\/pages"}],"about":[{"href":"https:\/\/blogsaverroes.juntadeandalucia.es\/colegioandalucia\/wp-json\/wp\/v2\/types\/page"}],"author":[{"embeddable":true,"href":"https:\/\/blogsaverroes.juntadeandalucia.es\/colegioandalucia\/wp-json\/wp\/v2\/users\/2050"}],"replies":[{"embeddable":true,"href":"https:\/\/blogsaverroes.juntadeandalucia.es\/colegioandalucia\/wp-json\/wp\/v2\/comments?post=1235"}],"version-history":[{"count":11,"href":"https:\/\/blogsaverroes.juntadeandalucia.es\/colegioandalucia\/wp-json\/wp\/v2\/pages\/1235\/revisions"}],"predecessor-version":[{"id":1261,"href":"https:\/\/blogsaverroes.juntadeandalucia.es\/colegioandalucia\/wp-json\/wp\/v2\/pages\/1235\/revisions\/1261"}],"wp:attachment":[{"href":"https:\/\/blogsaverroes.juntadeandalucia.es\/colegioandalucia\/wp-json\/wp\/v2\/media?parent=1235"}],"curies":[{"name":"wp","href":"https:\/\/api.w.org\/{rel}","templated":true}]}}