{"id":1440,"date":"2020-10-30T10:54:03","date_gmt":"2020-10-30T09:54:03","guid":{"rendered":"http:\/\/blogsaverroes.juntadeandalucia.es\/colegioandalucia\/?page_id=1440"},"modified":"2025-05-29T21:36:49","modified_gmt":"2025-05-29T19:36:49","slug":"actividades-extraescolares","status":"publish","type":"page","link":"https:\/\/blogsaverroes.juntadeandalucia.es\/colegioandalucia\/actividades-extraescolares\/","title":{"rendered":"Actividades Extraescolares"},"content":{"rendered":"<h1 style=\"text-align: center\">Actividades Extraescolares curso 25-26<\/h1>\n<p>&nbsp;<\/p>\n<h1>Descarga la inscripci\u00f3n para actividades exclusivamente de los viernes pinchando <a href=\"https:\/\/drive.google.com\/file\/d\/1XWxNlqHAfhz_g0iGqcGWmCgq5ZZpZrTY\/view?usp=sharing\">AQU\u00cd<\/a><\/h1>\n<p><strong>Descarga el dosier informativo para m\u00e1s informaci\u00f3n <a href=\"https:\/\/drive.google.com\/file\/d\/1X_ak7gyyTPr_qdxerGRBtIL8b4FWOZs9\/view?usp=sharing\">Aqu\u00ed<\/a><\/strong><\/p>\n<p>&nbsp;<\/p>\n<h1 style=\"text-align: center\">Actividades Extraescolares curso 24-25<\/h1>\n<p>&nbsp;<\/p>\n<h2 style=\"text-align: center\"><span style=\"color: #ff0000\"><strong>Les informamos que el servicio de actividades extraescolares dar\u00e1 comienzo el pr\u00f3ximo martes 1 de octubre.<\/strong><\/span><\/h2>\n<h2 style=\"text-align: center\"><span style=\"color: #ff0000\"><strong>Las familias pueden realizar las altas, bajas o modificaciones del servicio para el mes siguiente antes del 25 de cada mes.<\/strong><\/span><\/h2>\n<h2 style=\"text-align: center\"><span style=\"color: #ff0000\"><strong>El viernes 27 de septiembre se publicar\u00e1 en el tabl\u00f3n de anuncios del centro la relaci\u00f3n del alumnado admitido para el mes de octubre.<\/strong><\/span><\/h2>\n<p><img loading=\"lazy\" decoding=\"async\" class=\"aligncenter size-full wp-image-1890\" src=\"https:\/\/blogsaverroes.juntadeandalucia.es\/colegioandalucia\/files\/2024\/05\/Actividades-Extraescolares-24-25-con-viernes-CEIP-ANDALUCIA_1.jpg\" alt=\"\" width=\"1123\" height=\"794\" srcset=\"https:\/\/blogsaverroes.juntadeandalucia.es\/colegioandalucia\/files\/2024\/05\/Actividades-Extraescolares-24-25-con-viernes-CEIP-ANDALUCIA_1.jpg 1123w, https:\/\/blogsaverroes.juntadeandalucia.es\/colegioandalucia\/files\/2024\/05\/Actividades-Extraescolares-24-25-con-viernes-CEIP-ANDALUCIA_1-300x212.jpg 300w, https:\/\/blogsaverroes.juntadeandalucia.es\/colegioandalucia\/files\/2024\/05\/Actividades-Extraescolares-24-25-con-viernes-CEIP-ANDALUCIA_1-1024x724.jpg 1024w, https:\/\/blogsaverroes.juntadeandalucia.es\/colegioandalucia\/files\/2024\/05\/Actividades-Extraescolares-24-25-con-viernes-CEIP-ANDALUCIA_1-768x543.jpg 768w\" sizes=\"(max-width: 1123px) 100vw, 1123px\" \/><\/p>\n<h1>Descarga la inscripci\u00f3n para actividades exclusivamente de los viernes pinchando <a href=\"https:\/\/drive.google.com\/file\/d\/17r65R6zQMLSo1kDLpBs4XPqoq04yqBl7\/view?usp=sharing\">AQU\u00cd<\/a><\/h1>\n<p><strong>Descarga el dosier informativo para m\u00e1s informaci\u00f3n <a href=\"https:\/\/drive.google.com\/file\/d\/1gjPXkL2miQoZ7f5OikhzqxeOBPPTScx_\/view?usp=sharing\">Aqu\u00ed<\/a><\/strong><\/p>\n<p>&nbsp;<\/p>\n<h1 style=\"text-align: center\">Actividades Extraescolares <span style=\"color: #008000\">JUNIO<\/span> curso 23-24<\/h1>\n<p>&nbsp;<\/p>\n<p>&nbsp;<\/p>\n<h1><img loading=\"lazy\" decoding=\"async\" class=\"aligncenter size-full wp-image-1880\" src=\"https:\/\/blogsaverroes.juntadeandalucia.es\/colegioandalucia\/files\/2024\/05\/CARTEL-OFERTA-ACTIVIDADES-JUNIO-CEIP-ANDALUCIA.jpg\" alt=\"\" width=\"1133\" height=\"799\" srcset=\"https:\/\/blogsaverroes.juntadeandalucia.es\/colegioandalucia\/files\/2024\/05\/CARTEL-OFERTA-ACTIVIDADES-JUNIO-CEIP-ANDALUCIA.jpg 1133w, https:\/\/blogsaverroes.juntadeandalucia.es\/colegioandalucia\/files\/2024\/05\/CARTEL-OFERTA-ACTIVIDADES-JUNIO-CEIP-ANDALUCIA-300x212.jpg 300w, https:\/\/blogsaverroes.juntadeandalucia.es\/colegioandalucia\/files\/2024\/05\/CARTEL-OFERTA-ACTIVIDADES-JUNIO-CEIP-ANDALUCIA-1024x722.jpg 1024w, https:\/\/blogsaverroes.juntadeandalucia.es\/colegioandalucia\/files\/2024\/05\/CARTEL-OFERTA-ACTIVIDADES-JUNIO-CEIP-ANDALUCIA-768x542.jpg 768w\" sizes=\"(max-width: 1133px) 100vw, 1133px\" \/><\/h1>\n<h1>Descarga la inscripci\u00f3n pinchando <a href=\"https:\/\/drive.google.com\/file\/d\/17r65R6zQMLSo1kDLpBs4XPqoq04yqBl7\/view?usp=sharing\">AQU\u00cd<\/a><\/h1>\n<h1><img loading=\"lazy\" decoding=\"async\" class=\"aligncenter size-full wp-image-1885\" src=\"https:\/\/blogsaverroes.juntadeandalucia.es\/colegioandalucia\/files\/2024\/05\/Nota-Informativa-Ipasen-Actividades-Extraescolares-Junio.docx_1-1.jpg\" alt=\"\" width=\"795\" height=\"1123\" srcset=\"https:\/\/blogsaverroes.juntadeandalucia.es\/colegioandalucia\/files\/2024\/05\/Nota-Informativa-Ipasen-Actividades-Extraescolares-Junio.docx_1-1.jpg 795w, https:\/\/blogsaverroes.juntadeandalucia.es\/colegioandalucia\/files\/2024\/05\/Nota-Informativa-Ipasen-Actividades-Extraescolares-Junio.docx_1-1-212x300.jpg 212w, https:\/\/blogsaverroes.juntadeandalucia.es\/colegioandalucia\/files\/2024\/05\/Nota-Informativa-Ipasen-Actividades-Extraescolares-Junio.docx_1-1-725x1024.jpg 725w, https:\/\/blogsaverroes.juntadeandalucia.es\/colegioandalucia\/files\/2024\/05\/Nota-Informativa-Ipasen-Actividades-Extraescolares-Junio.docx_1-1-768x1085.jpg 768w\" sizes=\"(max-width: 795px) 100vw, 795px\" \/><\/h1>\n<h1>&nbsp;<\/h1>\n<h1>&nbsp;<\/h1>\n<h1 style=\"text-align: center\">Actividades Extraescolares curso 23-24<\/h1>\n<p><a href=\"https:\/\/drive.google.com\/file\/d\/120EQ2agan_xH9uGS_ZqT-3G1p19TxFCX\/view?usp=sharing\"><img loading=\"lazy\" decoding=\"async\" class=\"aligncenter size-full wp-image-1798\" src=\"https:\/\/blogsaverroes.juntadeandalucia.es\/colegioandalucia\/files\/2023\/10\/Actividades-Extraescolares-23-24-CEIP-ANDALUC\u00cdA.jpg\" alt=\"\" width=\"1196\" height=\"843\" srcset=\"https:\/\/blogsaverroes.juntadeandalucia.es\/colegioandalucia\/files\/2023\/10\/Actividades-Extraescolares-23-24-CEIP-ANDALUC\u00cdA.jpg 1196w, https:\/\/blogsaverroes.juntadeandalucia.es\/colegioandalucia\/files\/2023\/10\/Actividades-Extraescolares-23-24-CEIP-ANDALUC\u00cdA-300x211.jpg 300w, https:\/\/blogsaverroes.juntadeandalucia.es\/colegioandalucia\/files\/2023\/10\/Actividades-Extraescolares-23-24-CEIP-ANDALUC\u00cdA-1024x722.jpg 1024w, https:\/\/blogsaverroes.juntadeandalucia.es\/colegioandalucia\/files\/2023\/10\/Actividades-Extraescolares-23-24-CEIP-ANDALUC\u00cdA-768x541.jpg 768w\" sizes=\"(max-width: 1196px) 100vw, 1196px\" \/><\/a><\/p>\n<h6>(Descarga m\u00e1s informaci\u00f3n pinchando en la imagen)<\/h6>\n<p>&nbsp;<\/p>\n<p><a href=\"https:\/\/drive.google.com\/file\/d\/1WKlEUIhl1tIcxUvEYRy2w9EKDY81cTXb\/view?usp=sharing\"><img loading=\"lazy\" decoding=\"async\" class=\"aligncenter size-full wp-image-1735\" src=\"https:\/\/blogsaverroes.juntadeandalucia.es\/colegioandalucia\/files\/2023\/05\/Inscripcio\u0301n-educajunior-AAEE-rellenable.png\" alt=\"\" width=\"794\" height=\"1112\" srcset=\"https:\/\/blogsaverroes.juntadeandalucia.es\/colegioandalucia\/files\/2023\/05\/Inscripcio\u0301n-educajunior-AAEE-rellenable.png 794w, https:\/\/blogsaverroes.juntadeandalucia.es\/colegioandalucia\/files\/2023\/05\/Inscripcio\u0301n-educajunior-AAEE-rellenable-214x300.png 214w, https:\/\/blogsaverroes.juntadeandalucia.es\/colegioandalucia\/files\/2023\/05\/Inscripcio\u0301n-educajunior-AAEE-rellenable-731x1024.png 731w, https:\/\/blogsaverroes.juntadeandalucia.es\/colegioandalucia\/files\/2023\/05\/Inscripcio\u0301n-educajunior-AAEE-rellenable-768x1076.png 768w\" sizes=\"(max-width: 794px) 100vw, 794px\" \/><\/a><\/p>\n<h2 style=\"text-align: center\"><span style=\"color: #0000ff\"><strong>IMPRESOS PARA SOLICITAR LOS SERVICIOS COMPLEMENTARIOS<\/strong><\/span><\/h2>\n<ul>\n<li><a href=\"https:\/\/portals.ced.junta-andalucia.es\/educacion\/portals\/delegate\/content\/6c4342f7-1581-4c26-bc7e-2e49b4b64cee\/Anexo%20II.-%20Servicio%20de%20Aula%20Matinal,%20Comedor%20Escolar%20y%20actividades%20Extraescolares\">Anexo II Inscripci\u00f3n Servicios Complementarios (aula matinal, comedor y actividades extraescolares)<\/a><\/li>\n<\/ul>\n","protected":false},"excerpt":{"rendered":"<p>Actividades Extraescolares curso 25-26 &nbsp; Descarga la inscripci\u00f3n para actividades exclusivamente de los viernes pinchando AQU\u00cd Descarga el dosier informativo para m\u00e1s informaci\u00f3n Aqu\u00ed &nbsp; Actividades Extraescolares curso 24-25 &nbsp; Les informamos que el&#46;&#46;&#46;<\/p>\n","protected":false},"author":2050,"featured_media":0,"parent":0,"menu_order":0,"comment_status":"closed","ping_status":"closed","template":"","meta":{"footnotes":""},"aioseo_notices":[],"_links":{"self":[{"href":"https:\/\/blogsaverroes.juntadeandalucia.es\/colegioandalucia\/wp-json\/wp\/v2\/pages\/1440"}],"collection":[{"href":"https:\/\/blogsaverroes.juntadeandalucia.es\/colegioandalucia\/wp-json\/wp\/v2\/pages"}],"about":[{"href":"https:\/\/blogsaverroes.juntadeandalucia.es\/colegioandalucia\/wp-json\/wp\/v2\/types\/page"}],"author":[{"embeddable":true,"href":"https:\/\/blogsaverroes.juntadeandalucia.es\/colegioandalucia\/wp-json\/wp\/v2\/users\/2050"}],"replies":[{"embeddable":true,"href":"https:\/\/blogsaverroes.juntadeandalucia.es\/colegioandalucia\/wp-json\/wp\/v2\/comments?post=1440"}],"version-history":[{"count":34,"href":"https:\/\/blogsaverroes.juntadeandalucia.es\/colegioandalucia\/wp-json\/wp\/v2\/pages\/1440\/revisions"}],"predecessor-version":[{"id":1443,"href":"https:\/\/blogsaverroes.juntadeandalucia.es\/colegioandalucia\/wp-json\/wp\/v2\/pages\/1440\/revisions\/1443"}],"wp:attachment":[{"href":"https:\/\/blogsaverroes.juntadeandalucia.es\/colegioandalucia\/wp-json\/wp\/v2\/media?parent=1440"}],"curies":[{"name":"wp","href":"https:\/\/api.w.org\/{rel}","templated":true}]}}