{"id":1606,"date":"2022-04-13T18:38:45","date_gmt":"2022-04-13T16:38:45","guid":{"rendered":"http:\/\/blogsaverroes.juntadeandalucia.es\/colegioandalucia\/?page_id=1606"},"modified":"2025-03-11T09:55:10","modified_gmt":"2025-03-11T08:55:10","slug":"auxiliares-de-conversacion","status":"publish","type":"page","link":"https:\/\/blogsaverroes.juntadeandalucia.es\/colegioandalucia\/auxiliares-de-conversacion\/","title":{"rendered":"Auxiliares de conversaci\u00f3n"},"content":{"rendered":"<p><strong>Ficha de informaci\u00f3n para auxiliares de conversaci\u00f3n: <a href=\"https:\/\/drive.google.com\/file\/d\/1ry09rgHzsvEIAgB6xOqEn-j_-bobWyR9\/view?usp=sharing\">Descarga aqu\u00ed<\/a><\/strong><\/p>\n<p><strong>Information Sheet for LANGUAGE Assistants: <a href=\"https:\/\/drive.google.com\/file\/d\/1rp-_35XqBg1uXX0vwJnDDdIVw8hU9g_i\/view?usp=sharing\">Download<\/a><\/strong><\/p>\n<p><a href=\"https:\/\/drive.google.com\/file\/d\/1rp-_35XqBg1uXX0vwJnDDdIVw8hU9g_i\/view?usp=sharing\"><img loading=\"lazy\" decoding=\"async\" class=\"aligncenter size-full wp-image-2018\" src=\"https:\/\/blogsaverroes.juntadeandalucia.es\/colegioandalucia\/files\/2025\/03\/English_Information-sheet-for-LA-25.26_Pagina_1-1.jpg\" alt=\"\" width=\"1654\" height=\"2339\" srcset=\"https:\/\/blogsaverroes.juntadeandalucia.es\/colegioandalucia\/files\/2025\/03\/English_Information-sheet-for-LA-25.26_Pagina_1-1.jpg 1131w, https:\/\/blogsaverroes.juntadeandalucia.es\/colegioandalucia\/files\/2025\/03\/English_Information-sheet-for-LA-25.26_Pagina_1-1-212x300.jpg 212w, https:\/\/blogsaverroes.juntadeandalucia.es\/colegioandalucia\/files\/2025\/03\/English_Information-sheet-for-LA-25.26_Pagina_1-1-724x1024.jpg 724w, https:\/\/blogsaverroes.juntadeandalucia.es\/colegioandalucia\/files\/2025\/03\/English_Information-sheet-for-LA-25.26_Pagina_1-1-768x1086.jpg 768w, https:\/\/blogsaverroes.juntadeandalucia.es\/colegioandalucia\/files\/2025\/03\/English_Information-sheet-for-LA-25.26_Pagina_1-1-1086x1536.jpg 1086w, https:\/\/blogsaverroes.juntadeandalucia.es\/colegioandalucia\/files\/2025\/03\/English_Information-sheet-for-LA-25.26_Pagina_1-1-1448x2048.jpg 1448w\" sizes=\"(max-width: 1654px) 100vw, 1654px\" \/><\/a> <img loading=\"lazy\" decoding=\"async\" class=\"aligncenter size-full wp-image-2019\" src=\"https:\/\/blogsaverroes.juntadeandalucia.es\/colegioandalucia\/files\/2025\/03\/English_Information-sheet-for-LA-25.26_Pagina_2-1.jpg\" alt=\"\" width=\"1654\" height=\"2339\" srcset=\"https:\/\/blogsaverroes.juntadeandalucia.es\/colegioandalucia\/files\/2025\/03\/English_Information-sheet-for-LA-25.26_Pagina_2-1.jpg 1131w, https:\/\/blogsaverroes.juntadeandalucia.es\/colegioandalucia\/files\/2025\/03\/English_Information-sheet-for-LA-25.26_Pagina_2-1-212x300.jpg 212w, https:\/\/blogsaverroes.juntadeandalucia.es\/colegioandalucia\/files\/2025\/03\/English_Information-sheet-for-LA-25.26_Pagina_2-1-724x1024.jpg 724w, https:\/\/blogsaverroes.juntadeandalucia.es\/colegioandalucia\/files\/2025\/03\/English_Information-sheet-for-LA-25.26_Pagina_2-1-768x1086.jpg 768w, https:\/\/blogsaverroes.juntadeandalucia.es\/colegioandalucia\/files\/2025\/03\/English_Information-sheet-for-LA-25.26_Pagina_2-1-1086x1536.jpg 1086w, https:\/\/blogsaverroes.juntadeandalucia.es\/colegioandalucia\/files\/2025\/03\/English_Information-sheet-for-LA-25.26_Pagina_2-1-1448x2048.jpg 1448w\" sizes=\"(max-width: 1654px) 100vw, 1654px\" \/> <img loading=\"lazy\" decoding=\"async\" class=\"aligncenter size-full wp-image-2020\" src=\"https:\/\/blogsaverroes.juntadeandalucia.es\/colegioandalucia\/files\/2025\/03\/English_Information-sheet-for-LA-25.26_Pagina_3-1.jpg\" alt=\"\" width=\"1654\" height=\"2339\" srcset=\"https:\/\/blogsaverroes.juntadeandalucia.es\/colegioandalucia\/files\/2025\/03\/English_Information-sheet-for-LA-25.26_Pagina_3-1.jpg 1654w, https:\/\/blogsaverroes.juntadeandalucia.es\/colegioandalucia\/files\/2025\/03\/English_Information-sheet-for-LA-25.26_Pagina_3-1-212x300.jpg 212w, https:\/\/blogsaverroes.juntadeandalucia.es\/colegioandalucia\/files\/2025\/03\/English_Information-sheet-for-LA-25.26_Pagina_3-1-724x1024.jpg 724w, https:\/\/blogsaverroes.juntadeandalucia.es\/colegioandalucia\/files\/2025\/03\/English_Information-sheet-for-LA-25.26_Pagina_3-1-768x1086.jpg 768w, https:\/\/blogsaverroes.juntadeandalucia.es\/colegioandalucia\/files\/2025\/03\/English_Information-sheet-for-LA-25.26_Pagina_3-1-1086x1536.jpg 1086w, https:\/\/blogsaverroes.juntadeandalucia.es\/colegioandalucia\/files\/2025\/03\/English_Information-sheet-for-LA-25.26_Pagina_3-1-1448x2048.jpg 1448w\" sizes=\"(max-width: 1654px) 100vw, 1654px\" \/><\/p>\n<p>&nbsp;<\/p>\n<p><a href=\"https:\/\/drive.google.com\/file\/d\/1ry09rgHzsvEIAgB6xOqEn-j_-bobWyR9\/view?usp=sharing\"><img loading=\"lazy\" decoding=\"async\" class=\"aligncenter size-full wp-image-2021\" src=\"https:\/\/blogsaverroes.juntadeandalucia.es\/colegioandalucia\/files\/2025\/03\/ESPANOL_Ficha-Informativa-para-AACC-25.26._Pagina_1.jpg\" alt=\"\" width=\"1654\" height=\"2339\" srcset=\"https:\/\/blogsaverroes.juntadeandalucia.es\/colegioandalucia\/files\/2025\/03\/ESPANOL_Ficha-Informativa-para-AACC-25.26._Pagina_1.jpg 1131w, https:\/\/blogsaverroes.juntadeandalucia.es\/colegioandalucia\/files\/2025\/03\/ESPANOL_Ficha-Informativa-para-AACC-25.26._Pagina_1-212x300.jpg 212w, https:\/\/blogsaverroes.juntadeandalucia.es\/colegioandalucia\/files\/2025\/03\/ESPANOL_Ficha-Informativa-para-AACC-25.26._Pagina_1-724x1024.jpg 724w, https:\/\/blogsaverroes.juntadeandalucia.es\/colegioandalucia\/files\/2025\/03\/ESPANOL_Ficha-Informativa-para-AACC-25.26._Pagina_1-768x1086.jpg 768w, https:\/\/blogsaverroes.juntadeandalucia.es\/colegioandalucia\/files\/2025\/03\/ESPANOL_Ficha-Informativa-para-AACC-25.26._Pagina_1-1086x1536.jpg 1086w, https:\/\/blogsaverroes.juntadeandalucia.es\/colegioandalucia\/files\/2025\/03\/ESPANOL_Ficha-Informativa-para-AACC-25.26._Pagina_1-1448x2048.jpg 1448w\" sizes=\"(max-width: 1654px) 100vw, 1654px\" \/><\/a> <img loading=\"lazy\" decoding=\"async\" class=\"aligncenter size-full wp-image-2022\" src=\"https:\/\/blogsaverroes.juntadeandalucia.es\/colegioandalucia\/files\/2025\/03\/ESPANOL_Ficha-Informativa-para-AACC-25.26._Pagina_2.jpg\" alt=\"\" width=\"1654\" height=\"2339\" srcset=\"https:\/\/blogsaverroes.juntadeandalucia.es\/colegioandalucia\/files\/2025\/03\/ESPANOL_Ficha-Informativa-para-AACC-25.26._Pagina_2.jpg 1131w, https:\/\/blogsaverroes.juntadeandalucia.es\/colegioandalucia\/files\/2025\/03\/ESPANOL_Ficha-Informativa-para-AACC-25.26._Pagina_2-212x300.jpg 212w, https:\/\/blogsaverroes.juntadeandalucia.es\/colegioandalucia\/files\/2025\/03\/ESPANOL_Ficha-Informativa-para-AACC-25.26._Pagina_2-724x1024.jpg 724w, https:\/\/blogsaverroes.juntadeandalucia.es\/colegioandalucia\/files\/2025\/03\/ESPANOL_Ficha-Informativa-para-AACC-25.26._Pagina_2-768x1086.jpg 768w, https:\/\/blogsaverroes.juntadeandalucia.es\/colegioandalucia\/files\/2025\/03\/ESPANOL_Ficha-Informativa-para-AACC-25.26._Pagina_2-1086x1536.jpg 1086w, https:\/\/blogsaverroes.juntadeandalucia.es\/colegioandalucia\/files\/2025\/03\/ESPANOL_Ficha-Informativa-para-AACC-25.26._Pagina_2-1448x2048.jpg 1448w\" sizes=\"(max-width: 1654px) 100vw, 1654px\" \/> <img loading=\"lazy\" decoding=\"async\" class=\"aligncenter size-full wp-image-2023\" src=\"https:\/\/blogsaverroes.juntadeandalucia.es\/colegioandalucia\/files\/2025\/03\/ESPANOL_Ficha-Informativa-para-AACC-25.26._Pagina_3.jpg\" alt=\"\" width=\"1654\" height=\"2339\" srcset=\"https:\/\/blogsaverroes.juntadeandalucia.es\/colegioandalucia\/files\/2025\/03\/ESPANOL_Ficha-Informativa-para-AACC-25.26._Pagina_3.jpg 1131w, https:\/\/blogsaverroes.juntadeandalucia.es\/colegioandalucia\/files\/2025\/03\/ESPANOL_Ficha-Informativa-para-AACC-25.26._Pagina_3-212x300.jpg 212w, https:\/\/blogsaverroes.juntadeandalucia.es\/colegioandalucia\/files\/2025\/03\/ESPANOL_Ficha-Informativa-para-AACC-25.26._Pagina_3-724x1024.jpg 724w, https:\/\/blogsaverroes.juntadeandalucia.es\/colegioandalucia\/files\/2025\/03\/ESPANOL_Ficha-Informativa-para-AACC-25.26._Pagina_3-768x1086.jpg 768w, https:\/\/blogsaverroes.juntadeandalucia.es\/colegioandalucia\/files\/2025\/03\/ESPANOL_Ficha-Informativa-para-AACC-25.26._Pagina_3-1086x1536.jpg 1086w, https:\/\/blogsaverroes.juntadeandalucia.es\/colegioandalucia\/files\/2025\/03\/ESPANOL_Ficha-Informativa-para-AACC-25.26._Pagina_3-1448x2048.jpg 1448w\" sizes=\"(max-width: 1654px) 100vw, 1654px\" \/><\/p>\n<p>&nbsp;<\/p>\n<p>&nbsp;<\/p>\n","protected":false},"excerpt":{"rendered":"<p>Ficha de informaci\u00f3n para auxiliares de conversaci\u00f3n: Descarga aqu\u00ed Information Sheet for LANGUAGE Assistants: Download &nbsp; &nbsp; &nbsp;<\/p>\n","protected":false},"author":2050,"featured_media":0,"parent":0,"menu_order":0,"comment_status":"closed","ping_status":"closed","template":"","meta":{"footnotes":""},"aioseo_notices":[],"_links":{"self":[{"href":"https:\/\/blogsaverroes.juntadeandalucia.es\/colegioandalucia\/wp-json\/wp\/v2\/pages\/1606"}],"collection":[{"href":"https:\/\/blogsaverroes.juntadeandalucia.es\/colegioandalucia\/wp-json\/wp\/v2\/pages"}],"about":[{"href":"https:\/\/blogsaverroes.juntadeandalucia.es\/colegioandalucia\/wp-json\/wp\/v2\/types\/page"}],"author":[{"embeddable":true,"href":"https:\/\/blogsaverroes.juntadeandalucia.es\/colegioandalucia\/wp-json\/wp\/v2\/users\/2050"}],"replies":[{"embeddable":true,"href":"https:\/\/blogsaverroes.juntadeandalucia.es\/colegioandalucia\/wp-json\/wp\/v2\/comments?post=1606"}],"version-history":[{"count":7,"href":"https:\/\/blogsaverroes.juntadeandalucia.es\/colegioandalucia\/wp-json\/wp\/v2\/pages\/1606\/revisions"}],"predecessor-version":[{"id":2024,"href":"https:\/\/blogsaverroes.juntadeandalucia.es\/colegioandalucia\/wp-json\/wp\/v2\/pages\/1606\/revisions\/2024"}],"wp:attachment":[{"href":"https:\/\/blogsaverroes.juntadeandalucia.es\/colegioandalucia\/wp-json\/wp\/v2\/media?parent=1606"}],"curies":[{"name":"wp","href":"https:\/\/api.w.org\/{rel}","templated":true}]}}