{"id":1700,"date":"2023-02-15T10:50:33","date_gmt":"2023-02-15T09:50:33","guid":{"rendered":"http:\/\/blogsaverroes.juntadeandalucia.es\/colegioandalucia\/?page_id=1700"},"modified":"2025-01-09T11:34:10","modified_gmt":"2025-01-09T10:34:10","slug":"tecnicas-y-habitos-de-estudio-eficaz-ceip-andalucia","status":"publish","type":"page","link":"https:\/\/blogsaverroes.juntadeandalucia.es\/colegioandalucia\/tecnicas-y-habitos-de-estudio-eficaz-ceip-andalucia\/","title":{"rendered":"T\u00e9cnicas y h\u00e1bitos de estudio eficaz"},"content":{"rendered":"<p><a href=\"https:\/\/www.canva.com\/design\/DAFLZAmWJUQ\/bvikCIxBxcLC72o99P36YA\/view?utm_content=DAFLZAmWJUQ&amp;utm_campaign=designshare&amp;utm_medium=link&amp;utm_source=publishsharelink#7\"><img loading=\"lazy\" decoding=\"async\" class=\"aligncenter wp-image-1701 size-full\" src=\"https:\/\/blogsaverroes.juntadeandalucia.es\/colegioandalucia\/files\/2023\/02\/Tecnicas-de-estudio.jpg\" alt=\"\" width=\"1279\" height=\"720\" srcset=\"https:\/\/blogsaverroes.juntadeandalucia.es\/colegioandalucia\/files\/2023\/02\/Tecnicas-de-estudio.jpg 1279w, https:\/\/blogsaverroes.juntadeandalucia.es\/colegioandalucia\/files\/2023\/02\/Tecnicas-de-estudio-300x169.jpg 300w, https:\/\/blogsaverroes.juntadeandalucia.es\/colegioandalucia\/files\/2023\/02\/Tecnicas-de-estudio-1024x576.jpg 1024w, https:\/\/blogsaverroes.juntadeandalucia.es\/colegioandalucia\/files\/2023\/02\/Tecnicas-de-estudio-768x432.jpg 768w\" sizes=\"(max-width: 1279px) 100vw, 1279px\" \/><\/a><\/p>\n<p>&nbsp;<\/p>\n<p>C\u00f3mo mejorar en el estudio T\u00e9cnicas de estudio del CEIP Andaluc\u00eda Fuengirola. <a href=\"https:\/\/drive.google.com\/file\/d\/18yGdt_-4efKA6FpvN_SMW09iwxzEOdZu\/view?usp=sharing\">Pincha aqu\u00ed para descargar documento.<\/a><\/p>\n<p>&nbsp;<\/p>\n<p>&nbsp;<\/p>\n","protected":false},"excerpt":{"rendered":"<p>&nbsp; C\u00f3mo mejorar en el estudio T\u00e9cnicas de estudio del CEIP Andaluc\u00eda Fuengirola. Pincha aqu\u00ed para descargar documento. &nbsp; &nbsp;<\/p>\n","protected":false},"author":2050,"featured_media":0,"parent":0,"menu_order":0,"comment_status":"closed","ping_status":"closed","template":"","meta":{"footnotes":""},"aioseo_notices":[],"_links":{"self":[{"href":"https:\/\/blogsaverroes.juntadeandalucia.es\/colegioandalucia\/wp-json\/wp\/v2\/pages\/1700"}],"collection":[{"href":"https:\/\/blogsaverroes.juntadeandalucia.es\/colegioandalucia\/wp-json\/wp\/v2\/pages"}],"about":[{"href":"https:\/\/blogsaverroes.juntadeandalucia.es\/colegioandalucia\/wp-json\/wp\/v2\/types\/page"}],"author":[{"embeddable":true,"href":"https:\/\/blogsaverroes.juntadeandalucia.es\/colegioandalucia\/wp-json\/wp\/v2\/users\/2050"}],"replies":[{"embeddable":true,"href":"https:\/\/blogsaverroes.juntadeandalucia.es\/colegioandalucia\/wp-json\/wp\/v2\/comments?post=1700"}],"version-history":[{"count":4,"href":"https:\/\/blogsaverroes.juntadeandalucia.es\/colegioandalucia\/wp-json\/wp\/v2\/pages\/1700\/revisions"}],"predecessor-version":[{"id":1971,"href":"https:\/\/blogsaverroes.juntadeandalucia.es\/colegioandalucia\/wp-json\/wp\/v2\/pages\/1700\/revisions\/1971"}],"wp:attachment":[{"href":"https:\/\/blogsaverroes.juntadeandalucia.es\/colegioandalucia\/wp-json\/wp\/v2\/media?parent=1700"}],"curies":[{"name":"wp","href":"https:\/\/api.w.org\/{rel}","templated":true}]}}