{"id":2040,"date":"2025-05-29T21:37:16","date_gmt":"2025-05-29T19:37:16","guid":{"rendered":"https:\/\/blogsaverroes.juntadeandalucia.es\/colegioandalucia\/?page_id=2040"},"modified":"2025-05-29T21:38:52","modified_gmt":"2025-05-29T19:38:52","slug":"aula-de-medio-dia","status":"publish","type":"page","link":"https:\/\/blogsaverroes.juntadeandalucia.es\/colegioandalucia\/aula-de-medio-dia\/","title":{"rendered":"Aula de Mediod\u00eda"},"content":{"rendered":"<h1>Descarga la inscripci\u00f3n para el aula de mediod\u00eda pinchando <a href=\"https:\/\/drive.google.com\/file\/d\/1XYJ4TQBsKMeO45VRZS8PYEcIisLacA6W\/view?usp=sharing\">AQU\u00cd<\/a><\/h1>\n<p>&nbsp;<\/p>\n","protected":false},"excerpt":{"rendered":"<p>Descarga la inscripci\u00f3n para el aula de mediod\u00eda pinchando AQU\u00cd &nbsp;<\/p>\n","protected":false},"author":2050,"featured_media":0,"parent":0,"menu_order":0,"comment_status":"closed","ping_status":"closed","template":"","meta":{"footnotes":""},"aioseo_notices":[],"_links":{"self":[{"href":"https:\/\/blogsaverroes.juntadeandalucia.es\/colegioandalucia\/wp-json\/wp\/v2\/pages\/2040"}],"collection":[{"href":"https:\/\/blogsaverroes.juntadeandalucia.es\/colegioandalucia\/wp-json\/wp\/v2\/pages"}],"about":[{"href":"https:\/\/blogsaverroes.juntadeandalucia.es\/colegioandalucia\/wp-json\/wp\/v2\/types\/page"}],"author":[{"embeddable":true,"href":"https:\/\/blogsaverroes.juntadeandalucia.es\/colegioandalucia\/wp-json\/wp\/v2\/users\/2050"}],"replies":[{"embeddable":true,"href":"https:\/\/blogsaverroes.juntadeandalucia.es\/colegioandalucia\/wp-json\/wp\/v2\/comments?post=2040"}],"version-history":[{"count":3,"href":"https:\/\/blogsaverroes.juntadeandalucia.es\/colegioandalucia\/wp-json\/wp\/v2\/pages\/2040\/revisions"}],"predecessor-version":[{"id":2043,"href":"https:\/\/blogsaverroes.juntadeandalucia.es\/colegioandalucia\/wp-json\/wp\/v2\/pages\/2040\/revisions\/2043"}],"wp:attachment":[{"href":"https:\/\/blogsaverroes.juntadeandalucia.es\/colegioandalucia\/wp-json\/wp\/v2\/media?parent=2040"}],"curies":[{"name":"wp","href":"https:\/\/api.w.org\/{rel}","templated":true}]}}