{"id":236,"date":"2016-08-28T18:07:42","date_gmt":"2016-08-28T16:07:42","guid":{"rendered":"http:\/\/blogsaverroes.juntadeandalucia.es\/colegioandalucia\/?page_id=236"},"modified":"2021-03-01T12:24:33","modified_gmt":"2021-03-01T11:24:33","slug":"contacto","status":"publish","type":"page","link":"https:\/\/blogsaverroes.juntadeandalucia.es\/colegioandalucia\/contacto\/","title":{"rendered":"Contacto"},"content":{"rendered":"<p style=\"text-align: center\"><img loading=\"lazy\" decoding=\"async\" class=\"aligncenter size-full wp-image-1203\" src=\"https:\/\/blogsaverroes.juntadeandalucia.es\/colegioandalucia\/files\/2020\/03\/redes-sociales-CEIP-Andaluc\u00eda-con-youtube.png\" alt=\"\" width=\"1172\" height=\"590\" srcset=\"https:\/\/blogsaverroes.juntadeandalucia.es\/colegioandalucia\/files\/2020\/03\/redes-sociales-CEIP-Andaluc\u00eda-con-youtube.png 1172w, https:\/\/blogsaverroes.juntadeandalucia.es\/colegioandalucia\/files\/2020\/03\/redes-sociales-CEIP-Andaluc\u00eda-con-youtube-300x151.png 300w, https:\/\/blogsaverroes.juntadeandalucia.es\/colegioandalucia\/files\/2020\/03\/redes-sociales-CEIP-Andaluc\u00eda-con-youtube-768x387.png 768w, https:\/\/blogsaverroes.juntadeandalucia.es\/colegioandalucia\/files\/2020\/03\/redes-sociales-CEIP-Andaluc\u00eda-con-youtube-1024x515.png 1024w, https:\/\/blogsaverroes.juntadeandalucia.es\/colegioandalucia\/files\/2020\/03\/redes-sociales-CEIP-Andaluc\u00eda-con-youtube-24x12.png 24w, https:\/\/blogsaverroes.juntadeandalucia.es\/colegioandalucia\/files\/2020\/03\/redes-sociales-CEIP-Andaluc\u00eda-con-youtube-36x18.png 36w, https:\/\/blogsaverroes.juntadeandalucia.es\/colegioandalucia\/files\/2020\/03\/redes-sociales-CEIP-Andaluc\u00eda-con-youtube-48x24.png 48w\" sizes=\"(max-width: 1172px) 100vw, 1172px\" \/><\/p>\n<p style=\"text-align: center\"><b>C\/ Mallorca, 7<\/b><br \/>\n<b>29640 FUENGIROLA (M\u00e1laga)<\/b><br \/>\n<b>Tfno.: 951269598 (marcaci\u00f3n exclusiva para red corporativa: 992598)<\/b><\/p>\n<p style=\"text-align: center\"><strong>Tfno. (m\u00f3vil Secretar\u00eda): 671597910<\/strong><\/p>\n<p style=\"text-align: center\"><b>Fax: 951269599 (marcaci\u00f3n exclusiva para red corporativa: 992599)<\/b><br \/>\n<b>Sitio web: www.colegioandalucia.org<\/b><br \/>\n<b>Correo electr\u00f3nico: 29009569.edu@juntadeandalucia.es<\/b><\/p>\n<p><iframe loading=\"lazy\" title=\"Descubre el CEIP Andaluc\u00eda, reconocido con nuestro Premio Escuela Emprendedora 2018\" width=\"500\" height=\"281\" src=\"https:\/\/www.youtube.com\/embed\/zqrd6SCaMDw?feature=oembed&#038;wmode=opaque\" frameborder=\"0\" allow=\"accelerometer; autoplay; clipboard-write; encrypted-media; gyroscope; picture-in-picture; web-share\" referrerpolicy=\"strict-origin-when-cross-origin\" allowfullscreen><\/iframe><\/p>\n<div style=\"height: 0;padding-bottom: 56.25%\">[youtube https:\/\/www.youtube.com\/watch?v=nSyRSTGhC9w?ecver=2]<\/div>\n","protected":false},"excerpt":{"rendered":"<p>C\/ Mallorca, 7 29640 FUENGIROLA (M\u00e1laga) Tfno.: 951269598 (marcaci\u00f3n exclusiva para red corporativa: 992598) Tfno. (m\u00f3vil Secretar\u00eda): 671597910 Fax: 951269599 (marcaci\u00f3n exclusiva para red corporativa: 992599) Sitio web: www.colegioandalucia.org Correo electr\u00f3nico: 29009569.edu@juntadeandalucia.es [youtube https:\/\/www.youtube.com\/watch?v=nSyRSTGhC9w?ecver=2]<\/p>\n","protected":false},"author":2050,"featured_media":0,"parent":0,"menu_order":0,"comment_status":"closed","ping_status":"open","template":"","meta":{"footnotes":""},"aioseo_notices":[],"_links":{"self":[{"href":"https:\/\/blogsaverroes.juntadeandalucia.es\/colegioandalucia\/wp-json\/wp\/v2\/pages\/236"}],"collection":[{"href":"https:\/\/blogsaverroes.juntadeandalucia.es\/colegioandalucia\/wp-json\/wp\/v2\/pages"}],"about":[{"href":"https:\/\/blogsaverroes.juntadeandalucia.es\/colegioandalucia\/wp-json\/wp\/v2\/types\/page"}],"author":[{"embeddable":true,"href":"https:\/\/blogsaverroes.juntadeandalucia.es\/colegioandalucia\/wp-json\/wp\/v2\/users\/2050"}],"replies":[{"embeddable":true,"href":"https:\/\/blogsaverroes.juntadeandalucia.es\/colegioandalucia\/wp-json\/wp\/v2\/comments?post=236"}],"version-history":[{"count":9,"href":"https:\/\/blogsaverroes.juntadeandalucia.es\/colegioandalucia\/wp-json\/wp\/v2\/pages\/236\/revisions"}],"predecessor-version":[{"id":1497,"href":"https:\/\/blogsaverroes.juntadeandalucia.es\/colegioandalucia\/wp-json\/wp\/v2\/pages\/236\/revisions\/1497"}],"wp:attachment":[{"href":"https:\/\/blogsaverroes.juntadeandalucia.es\/colegioandalucia\/wp-json\/wp\/v2\/media?parent=236"}],"curies":[{"name":"wp","href":"https:\/\/api.w.org\/{rel}","templated":true}]}}