{"id":24,"date":"2015-12-11T09:45:03","date_gmt":"2015-12-11T09:45:03","guid":{"rendered":"http:\/\/blogsaverroes.juntadeandalucia.es\/colegioandalucia\/?page_id=24"},"modified":"2015-12-11T09:45:03","modified_gmt":"2015-12-11T09:45:03","slug":"escuela-publica","status":"publish","type":"page","link":"https:\/\/blogsaverroes.juntadeandalucia.es\/colegioandalucia\/escuela-publica\/","title":{"rendered":"Escuela p\u00fablica"},"content":{"rendered":"<p><b><span style=\"font-family: Verdana\"><span style=\"color: #006600\">Escuela P\u00fablica<\/span><\/span><\/b><\/p>\n<hr size=\"1\" width=\"100%\" \/>\n<blockquote><p><span style=\"font-family: Verdana\"><span style=\"color: #000099\">Las distintas cuestiones sobre la escuela p\u00fablica, su organizaci\u00f3n y fines, sus recursos y autonom\u00eda real est\u00e1n cada d\u00eda m\u00e1s vigentes. Desde la modesta contribuci\u00f3n de nuestro colectivo, recogemos esos peque\u00f1os detalles que hacen de la escuela p\u00fablica un lugar de encuentro e igualdad. Donde Elenita se codea con Anuar, Sara con Ismael y Yaman acierta entre balbuceos con algunas palabras en espa\u00f1ol: maestra. Esa misma maestra que, a menudo sin medios, ayuda a salir adelante a la nueva babel de su clase.<\/span><\/span><span style=\"font-family: Verdana\"><span style=\"color: #000099\">M\u00e1ndanos tu colaboraci\u00f3n, tu visi\u00f3n de este mundo escolar, tu experiencia en las aulas de todos. Tambi\u00e9n tus carencias. Porque, eso s\u00ed, son desgraciadamente tantas&#8230;<\/span><\/span><\/p>\n<p><span style=\"font-family: Verdana\"><span style=\"color: #000099\">Presentamos dos art\u00edculos extra\u00eddos de la revista Andaluc\u00eda Educativa:<\/span><\/span><\/p>\n<p><span style=\"font-family: Verdana\"><span style=\"color: #000099\"><a href=\"http:\/\/www.juntadeandalucia.es\/averroes\/colegioandalucia\/escuelapublica.pdf\">Elenita, mi hijo y la Escuela P\u00fablica <b>J.Felix Angulo Rasco<\/b><\/a><\/span><\/span><br \/>\n<span style=\"font-family: Verdana\"><span style=\"color: #000099\"><a href=\"http:\/\/www.juntadeandalucia.es\/averroes\/colegioandalucia\/exitosyderrotas.pdf\">\u00c9xitos y derrotas en la profesi\u00f3n docente <b>Jos\u00e9 Manuel Esteve Zarazaga<\/b><\/a><\/span><\/span><br \/>\n<span style=\"font-family: Verdana\"><span style=\"color: #000099\"><a href=\"http:\/\/www.juntadeandalucia.es\/averroes\/colegioandalucia\/medidasmejoracondicionesprofes.pdf\">Acuerdo entre la Consejer\u00eda de Ed. y Ciencia y las organizaciones sindicales para la mejora de la condiciones laborales y profesionales del profesorado de la ense\u00f1anza p\u00fablica<\/a><\/span><\/span><br \/>\n<span style=\"font-family: Verdana\"><span style=\"color: #3333ff\"><a href=\"http:\/\/www.juntadeandalucia.es\/averroes\/colegioandalucia\/andaluciapuertasabierta.html\">Carta de una directora Argentina a nuestro centro p\u00fablico por la calurosa acogida dada a sus antiguos alumnos.<\/a><\/span><\/span><br \/>\n<span style=\"font-family: Verdana\"><span style=\"color: #3333ff\"><a href=\"http:\/\/www.ccoomalaga.org\/subidos\/MANIFIESTO_E_DIRECTIVOS_MALAGA.htm\">Manifiesto Equipos Directivos<\/a><\/span><\/span><br \/>\n<span style=\"font-family: Verdana\"><span style=\"color: #3333ff\"><a href=\"http:\/\/www.ccoomalaga.org\/subidos\/PLATAFORMA%20E_%20DIRECTIVOS_MALAGA.htm\">Plataforma Equipos Directivos<\/a><\/span><\/span><\/p><\/blockquote>\n","protected":false},"excerpt":{"rendered":"<p>Escuela P\u00fablica Las distintas cuestiones sobre la escuela p\u00fablica, su organizaci\u00f3n y fines, sus recursos y autonom\u00eda real est\u00e1n cada d\u00eda m\u00e1s vigentes. Desde la modesta contribuci\u00f3n de nuestro colectivo, recogemos esos peque\u00f1os detalles&#46;&#46;&#46;<\/p>\n","protected":false},"author":2050,"featured_media":0,"parent":0,"menu_order":0,"comment_status":"open","ping_status":"open","template":"","meta":{"footnotes":""},"aioseo_notices":[],"_links":{"self":[{"href":"https:\/\/blogsaverroes.juntadeandalucia.es\/colegioandalucia\/wp-json\/wp\/v2\/pages\/24"}],"collection":[{"href":"https:\/\/blogsaverroes.juntadeandalucia.es\/colegioandalucia\/wp-json\/wp\/v2\/pages"}],"about":[{"href":"https:\/\/blogsaverroes.juntadeandalucia.es\/colegioandalucia\/wp-json\/wp\/v2\/types\/page"}],"author":[{"embeddable":true,"href":"https:\/\/blogsaverroes.juntadeandalucia.es\/colegioandalucia\/wp-json\/wp\/v2\/users\/2050"}],"replies":[{"embeddable":true,"href":"https:\/\/blogsaverroes.juntadeandalucia.es\/colegioandalucia\/wp-json\/wp\/v2\/comments?post=24"}],"version-history":[{"count":1,"href":"https:\/\/blogsaverroes.juntadeandalucia.es\/colegioandalucia\/wp-json\/wp\/v2\/pages\/24\/revisions"}],"predecessor-version":[{"id":25,"href":"https:\/\/blogsaverroes.juntadeandalucia.es\/colegioandalucia\/wp-json\/wp\/v2\/pages\/24\/revisions\/25"}],"wp:attachment":[{"href":"https:\/\/blogsaverroes.juntadeandalucia.es\/colegioandalucia\/wp-json\/wp\/v2\/media?parent=24"}],"curies":[{"name":"wp","href":"https:\/\/api.w.org\/{rel}","templated":true}]}}