{"id":26,"date":"2015-12-11T09:46:26","date_gmt":"2015-12-11T09:46:26","guid":{"rendered":"http:\/\/blogsaverroes.juntadeandalucia.es\/colegioandalucia\/?page_id=26"},"modified":"2023-09-28T11:54:56","modified_gmt":"2023-09-28T09:54:56","slug":"ampa","status":"publish","type":"page","link":"https:\/\/blogsaverroes.juntadeandalucia.es\/colegioandalucia\/ampa\/","title":{"rendered":"AMPA"},"content":{"rendered":"<p><img loading=\"lazy\" decoding=\"async\" class=\"aligncenter  wp-image-1786\" src=\"https:\/\/blogsaverroes.juntadeandalucia.es\/colegioandalucia\/files\/2023\/09\/logo-ampa-nuevo.jpg\" alt=\"\" width=\"192\" height=\"193\" srcset=\"https:\/\/blogsaverroes.juntadeandalucia.es\/colegioandalucia\/files\/2023\/09\/logo-ampa-nuevo.jpg 1066w, https:\/\/blogsaverroes.juntadeandalucia.es\/colegioandalucia\/files\/2023\/09\/logo-ampa-nuevo-300x300.jpg 300w, https:\/\/blogsaverroes.juntadeandalucia.es\/colegioandalucia\/files\/2023\/09\/logo-ampa-nuevo-1021x1024.jpg 1021w, https:\/\/blogsaverroes.juntadeandalucia.es\/colegioandalucia\/files\/2023\/09\/logo-ampa-nuevo-150x150.jpg 150w, https:\/\/blogsaverroes.juntadeandalucia.es\/colegioandalucia\/files\/2023\/09\/logo-ampa-nuevo-768x770.jpg 768w\" sizes=\"(max-width: 192px) 100vw, 192px\" \/><\/p>\n<p>Estimadas familias.<\/p>\n<p>Desde el AMPA Sol Andalus\u00ed, queremos daros la bienvenida a \u00e9sta nuestra comunidad educativa, en la nueva etapa que empez\u00e1is con vuestros hijos\/as.<\/p>\n<p>Informaros que somos una asociaci\u00f3n de padres y madres de alumnos de educaci\u00f3n infantil y primaria del colegio CEIP Andaluc\u00eda.<\/p>\n<p>Colaboramos de forma altruista y voluntaria, en diferentes actividades que ir\u00e9is conociendo. S\u00f3lo con la idea de aportar, ayudar y contribuir en este periodo tan importante en la educaci\u00f3n de nuestros hijos\/as, <em>por lo que os animamos a formar parte de ella, \u00a1OS ESPERAMOS!<\/em>.<\/p>\n<p>Al haceros socios, os beneficiar\u00e9is de ventajas, descuentos, que os iremos informando a lo largo del curso.<\/p>\n<p><strong>S\u00f3lo son 10\u20ac al a\u00f1o por familia<\/strong>, que pod\u00e9is pagar por:<\/p>\n<ul>\n<li>Transferencia Bancaria ES52 3058 0776 842720049996(Cajamar) Poner en concepto: Curso y n\u00b0 de tel\u00e9f. m\u00f3vil. Titular: AMPA Sol Andalus\u00ed.<\/li>\n<li>Cajero (Cajamar) Poner en concepto: nombre y tu n\u00b0 m\u00f3vil.<\/li>\n<li>En efectivo. En la oficina AMPA.<\/li>\n<\/ul>\n<p>Una vez realizado el pago, nos env\u00edas justificante por WhatsApp o email, y nos pondremos en contacto con vosotros para completar datos y haceros llegar recibido de socio.<\/p>\n<p>Te incluiremos, si lo deseas, en un grupo donde ponemos informaci\u00f3n de inter\u00e9s para los socios, resolvemos las dudas que puedan surgir.<\/p>\n<h1>Contacto A.M.P.A:<\/h1>\n<h2><strong>Telf.: 687 17 99 10<\/strong><\/h2>\n<h2>Email: <a href=\"mailto:ampaceipandalucia.solandalusi@gmail.com\">ampaceipandalucia.solandalusi@gmail.com<\/a><\/h2>\n<p>&nbsp;<\/p>\n<p><strong>Horario: <\/strong>del 11 al 30 de Septiembre:<\/p>\n<p><strong>Lunes, Martes y Mi\u00e9rcoles de 9 a 11h<\/strong><\/p>\n<h4>Martes y Jueves de 16:30 a 18:30h<\/h4>\n<p>&nbsp;<\/p>\n<p>&nbsp;<\/p>\n","protected":false},"excerpt":{"rendered":"<p>Estimadas familias. Desde el AMPA Sol Andalus\u00ed, queremos daros la bienvenida a \u00e9sta nuestra comunidad educativa, en la nueva etapa que empez\u00e1is con vuestros hijos\/as. Informaros que somos una asociaci\u00f3n de padres y madres&#46;&#46;&#46;<\/p>\n","protected":false},"author":2050,"featured_media":0,"parent":0,"menu_order":0,"comment_status":"open","ping_status":"open","template":"","meta":{"footnotes":""},"aioseo_notices":[],"_links":{"self":[{"href":"https:\/\/blogsaverroes.juntadeandalucia.es\/colegioandalucia\/wp-json\/wp\/v2\/pages\/26"}],"collection":[{"href":"https:\/\/blogsaverroes.juntadeandalucia.es\/colegioandalucia\/wp-json\/wp\/v2\/pages"}],"about":[{"href":"https:\/\/blogsaverroes.juntadeandalucia.es\/colegioandalucia\/wp-json\/wp\/v2\/types\/page"}],"author":[{"embeddable":true,"href":"https:\/\/blogsaverroes.juntadeandalucia.es\/colegioandalucia\/wp-json\/wp\/v2\/users\/2050"}],"replies":[{"embeddable":true,"href":"https:\/\/blogsaverroes.juntadeandalucia.es\/colegioandalucia\/wp-json\/wp\/v2\/comments?post=26"}],"version-history":[{"count":6,"href":"https:\/\/blogsaverroes.juntadeandalucia.es\/colegioandalucia\/wp-json\/wp\/v2\/pages\/26\/revisions"}],"predecessor-version":[{"id":1787,"href":"https:\/\/blogsaverroes.juntadeandalucia.es\/colegioandalucia\/wp-json\/wp\/v2\/pages\/26\/revisions\/1787"}],"wp:attachment":[{"href":"https:\/\/blogsaverroes.juntadeandalucia.es\/colegioandalucia\/wp-json\/wp\/v2\/media?parent=26"}],"curies":[{"name":"wp","href":"https:\/\/api.w.org\/{rel}","templated":true}]}}