{"id":263,"date":"2016-09-12T17:05:42","date_gmt":"2016-09-12T15:05:42","guid":{"rendered":"http:\/\/blogsaverroes.juntadeandalucia.es\/colegioandalucia\/?page_id=263"},"modified":"2024-09-24T18:07:22","modified_gmt":"2024-09-24T16:07:22","slug":"menu-comedor-escolar","status":"publish","type":"page","link":"https:\/\/blogsaverroes.juntadeandalucia.es\/colegioandalucia\/menu-comedor-escolar\/","title":{"rendered":"Comedor escolar"},"content":{"rendered":"<h1><img loading=\"lazy\" decoding=\"async\" class=\"aligncenter size-full wp-image-1781\" src=\"https:\/\/blogsaverroes.juntadeandalucia.es\/colegioandalucia\/files\/2020\/03\/El-ca\u0301ntaro.jpg\" alt=\"\" width=\"400\" height=\"400\" srcset=\"https:\/\/blogsaverroes.juntadeandalucia.es\/colegioandalucia\/files\/2020\/03\/El-ca\u0301ntaro.jpg 400w, https:\/\/blogsaverroes.juntadeandalucia.es\/colegioandalucia\/files\/2020\/03\/El-ca\u0301ntaro-300x300.jpg 300w, https:\/\/blogsaverroes.juntadeandalucia.es\/colegioandalucia\/files\/2020\/03\/El-ca\u0301ntaro-150x150.jpg 150w\" sizes=\"(max-width: 400px) 100vw, 400px\" \/><\/h1>\n<h1><a href=\"https:\/\/drive.google.com\/file\/d\/1BZQHY8x10TrcBlDea9jkb4KL9Llo_IE9\/view?usp=sharing\">&nbsp;<\/a><\/h1>\n<h1>&nbsp;<\/h1>\n<h1><a href=\"https:\/\/drive.google.com\/file\/d\/1BZQHY8x10TrcBlDea9jkb4KL9Llo_IE9\/view?usp=sharing\"><img loading=\"lazy\" decoding=\"async\" class=\"aligncenter size-full wp-image-1937\" src=\"https:\/\/blogsaverroes.juntadeandalucia.es\/colegioandalucia\/files\/2024\/09\/Instrucciones-comedor-2024-2025_1.jpg\" alt=\"\" width=\"800\" height=\"1600\" srcset=\"https:\/\/blogsaverroes.juntadeandalucia.es\/colegioandalucia\/files\/2024\/09\/Instrucciones-comedor-2024-2025_1.jpg 800w, https:\/\/blogsaverroes.juntadeandalucia.es\/colegioandalucia\/files\/2024\/09\/Instrucciones-comedor-2024-2025_1-150x300.jpg 150w, https:\/\/blogsaverroes.juntadeandalucia.es\/colegioandalucia\/files\/2024\/09\/Instrucciones-comedor-2024-2025_1-512x1024.jpg 512w, https:\/\/blogsaverroes.juntadeandalucia.es\/colegioandalucia\/files\/2024\/09\/Instrucciones-comedor-2024-2025_1-768x1536.jpg 768w\" sizes=\"(max-width: 800px) 100vw, 800px\" \/><\/a><\/h1>\n<p style=\"text-align: center\"><a href=\"https:\/\/drive.google.com\/file\/d\/1BZQHY8x10TrcBlDea9jkb4KL9Llo_IE9\/view?usp=sharing\"><strong>INFORMACI\u00d3N A LAS FAMILIAS SOBRE EL SERVICIO DE COMEDOR curso 24-25 (Descargar)<\/strong><\/a><\/p>\n<h1 style=\"text-align: center\"><span style=\"color: #ff0000\">La planilla de men\u00fas estar\u00e1 disponible todos los meses en la zona padres de la p\u00e1gina web <\/span> <a href=\"http:\/\/www.cateringelcantaro.com\"><span class=\"s2\">www.cateringelcantaro.com <\/span><\/a><\/h1>\n<p style=\"text-align: center\"><a href=\"https:\/\/drive.google.com\/file\/d\/1ldHHTSX0FdSYo7BSfZXF6PQxq1UY_chB\/view?usp=sharing\"><strong>NOTA INFORMATIVA SOBRE COBROS DE COMEDOR ESCOLAR 2023<\/strong><\/a><\/p>\n<p><a href=\"https:\/\/drive.google.com\/file\/d\/1ldHHTSX0FdSYo7BSfZXF6PQxq1UY_chB\/view?usp=sharing\"><img loading=\"lazy\" decoding=\"async\" class=\"aligncenter size-full wp-image-1813\" src=\"https:\/\/blogsaverroes.juntadeandalucia.es\/colegioandalucia\/files\/2023\/10\/NOTA-INFORMATIVA-SOBRE-COBROS-DE-COMEDOR-ESCOLAR-2023_1.jpg\" alt=\"\" width=\"794\" height=\"1123\" srcset=\"https:\/\/blogsaverroes.juntadeandalucia.es\/colegioandalucia\/files\/2023\/10\/NOTA-INFORMATIVA-SOBRE-COBROS-DE-COMEDOR-ESCOLAR-2023_1.jpg 794w, https:\/\/blogsaverroes.juntadeandalucia.es\/colegioandalucia\/files\/2023\/10\/NOTA-INFORMATIVA-SOBRE-COBROS-DE-COMEDOR-ESCOLAR-2023_1-212x300.jpg 212w, https:\/\/blogsaverroes.juntadeandalucia.es\/colegioandalucia\/files\/2023\/10\/NOTA-INFORMATIVA-SOBRE-COBROS-DE-COMEDOR-ESCOLAR-2023_1-724x1024.jpg 724w, https:\/\/blogsaverroes.juntadeandalucia.es\/colegioandalucia\/files\/2023\/10\/NOTA-INFORMATIVA-SOBRE-COBROS-DE-COMEDOR-ESCOLAR-2023_1-768x1086.jpg 768w\" sizes=\"(max-width: 794px) 100vw, 794px\" \/><\/a><\/p>\n<p>&nbsp;<\/p>\n<p>&nbsp;<\/p>\n<p class=\"p2\"><b>NOTA INFORMATIVA SOBRE EL COMEDOR ESCOLAR 2023-2024 (M\u00e1laga, 14 de septiembre de 2023) <a href=\"https:\/\/drive.google.com\/file\/d\/1zG8n7gLVvFzJm5OG84JuY-AcbGNMtVgP\/view?usp=sharing\">Descarga aqu\u00ed.<\/a><\/b><\/p>\n<p class=\"p2\">&nbsp;<\/p>\n<p class=\"p2\">Estimados padres y madres de alumnos,<\/p>\n<p class=\"p2\">Les escribimos como la empresa que presta el servicio de comedor escolar en su centro. Como sabr\u00e1n, estamos en un periodo transitorio hasta la resoluci\u00f3n de la licitaci\u00f3n de comedores escolares publicada el pasado 12 de septiembre.<\/p>\n<p class=\"p2\">Catering El C\u00e1ntaro es una empresa malague\u00f1a que presta servicio a los comedores escolares desde 2006. Nuestra metodolog\u00eda se basa principalmente en la L\u00ednea CERCA (Cocinar-Enfriar mediante abatimiento-Regenerar en el centro), nuestro transporte se realiza a diario en veh\u00edculos refrigerados propios. La empresa est\u00e1 certificada en las normas ISO 9001, 14001, 22000 y el sello ATX para garantizar la seguridad de personas al\u00e9rgicas o con intolerancias alimentarias.<\/p>\n<p class=\"p2\">Los men\u00fas son elaborados por especialistas en Nutrici\u00f3n y Diet\u00e9tica y aprobados por la Consejer\u00eda de Salud bajo los criterios del Plan Evacoles. La planilla de men\u00fas estar\u00e1 disponible todos los meses en la zona padres de la p\u00e1gina web www.cateringelcantaro.com.<\/p>\n<p class=\"p2\">Tambi\u00e9n en la zona padres, se cuelgan las fotos de la comida, las fichas t\u00e9cnicas de los platos y pueden hacer peticiones y consultas.<\/p>\n<p class=\"p2\"><strong>PROCEDIMIENTOS DE COBROS Y COMUNICACIONES DE AUSENCIA:<\/strong><\/p>\n<p class=\"p2\">La Junta de Andaluc\u00eda establece que para notificar la no asistencia de un alumno y\/o alumna y que pueda ser descontado del recibo de comedor, es necesario avisar como m\u00ednimo con 3 d\u00edas de antelaci\u00f3n. Solamente se podr\u00e1n descontar con una antelaci\u00f3n inferior a estos 3 d\u00edas cuando el motivo de la falta sea por enfermedad y pueda justificarse. Los recibos se pasan por mes en curso con el d\u00eda de n\u00fameros solicitados y los d\u00edas que haya que devolver, as\u00ed como las fiestas locales se abonar\u00e1n en el recibo del mes siguiente. Las fiestas nacionales no se pasan al cobro. El precio por d\u00eda de comedor sin bonificaci\u00f3n, publicado en el BOE el pasado 27 de julio, es 4,98 \u20ac IVA incluido.<\/p>\n<p class=\"p2\">Hasta que no se publiquen las bonificaciones definitivas, no podremos emitir los recibos, tengan en cuenta que, inevitablemente, como ha ocurrido otros cursos, si estas bonificaciones se publican a finales de septiembre, se acumular\u00e1n en ese periodo dos recibos. Les rogamos, entren en la ZONA PADRES para comprobar si los datos de asistencia son correctos, antes de que se proceda al cobro.<\/p>\n<p class=\"p2\"><strong>Los cauces de comunicaci\u00f3n con la empresa siguen siendo a trav\u00e9s de email:<\/strong><\/p>\n<p class=\"p2\"><strong><span class=\"s2\">recibos@cateringelcantaro.com <\/span>(Para solicitud o cancelaci\u00f3n de d\u00edas)<\/strong><\/p>\n<p class=\"p2\"><strong><span class=\"s2\">info@cateringelcantaro.com <\/span>(Para cualquier otra cuesti\u00f3n relativa al servicio).<\/strong><\/p>\n<p class=\"p2\">Tambi\u00e9n pueden efectuar estas gestiones, desde nuestra web <span class=\"s2\">www.cateringelcantaro.com <\/span>en la zona padres o a trav\u00e9s de la herramienta m\u00f3vil <span class=\"s2\">www.cateringelcantaro\/movil, <\/span>seleccionando el colegio e introduciendo su DNI. De esta manera pueden ver los d\u00edas solicitados y los importes de los recibos.<\/p>\n<p class=\"p2\">Si necesitan m\u00e1s informaci\u00f3n o quieren plantearnos alguna consulta, les rogamos se pongan en contacto con nosotros.<\/p>\n<p class=\"p2\">Sin nada m\u00e1s que desearles un buen curso escolar, se despide atentamente<\/p>\n<p class=\"p3\">Alejandra Leiva<span class=\"s3\">, <\/span><b>Responsable de Catering El C\u00e1ntaro, S.L. <\/b><\/p>\n<p>&nbsp;<\/p>\n","protected":false},"excerpt":{"rendered":"<p>&nbsp; &nbsp; INFORMACI\u00d3N A LAS FAMILIAS SOBRE EL SERVICIO DE COMEDOR curso 24-25 (Descargar) La planilla de men\u00fas estar\u00e1 disponible todos los meses en la zona padres de la p\u00e1gina web www.cateringelcantaro.com NOTA INFORMATIVA&#46;&#46;&#46;<\/p>\n","protected":false},"author":2050,"featured_media":0,"parent":0,"menu_order":0,"comment_status":"closed","ping_status":"open","template":"","meta":{"footnotes":""},"aioseo_notices":[],"_links":{"self":[{"href":"https:\/\/blogsaverroes.juntadeandalucia.es\/colegioandalucia\/wp-json\/wp\/v2\/pages\/263"}],"collection":[{"href":"https:\/\/blogsaverroes.juntadeandalucia.es\/colegioandalucia\/wp-json\/wp\/v2\/pages"}],"about":[{"href":"https:\/\/blogsaverroes.juntadeandalucia.es\/colegioandalucia\/wp-json\/wp\/v2\/types\/page"}],"author":[{"embeddable":true,"href":"https:\/\/blogsaverroes.juntadeandalucia.es\/colegioandalucia\/wp-json\/wp\/v2\/users\/2050"}],"replies":[{"embeddable":true,"href":"https:\/\/blogsaverroes.juntadeandalucia.es\/colegioandalucia\/wp-json\/wp\/v2\/comments?post=263"}],"version-history":[{"count":81,"href":"https:\/\/blogsaverroes.juntadeandalucia.es\/colegioandalucia\/wp-json\/wp\/v2\/pages\/263\/revisions"}],"predecessor-version":[{"id":1952,"href":"https:\/\/blogsaverroes.juntadeandalucia.es\/colegioandalucia\/wp-json\/wp\/v2\/pages\/263\/revisions\/1952"}],"wp:attachment":[{"href":"https:\/\/blogsaverroes.juntadeandalucia.es\/colegioandalucia\/wp-json\/wp\/v2\/media?parent=263"}],"curies":[{"name":"wp","href":"https:\/\/api.w.org\/{rel}","templated":true}]}}