{"id":285,"date":"2016-09-24T08:43:47","date_gmt":"2016-09-24T06:43:47","guid":{"rendered":"http:\/\/blogsaverroes.juntadeandalucia.es\/colegioandalucia\/?page_id=285"},"modified":"2019-08-26T17:54:25","modified_gmt":"2019-08-26T15:54:25","slug":"becas-neae","status":"publish","type":"page","link":"https:\/\/blogsaverroes.juntadeandalucia.es\/colegioandalucia\/becas-neae\/","title":{"rendered":"Becas NEAE"},"content":{"rendered":"<p>Estimadas familias,<\/p>\n<p>&nbsp;<\/p>\n<p>Queremos informarles a trav\u00e9s de nuestra web, como hacemos todos los a\u00f1os, que con fecha 27 de julio de 2019 se publica en el BOE el extracto de la Resoluci\u00f3n de la Secretar\u00eda de Estado de Educaci\u00f3n, Formaci\u00f3n Profesional y Universidades, por la que se convocan ayudas para alumnado con necesidad espec\u00edfica de apoyo educativo para el curso acad\u00e9mico 2019-2020.<\/p>\n<p>El plazo de <strong>presentaci\u00f3n de solicitudes est\u00e1 abierto desde el 28 de Julio hasta el 26 de septiembre de 2019.<\/strong><\/p>\n<p>Las solicitudes deber\u00e1n cumplimentarse mediante el formulario accesible por internet en la direcci\u00f3n www.mecd.gob.es o a trav\u00e9s de la sede electr\u00f3nica del Ministerio de Educaci\u00f3n, Cultura y Deporte con el siguiente enlace directo al formulario de solicitud:<\/p>\n<p><a href=\"https:\/\/sede.educacion.gob.es\/sede\/login\/inicio.jjsp?idConvocatoria=1233\">https:\/\/sede.educacion.gob.es\/sede\/login\/inicio.jjsp?idConvocatoria=1233<\/a><\/p>\n<p>Estas becas est\u00e1n destinadas a aquellos alumnos\/as que reciben o van a recibir reeducaci\u00f3n pedag\u00f3gica o del lenguaje o en su caso programas espec\u00edficos para altas capacidades.<\/p>\n<p>Una vez impresa la solicitud es necesario que el gabinete o centro que realiza la reeducaci\u00f3n pedag\u00f3gica o logop\u00e9dica o bien, el programa especial para personas con altas capacidades intelectuales, cumplimenten el apartado correspondiente de dicha solicitud. Despu\u00e9s de estos tr\u00e1mites se entregar\u00e1n en el Colegio.<\/p>\n<p><strong><u>Documentaci\u00f3n importante y necesaria:<\/u><\/strong><\/p>\n<p>La documentaci\u00f3n necesaria para este a\u00f1o junto a mayor informaci\u00f3n de dichas becas se podr\u00e1 ver en los siguientes enlaces:<\/p>\n<p><a href=\"http:\/\/www.educacionyfp.gob.es\/contenidos\/estudiantes\/educacion-infantil\/becas-ayudas-premios\/necesidad-especifica-apoyo-educativo.html?fbclid=IwAR1x0Q7kqD7V9lb7nayZenrbcIFMm9v27IcF2-FCctZKwT3NmymPHorp6x8\">http:\/\/www.educacionyfp.gob.es\/contenidos\/estudiantes\/educacion-infantil\/becas-ayudas-premios\/necesidad-especifica-apoyo-educativo.html?fbclid=IwAR1x0Q7kqD7V9lb7nayZenrbcIFMm9v27IcF2-FCctZKwT3NmymPHorp6x8<\/a><\/p>\n<p><a href=\"http:\/\/www.juntadeandalucia.es\/educacion\/portals\/web\/becas-y-ayudas\/educacion-especial\">http:\/\/www.juntadeandalucia.es\/educacion\/portals\/web\/becas-y-ayudas\/educacion-especial<\/a><\/p>\n<p>&nbsp;<\/p>\n<p>Reciban un cordial saludo.<\/p>\n<p>&nbsp;<\/p>\n<p>&nbsp;<\/p>\n<p>&nbsp;<\/p>\n<p>&nbsp;<\/p>\n","protected":false},"excerpt":{"rendered":"<p>Estimadas familias, &nbsp; Queremos informarles a trav\u00e9s de nuestra web, como hacemos todos los a\u00f1os, que con fecha 27 de julio de 2019 se publica en el BOE el extracto de la Resoluci\u00f3n de&#46;&#46;&#46;<\/p>\n","protected":false},"author":2050,"featured_media":0,"parent":0,"menu_order":0,"comment_status":"closed","ping_status":"open","template":"","meta":{"footnotes":""},"aioseo_notices":[],"_links":{"self":[{"href":"https:\/\/blogsaverroes.juntadeandalucia.es\/colegioandalucia\/wp-json\/wp\/v2\/pages\/285"}],"collection":[{"href":"https:\/\/blogsaverroes.juntadeandalucia.es\/colegioandalucia\/wp-json\/wp\/v2\/pages"}],"about":[{"href":"https:\/\/blogsaverroes.juntadeandalucia.es\/colegioandalucia\/wp-json\/wp\/v2\/types\/page"}],"author":[{"embeddable":true,"href":"https:\/\/blogsaverroes.juntadeandalucia.es\/colegioandalucia\/wp-json\/wp\/v2\/users\/2050"}],"replies":[{"embeddable":true,"href":"https:\/\/blogsaverroes.juntadeandalucia.es\/colegioandalucia\/wp-json\/wp\/v2\/comments?post=285"}],"version-history":[{"count":12,"href":"https:\/\/blogsaverroes.juntadeandalucia.es\/colegioandalucia\/wp-json\/wp\/v2\/pages\/285\/revisions"}],"predecessor-version":[{"id":1121,"href":"https:\/\/blogsaverroes.juntadeandalucia.es\/colegioandalucia\/wp-json\/wp\/v2\/pages\/285\/revisions\/1121"}],"wp:attachment":[{"href":"https:\/\/blogsaverroes.juntadeandalucia.es\/colegioandalucia\/wp-json\/wp\/v2\/media?parent=285"}],"curies":[{"name":"wp","href":"https:\/\/api.w.org\/{rel}","templated":true}]}}