{"id":443,"date":"2017-02-08T21:50:27","date_gmt":"2017-02-08T20:50:27","guid":{"rendered":"http:\/\/blogsaverroes.juntadeandalucia.es\/colegioandalucia\/?page_id=443"},"modified":"2025-01-08T10:39:13","modified_gmt":"2025-01-08T09:39:13","slug":"escuelas-deportivas","status":"publish","type":"page","link":"https:\/\/blogsaverroes.juntadeandalucia.es\/colegioandalucia\/escuelas-deportivas\/","title":{"rendered":"M\u00e1s Deporte"},"content":{"rendered":"<p>Estimadas familias, el martes d\u00eda 7 de enero se ha iniciado el programa de M\u00e1s Deporte. Como cada a\u00f1o, son clases de multideporte gratuitas, financiadas por la Junta de Andaluc\u00eda.<\/p>\n<p>El horario de realizaci\u00f3n ser\u00e1n los martes y jueves en distintos horarios, seg\u00fan el nivel:<\/p>\n<p>* TERCEROS Y CUARTOS: de 15:50 a 16:50<\/p>\n<p>* QUINTOS Y SEXTOS: de 16:50 a 17:50<\/p>\n<p>El alumnado ya inscrito puede asistir y en caso de estar interesado\/a se puede recoger el papel de inscripci\u00f3n en secretaria en cualquier momento.<br \/>\nEL DEPORTE ES SALUD Y LA SALUD CALIDAD DE VIDA.<\/p>\n<p>Descar la inscripci\u00f3n pinchando <a href=\"https:\/\/drive.google.com\/file\/d\/185oDvkizoQkXvKIQTGPh3cY_6mj1SH2L\/view?usp=sharing\">AQU\u00cd<\/a><\/p>\n","protected":false},"excerpt":{"rendered":"<p>Estimadas familias, el martes d\u00eda 7 de enero se ha iniciado el programa de M\u00e1s Deporte. Como cada a\u00f1o, son clases de multideporte gratuitas, financiadas por la Junta de Andaluc\u00eda. El horario de realizaci\u00f3n&#46;&#46;&#46;<\/p>\n","protected":false},"author":2050,"featured_media":0,"parent":0,"menu_order":0,"comment_status":"closed","ping_status":"open","template":"","meta":{"footnotes":""},"aioseo_notices":[],"_links":{"self":[{"href":"https:\/\/blogsaverroes.juntadeandalucia.es\/colegioandalucia\/wp-json\/wp\/v2\/pages\/443"}],"collection":[{"href":"https:\/\/blogsaverroes.juntadeandalucia.es\/colegioandalucia\/wp-json\/wp\/v2\/pages"}],"about":[{"href":"https:\/\/blogsaverroes.juntadeandalucia.es\/colegioandalucia\/wp-json\/wp\/v2\/types\/page"}],"author":[{"embeddable":true,"href":"https:\/\/blogsaverroes.juntadeandalucia.es\/colegioandalucia\/wp-json\/wp\/v2\/users\/2050"}],"replies":[{"embeddable":true,"href":"https:\/\/blogsaverroes.juntadeandalucia.es\/colegioandalucia\/wp-json\/wp\/v2\/comments?post=443"}],"version-history":[{"count":6,"href":"https:\/\/blogsaverroes.juntadeandalucia.es\/colegioandalucia\/wp-json\/wp\/v2\/pages\/443\/revisions"}],"predecessor-version":[{"id":1970,"href":"https:\/\/blogsaverroes.juntadeandalucia.es\/colegioandalucia\/wp-json\/wp\/v2\/pages\/443\/revisions\/1970"}],"wp:attachment":[{"href":"https:\/\/blogsaverroes.juntadeandalucia.es\/colegioandalucia\/wp-json\/wp\/v2\/media?parent=443"}],"curies":[{"name":"wp","href":"https:\/\/api.w.org\/{rel}","templated":true}]}}