{"id":45,"date":"2016-02-15T12:55:58","date_gmt":"2016-02-15T12:55:58","guid":{"rendered":"http:\/\/blogsaverroes.juntadeandalucia.es\/colegioandalucia\/?page_id=45"},"modified":"2017-10-05T17:41:35","modified_gmt":"2017-10-05T15:41:35","slug":"blogs","status":"publish","type":"page","link":"https:\/\/blogsaverroes.juntadeandalucia.es\/colegioandalucia\/blogs\/","title":{"rendered":"OTROS BLOGS DEL CENTRO"},"content":{"rendered":"<p><strong>COLEGIO<\/strong><br \/>\n<strong> <a href=\"http:\/\/colegioandalucia.blogspot.com\/\">http:\/\/colegioandalucia.blogspot.com\/ <\/a><\/strong><\/p>\n<p><strong>PLAN DE FORMACI\u00d3N EN CENTRO<\/strong><br \/>\n<strong> <a href=\"http:\/\/aprendermedianteeldialogo.blogspot.com.es\/\"> http:\/\/aprendermedianteeldialogo.blogspot.com.es\/<\/a><\/strong><\/p>\n<p><strong>BIBLIOTECA DEL COLEGIO<\/strong><br \/>\n<strong><a href=\"http:\/\/elblogdegatoleo.blogspot.com.es\">http:\/\/elblogdegatoleo.blogspot.com.es<\/a><\/strong><\/p>\n<p><strong>INFANTIL 4 A\u00d1OS 12\/13<\/strong><br \/>\n<strong> <a href=\"http:\/\/peque-andaluz.blogspot.com.es\/\"> http:\/\/peque-andaluz.blogspot.com.es\/ <\/a><\/strong><\/p>\n<p><strong>INFANTIL 5 A\u00d1OS 12\/13<\/strong><br \/>\n<strong> <a href=\"http:\/\/caminandoporinfantil5.blogspot.com.es\/\"> http:\/\/caminandoporinfantil5.blogspot.com.es\/<\/a><\/strong><\/p>\n<p><strong>INFANTIL 5 A\u00d1OS C<\/strong><\/p>\n<p><strong><a href=\"https:\/\/escueladeratones.blogspot.com.es\/\">https:\/\/escueladeratones.blogspot.com.es\/<\/a><\/strong><\/p>\n<p><strong>1\u00ba DE PRIMARIA<\/strong><br \/>\n<strong> <a href=\"http:\/\/primercicloceipandalucia.blogspot.com\/\"> http:\/\/primercicloceipandalucia.blogspot.com\/<\/a><\/strong><\/p>\n<p><strong>2\u00ba DE PRIMARIA<\/strong><br \/>\n<strong> <a href=\"http:\/\/www.angisamon.blogspot.com\/\"> http:\/\/www.angisamon.blogspot.com\/<\/a><\/strong><\/p>\n<p><strong>2\u00ba DE PRIMARIA Roc\u00edo Merch\u00e1n<\/strong><\/p>\n<p><strong><a href=\"http:\/\/learnwithladymo.blogspot.com.es\/\">http:\/\/learnwithladymo.blogspot.com.es\/<\/a><\/strong><\/p>\n<p><strong>Lourdes Cort\u00e9s Merino<\/strong><br \/>\n<strong><a href=\"http:\/\/learnwithladymo.blogspot.com.es\/\"> http:\/\/lapeceradelourdes.blogspot.com.es\/<\/a><\/strong><\/p>\n<p><strong>Rosario Jim\u00e9nez Garc\u00eda (2\u00ba Ciclo-Biling\u00fce)<\/strong><br \/>\n<strong> <a href=\"http:\/\/www.lasmasalegres.blogspot.com\/\">http:\/\/www.lasmasalegres.blogspot.com\/<\/a><\/strong><\/p>\n<p><strong>Adriana Moreno V\u00e1zquez (2\u00ba Ciclo)<\/strong><br \/>\n<strong> <a href=\"http:\/\/www.azahar-adriana.blogspot.com\/\">http:\/\/www.azahar-adriana.blogspot.com\/<\/a><\/strong><\/p>\n<p><strong>ATAL (Recursos aula TIC y ATAL Maribel)<\/strong><br \/>\n<strong><a href=\"https:\/\/sites.google.com\/site\/recursosaulaticataldemaribel\/home\">https:\/\/sites.google.com\/site\/recursosaulaticataldemaribel\/home<\/a><\/strong><\/p>\n<p><strong>Rosa Charneco Torrej\u00f3n (Ingl\u00e9s)<\/strong><br \/>\n<strong> <a href=\"http:\/\/rosapaz7.blogspot.com\/\">http:\/\/rosapaz7.blogspot.com\/<\/a><\/strong><\/p>\n<p><strong>Eugenia L\u00f3pez L\u00f3pez (Religi\u00f3n Cat\u00f3lica)<\/strong><br \/>\n<strong> <a href=\"http:\/\/www.alemania5.blogspot.com\/\">http:\/\/www.alemania5.blogspot.com\/<\/a><\/strong><\/p>\n<p><strong>Mari Paz Orellana G\u00f3mez<\/strong><br \/>\n<strong> <a href=\"http:\/\/zapcole6c.blogspot.com.es\/\">http:\/\/zapcole6c.blogspot.com.es\/<\/a><\/strong><\/p>\n<p><strong><a href=\"http:\/\/zap5a.blogspot.com.es\/\">http:\/\/zap5a.blogspot.com.es\/<\/a><\/strong><\/p>\n<p><strong>Isidro Rodr\u00edguez Pulido<\/strong><br \/>\n<strong> <a href=\"http:\/\/isidromaestro.blogspot.com.es\/\">http:\/\/isidromaestro.blogspot.com.es\/<\/a><\/strong><\/p>\n<p><strong>Luz Marina Vega Nieto (Biling\u00fce-Primaria)<\/strong><br \/>\n<strong> <a href=\"http:\/\/laclasedeluzmarina.blogspot.com\/\">http:\/\/laclasedeluzmarina.blogspot.com\/<\/a><\/strong><\/p>\n","protected":false},"excerpt":{"rendered":"<p>COLEGIO http:\/\/colegioandalucia.blogspot.com\/ PLAN DE FORMACI\u00d3N EN CENTRO http:\/\/aprendermedianteeldialogo.blogspot.com.es\/ BIBLIOTECA DEL COLEGIO http:\/\/elblogdegatoleo.blogspot.com.es INFANTIL 4 A\u00d1OS 12\/13 http:\/\/peque-andaluz.blogspot.com.es\/ INFANTIL 5 A\u00d1OS 12\/13 http:\/\/caminandoporinfantil5.blogspot.com.es\/ INFANTIL 5 A\u00d1OS C https:\/\/escueladeratones.blogspot.com.es\/ 1\u00ba DE PRIMARIA http:\/\/primercicloceipandalucia.blogspot.com\/ 2\u00ba DE PRIMARIA&#46;&#46;&#46;<\/p>\n","protected":false},"author":2050,"featured_media":0,"parent":0,"menu_order":4,"comment_status":"closed","ping_status":"open","template":"","meta":{"footnotes":""},"aioseo_notices":[],"_links":{"self":[{"href":"https:\/\/blogsaverroes.juntadeandalucia.es\/colegioandalucia\/wp-json\/wp\/v2\/pages\/45"}],"collection":[{"href":"https:\/\/blogsaverroes.juntadeandalucia.es\/colegioandalucia\/wp-json\/wp\/v2\/pages"}],"about":[{"href":"https:\/\/blogsaverroes.juntadeandalucia.es\/colegioandalucia\/wp-json\/wp\/v2\/types\/page"}],"author":[{"embeddable":true,"href":"https:\/\/blogsaverroes.juntadeandalucia.es\/colegioandalucia\/wp-json\/wp\/v2\/users\/2050"}],"replies":[{"embeddable":true,"href":"https:\/\/blogsaverroes.juntadeandalucia.es\/colegioandalucia\/wp-json\/wp\/v2\/comments?post=45"}],"version-history":[{"count":11,"href":"https:\/\/blogsaverroes.juntadeandalucia.es\/colegioandalucia\/wp-json\/wp\/v2\/pages\/45\/revisions"}],"predecessor-version":[{"id":732,"href":"https:\/\/blogsaverroes.juntadeandalucia.es\/colegioandalucia\/wp-json\/wp\/v2\/pages\/45\/revisions\/732"}],"wp:attachment":[{"href":"https:\/\/blogsaverroes.juntadeandalucia.es\/colegioandalucia\/wp-json\/wp\/v2\/media?parent=45"}],"curies":[{"name":"wp","href":"https:\/\/api.w.org\/{rel}","templated":true}]}}