{"id":2429,"date":"2020-11-23T16:35:45","date_gmt":"2020-11-23T16:35:45","guid":{"rendered":"https:\/\/blogsaverroes.juntadeandalucia.es\/colegioandersen\/?page_id=2429"},"modified":"2024-12-01T18:02:17","modified_gmt":"2024-12-01T18:02:17","slug":"plan-de-centro","status":"publish","type":"page","link":"https:\/\/blogsaverroes.juntadeandalucia.es\/colegioandersen\/?page_id=2429","title":{"rendered":"Plan de Centro"},"content":{"rendered":"<p>El Plan de Centro es el documento que expresa nuestras se\u00f1as de identidad. Es el aut\u00e9ntico referente, con car\u00e1cter sist\u00e9mico e integrador, del principio de autonom\u00eda pedag\u00f3gica, de organizaci\u00f3n y de gesti\u00f3n .<\/p>\n<p>La Ley 17\/2007, de 10 de diciembre, de Educaci\u00f3n de Andaluc\u00eda, establece, en su Art.126, los documentos que integran el Plan de Centro. Son los siguientes:<\/p>\n<ol>\n<li><span style=\"background-color: #ccffcc\"><strong><span style=\"font-size: 14pt;background-color: #ccffcc\">PROYECTO EDUCATIVO<\/span><\/strong><\/span><\/li>\n<\/ol>\n<div style=\"text-align: center\">\n<div style=\"margin: 8px 0px 4px\">\n<p><a href=\"https:\/\/www.calameo.com\/read\/00753028133c52bb4da12\">PROYECTO EDUCATIVO CEIP H.C. ANDERSEN_ 24_25<\/a><\/p>\n<\/div>\n<div style=\"text-align: center\">\n<p><iframe src=\"\/\/v.calameo.com\/?bkcode=00753028133c52bb4da12&amp;mode=mini\" width=\"880\" height=\"600\" frameborder=\"0\" scrolling=\"no\"><\/iframe><\/p>\n<\/div>\n<\/div>\n<p>&nbsp;<\/p>\n<p><span style=\"font-size: 14pt;background-color: #ccffcc\"><strong>2. REGLAMENTO DE ORGANIZACI\u00d3N Y FUNCIONAMIENTO<\/strong><\/span><\/p>\n<div style=\"text-align: center\">\n<div style=\"margin: 8px 0px 4px\">\n<div style=\"text-align: center\">\n<div style=\"margin: 8px 0px 4px\"><a href=\"https:\/\/www.calameo.com\/read\/00753028145a95ed253ea\">ROF CEIP H.C.ANDERSEN 24_25<\/a><\/div>\n<p><iframe src=\"\/\/v.calameo.com\/?bkcode=00753028145a95ed253ea&amp;mode=mini\" width=\"880\" height=\"600\" frameborder=\"0\" scrolling=\"no\"><span data-mce-type=\"bookmark\" style=\"width: 0px;overflow: hidden;line-height: 0\" class=\"mce_SELRES_start\">\ufeff<\/span><\/iframe><\/p>\n<p>&nbsp;<\/p>\n<\/div>\n<\/div>\n<p style=\"text-align: left\"><span style=\"font-size: 14pt\"><strong><span style=\"background-color: #ccffcc\">3. PROYECTO DE GESTI\u00d3N<\/span><\/strong><\/span><\/p>\n<div style=\"text-align: center\">\n<div style=\"margin: 8px 0px 4px\"><a href=\"https:\/\/www.calameo.com\/read\/007530281e273daec8aae\">PROYECTO DE GESTI\u00d3N CEIP H.C. ANDERSEN 24\/25<\/a><\/div>\n<div style=\"text-align: center\">\n<p><iframe src=\"\/\/v.calameo.com\/?bkcode=007530281e273daec8aae&amp;mode=mini\" width=\"880\" height=\"600\" frameborder=\"0\" scrolling=\"no\"><\/iframe><\/p>\n<div style=\"margin: 4px 0px 8px\">&nbsp;<\/div>\n<\/div>\n<\/div>\n<\/div>\n","protected":false},"excerpt":{"rendered":"<p>El Plan de Centro es el documento que expresa nuestras se\u00f1as de identidad. Es el aut\u00e9ntico referente, con car\u00e1cter sist\u00e9mico e integrador, del principio de autonom\u00eda pedag\u00f3gica, de organizaci\u00f3n y de gesti\u00f3n . La&#46;&#46;&#46;<\/p>\n","protected":false},"author":8433,"featured_media":0,"parent":0,"menu_order":0,"comment_status":"closed","ping_status":"closed","template":"","meta":{"ngg_post_thumbnail":0,"footnotes":"","_mc_calendar":[]},"aioseo_notices":[],"_links":{"self":[{"href":"https:\/\/blogsaverroes.juntadeandalucia.es\/colegioandersen\/index.php?rest_route=\/wp\/v2\/pages\/2429"}],"collection":[{"href":"https:\/\/blogsaverroes.juntadeandalucia.es\/colegioandersen\/index.php?rest_route=\/wp\/v2\/pages"}],"about":[{"href":"https:\/\/blogsaverroes.juntadeandalucia.es\/colegioandersen\/index.php?rest_route=\/wp\/v2\/types\/page"}],"author":[{"embeddable":true,"href":"https:\/\/blogsaverroes.juntadeandalucia.es\/colegioandersen\/index.php?rest_route=\/wp\/v2\/users\/8433"}],"replies":[{"embeddable":true,"href":"https:\/\/blogsaverroes.juntadeandalucia.es\/colegioandersen\/index.php?rest_route=%2Fwp%2Fv2%2Fcomments&post=2429"}],"version-history":[{"count":41,"href":"https:\/\/blogsaverroes.juntadeandalucia.es\/colegioandersen\/index.php?rest_route=\/wp\/v2\/pages\/2429\/revisions"}],"predecessor-version":[{"id":3253,"href":"https:\/\/blogsaverroes.juntadeandalucia.es\/colegioandersen\/index.php?rest_route=\/wp\/v2\/pages\/2429\/revisions\/3253"}],"wp:attachment":[{"href":"https:\/\/blogsaverroes.juntadeandalucia.es\/colegioandersen\/index.php?rest_route=%2Fwp%2Fv2%2Fmedia&parent=2429"}],"curies":[{"name":"wp","href":"https:\/\/api.w.org\/{rel}","templated":true}]}}