{"id":3056,"date":"2024-02-11T10:00:00","date_gmt":"2024-02-11T10:00:00","guid":{"rendered":"https:\/\/blogsaverroes.juntadeandalucia.es\/colegioandersen\/?page_id=3056"},"modified":"2024-02-11T10:24:44","modified_gmt":"2024-02-11T10:24:44","slug":"plan-de-igualdad","status":"publish","type":"page","link":"https:\/\/blogsaverroes.juntadeandalucia.es\/colegioandersen\/?page_id=3056","title":{"rendered":"PLAN DE IGUALDAD"},"content":{"rendered":"<p><a href=\"https:\/\/www.juntadeandalucia.es\/educacion\/portals\/web\/igualdad\/presentacion\" target=\"_blank\" rel=\"noopener noreferrer\"><img fetchpriority=\"high\" decoding=\"async\" class=\"aligncenter wp-image-3063\" src=\"https:\/\/blogsaverroes.juntadeandalucia.es\/colegioandersen\/files\/2024\/02\/portal-igualdad-300x46.jpg\" alt=\"\" width=\"847\" height=\"130\" srcset=\"https:\/\/blogsaverroes.juntadeandalucia.es\/colegioandersen\/files\/2024\/02\/portal-igualdad-300x46.jpg 300w, https:\/\/blogsaverroes.juntadeandalucia.es\/colegioandersen\/files\/2024\/02\/portal-igualdad.jpg 630w\" sizes=\"(max-width: 847px) 100vw, 847px\" \/><\/a><\/p>\n<p>El II Plan Estrat\u00e9gico de Igualdad de G\u00e9nero en Educaci\u00f3n establece entre sus l\u00edneas estrat\u00e9gicas la prevenci\u00f3n de la violencia de g\u00e9nero, proponiendo para ello la inclusi\u00f3n en el Plan de Igualdad de G\u00e9nero de los centros docentes actuaciones de sensibilizaci\u00f3n, formaci\u00f3n e implicaci\u00f3n de la comunidad educativa en la prevenci\u00f3n de la violencia de g\u00e9nero.<\/p>\n<p>Por su parte, el Pacto de Estado contra la Violencia de G\u00e9nero que el centro tambi\u00e9n ha solicitado, nace de la necesidad de aumentar la protecci\u00f3n de las mujeres frente a la violencia de g\u00e9nero y ser m\u00e1s eficaces en la lucha por la eliminaci\u00f3n de esta violencia estructural.<\/p>\n<p>En este cometido destaca el papel clave e indispensable de los centros docentes por ser contextos privilegiados para fomentar valores igualitarios, libres de prejuicios y de estereotipos sexistas y para proporcionar modelos de relaciones interpersonales basadas en el respeto y el rechazo de cualquier tipo de violencia.<\/p>\n<p><a href=\"https:\/\/www.juntadeandalucia.es\/educacion\/portals\/web\/igualdad\/presentacion\" target=\"_blank\" rel=\"noopener noreferrer\">Enlace al Portal de Igualdad de la Consejer\u00eda de Desarrollo Educativo y Formaci\u00f3n Profesional<\/a><\/p>\n","protected":false},"excerpt":{"rendered":"<p>El II Plan Estrat\u00e9gico de Igualdad de G\u00e9nero en Educaci\u00f3n establece entre sus l\u00edneas estrat\u00e9gicas la prevenci\u00f3n de la violencia de g\u00e9nero, proponiendo para ello la inclusi\u00f3n en el Plan de Igualdad de G\u00e9nero&#46;&#46;&#46;<\/p>\n","protected":false},"author":8433,"featured_media":0,"parent":0,"menu_order":0,"comment_status":"closed","ping_status":"closed","template":"","meta":{"ngg_post_thumbnail":0,"footnotes":"","_mc_calendar":[]},"aioseo_notices":[],"_links":{"self":[{"href":"https:\/\/blogsaverroes.juntadeandalucia.es\/colegioandersen\/index.php?rest_route=\/wp\/v2\/pages\/3056"}],"collection":[{"href":"https:\/\/blogsaverroes.juntadeandalucia.es\/colegioandersen\/index.php?rest_route=\/wp\/v2\/pages"}],"about":[{"href":"https:\/\/blogsaverroes.juntadeandalucia.es\/colegioandersen\/index.php?rest_route=\/wp\/v2\/types\/page"}],"author":[{"embeddable":true,"href":"https:\/\/blogsaverroes.juntadeandalucia.es\/colegioandersen\/index.php?rest_route=\/wp\/v2\/users\/8433"}],"replies":[{"embeddable":true,"href":"https:\/\/blogsaverroes.juntadeandalucia.es\/colegioandersen\/index.php?rest_route=%2Fwp%2Fv2%2Fcomments&post=3056"}],"version-history":[{"count":5,"href":"https:\/\/blogsaverroes.juntadeandalucia.es\/colegioandersen\/index.php?rest_route=\/wp\/v2\/pages\/3056\/revisions"}],"predecessor-version":[{"id":3066,"href":"https:\/\/blogsaverroes.juntadeandalucia.es\/colegioandersen\/index.php?rest_route=\/wp\/v2\/pages\/3056\/revisions\/3066"}],"wp:attachment":[{"href":"https:\/\/blogsaverroes.juntadeandalucia.es\/colegioandersen\/index.php?rest_route=%2Fwp%2Fv2%2Fmedia&parent=3056"}],"curies":[{"name":"wp","href":"https:\/\/api.w.org\/{rel}","templated":true}]}}