{"id":3080,"date":"2024-02-11T11:05:50","date_gmt":"2024-02-11T11:05:50","guid":{"rendered":"https:\/\/blogsaverroes.juntadeandalucia.es\/colegioandersen\/?page_id=3080"},"modified":"2024-02-11T11:24:14","modified_gmt":"2024-02-11T11:24:14","slug":"mas-equidad_inclusion","status":"publish","type":"page","link":"https:\/\/blogsaverroes.juntadeandalucia.es\/colegioandersen\/?page_id=3080","title":{"rendered":"M\u00c1S EQUIDAD_INCLUSI\u00d3N"},"content":{"rendered":"<p><a href=\"https:\/\/www.juntadeandalucia.es\/organismos\/desarrolloeducativoyformacionprofesional\/consejeria\/transparencia\/planificacion-evaluacion-estadistica\/planes\/detalle\/241479.html\" target=\"_blank\" rel=\"noopener noreferrer\"><img fetchpriority=\"high\" decoding=\"async\" class=\"aligncenter wp-image-3081\" src=\"https:\/\/blogsaverroes.juntadeandalucia.es\/colegioandersen\/files\/2024\/02\/m\u00e1s-equidad-300x225.jpg\" alt=\"\" width=\"372\" height=\"279\" srcset=\"https:\/\/blogsaverroes.juntadeandalucia.es\/colegioandersen\/files\/2024\/02\/m\u00e1s-equidad-300x225.jpg 300w, https:\/\/blogsaverroes.juntadeandalucia.es\/colegioandersen\/files\/2024\/02\/m\u00e1s-equidad.jpg 360w\" sizes=\"(max-width: 372px) 100vw, 372px\" \/><\/a><\/p>\n<p>El Programa M\u00e1s Equidad se concibe como un conjunto de actuaciones dirigidas a potenciar la cultura inclusiva de los centros docentes y a mejorar el grado de adquisici\u00f3n de competencias a trav\u00e9s de la mejora de los recursos en el aula y\/o de la realizaci\u00f3n de experiencias innovadoras, activas y experimentales que promuevan el saber hacer del alumnado, partiendo de sus conocimientos y fomentando actitudes como la autonom\u00eda, la responsabilidad, el respeto y el trabajo en equipo, bajo los principios de la atenci\u00f3n a la diversidad y la igualdad de g\u00e9nero.<\/p>\n<p>Vemos en este Programa M\u00e1s <strong>Equidad INCLUSI\u00d3N<\/strong>, un valor esencial para desarrollar con medidas innovadoras espec\u00edficas la accesibilidad universal y al desarrollo de las competencias del alumnado escolarizado en unidades espec\u00edficas de Educaci\u00f3n Especial ubicadas en centros ordinarios como el nuestro.<\/p>\n<p><a href=\"https:\/\/www.juntadeandalucia.es\/organismos\/desarrolloeducativoyformacionprofesional\/consejeria\/transparencia\/planificacion-evaluacion-estadistica\/planes\/detalle\/241479.html\" target=\"_blank\" rel=\"noopener noreferrer\">Enlace al Portal del Programa M\u00e1s Equidad de la Consejer\u00eda de Desarrollo Educativo y Formaci\u00f3n Profesional<\/a><\/p>\n","protected":false},"excerpt":{"rendered":"<p>El Programa M\u00e1s Equidad se concibe como un conjunto de actuaciones dirigidas a potenciar la cultura inclusiva de los centros docentes y a mejorar el grado de adquisici\u00f3n de competencias a trav\u00e9s de la&#46;&#46;&#46;<\/p>\n","protected":false},"author":8433,"featured_media":0,"parent":0,"menu_order":0,"comment_status":"closed","ping_status":"closed","template":"","meta":{"ngg_post_thumbnail":0,"footnotes":"","_mc_calendar":[]},"aioseo_notices":[],"_links":{"self":[{"href":"https:\/\/blogsaverroes.juntadeandalucia.es\/colegioandersen\/index.php?rest_route=\/wp\/v2\/pages\/3080"}],"collection":[{"href":"https:\/\/blogsaverroes.juntadeandalucia.es\/colegioandersen\/index.php?rest_route=\/wp\/v2\/pages"}],"about":[{"href":"https:\/\/blogsaverroes.juntadeandalucia.es\/colegioandersen\/index.php?rest_route=\/wp\/v2\/types\/page"}],"author":[{"embeddable":true,"href":"https:\/\/blogsaverroes.juntadeandalucia.es\/colegioandersen\/index.php?rest_route=\/wp\/v2\/users\/8433"}],"replies":[{"embeddable":true,"href":"https:\/\/blogsaverroes.juntadeandalucia.es\/colegioandersen\/index.php?rest_route=%2Fwp%2Fv2%2Fcomments&post=3080"}],"version-history":[{"count":2,"href":"https:\/\/blogsaverroes.juntadeandalucia.es\/colegioandersen\/index.php?rest_route=\/wp\/v2\/pages\/3080\/revisions"}],"predecessor-version":[{"id":3104,"href":"https:\/\/blogsaverroes.juntadeandalucia.es\/colegioandersen\/index.php?rest_route=\/wp\/v2\/pages\/3080\/revisions\/3104"}],"wp:attachment":[{"href":"https:\/\/blogsaverroes.juntadeandalucia.es\/colegioandersen\/index.php?rest_route=%2Fwp%2Fv2%2Fmedia&parent=3080"}],"curies":[{"name":"wp","href":"https:\/\/api.w.org\/{rel}","templated":true}]}}