{"id":3090,"date":"2024-02-11T11:12:45","date_gmt":"2024-02-11T11:12:45","guid":{"rendered":"https:\/\/blogsaverroes.juntadeandalucia.es\/colegioandersen\/?page_id=3090"},"modified":"2024-02-11T11:26:41","modified_gmt":"2024-02-11T11:26:41","slug":"pacto-de-estado-contra-la-violencia-de-genero","status":"publish","type":"page","link":"https:\/\/blogsaverroes.juntadeandalucia.es\/colegioandersen\/?page_id=3090","title":{"rendered":"PACTO DE ESTADO CONTRA LA VIOLENCIA DE G\u00c9NERO"},"content":{"rendered":"<p><a href=\"https:\/\/www.juntadeandalucia.es\/educacion\/portals\/web\/igualdad\/actuaciones\/pacto-de-estado-contra-violencia-de-genero\" target=\"_blank\" rel=\"noopener noreferrer\"><img fetchpriority=\"high\" decoding=\"async\" class=\"aligncenter  wp-image-3091\" src=\"https:\/\/blogsaverroes.juntadeandalucia.es\/colegioandersen\/files\/2024\/02\/Pacto-de-Estado-300x230.png\" alt=\"\" width=\"323\" height=\"248\" srcset=\"https:\/\/blogsaverroes.juntadeandalucia.es\/colegioandersen\/files\/2024\/02\/Pacto-de-Estado-300x230.png 300w, https:\/\/blogsaverroes.juntadeandalucia.es\/colegioandersen\/files\/2024\/02\/Pacto-de-Estado.png 573w\" sizes=\"(max-width: 323px) 100vw, 323px\" \/><\/a><\/p>\n<p>Los Objetivos&nbsp;son:<\/p>\n<ul>\n<li>Promover programas de educaci\u00f3n emocional y de resoluci\u00f3n pac\u00edfica de conflictos que permitan el establecimiento de relaciones de equidad que protejan de cualquier situaci\u00f3n de violencia.<\/li>\n<li>Desarrollar entre el alumnado la capacidad para percibir e identificar conductas sexistas en situaciones cotidianas de su vida.<\/li>\n<li>Implicar a la comunidad educativa en el desarrollo de medidas que promuevan la igualdad y la prevenci\u00f3n de la violencia de g\u00e9nero.<\/li>\n<li>Favorecer la creaci\u00f3n de recursos did\u00e1cticos que puedan ser extrapolables a otros centros docentes y que se conviertan en sostenibles en el tiempo.<\/li>\n<\/ul>\n<p><a href=\"https:\/\/www.juntadeandalucia.es\/educacion\/portals\/web\/igualdad\/actuaciones\/pacto-de-estado-contra-violencia-de-genero\" target=\"_blank\" rel=\"noopener noreferrer\">Enlace al Portal Pacto de Estado contra la Violencia de G\u00e9nero de la Consejer\u00eda de Desarrollo Educativo y Formaci\u00f3n Profesional<\/a><\/p>\n","protected":false},"excerpt":{"rendered":"<p>Los Objetivos&nbsp;son: Promover programas de educaci\u00f3n emocional y de resoluci\u00f3n pac\u00edfica de conflictos que permitan el establecimiento de relaciones de equidad que protejan de cualquier situaci\u00f3n de violencia. Desarrollar entre el alumnado la capacidad&#46;&#46;&#46;<\/p>\n","protected":false},"author":8433,"featured_media":0,"parent":0,"menu_order":0,"comment_status":"closed","ping_status":"closed","template":"","meta":{"ngg_post_thumbnail":0,"footnotes":"","_mc_calendar":[]},"aioseo_notices":[],"_links":{"self":[{"href":"https:\/\/blogsaverroes.juntadeandalucia.es\/colegioandersen\/index.php?rest_route=\/wp\/v2\/pages\/3090"}],"collection":[{"href":"https:\/\/blogsaverroes.juntadeandalucia.es\/colegioandersen\/index.php?rest_route=\/wp\/v2\/pages"}],"about":[{"href":"https:\/\/blogsaverroes.juntadeandalucia.es\/colegioandersen\/index.php?rest_route=\/wp\/v2\/types\/page"}],"author":[{"embeddable":true,"href":"https:\/\/blogsaverroes.juntadeandalucia.es\/colegioandersen\/index.php?rest_route=\/wp\/v2\/users\/8433"}],"replies":[{"embeddable":true,"href":"https:\/\/blogsaverroes.juntadeandalucia.es\/colegioandersen\/index.php?rest_route=%2Fwp%2Fv2%2Fcomments&post=3090"}],"version-history":[{"count":3,"href":"https:\/\/blogsaverroes.juntadeandalucia.es\/colegioandersen\/index.php?rest_route=\/wp\/v2\/pages\/3090\/revisions"}],"predecessor-version":[{"id":3105,"href":"https:\/\/blogsaverroes.juntadeandalucia.es\/colegioandersen\/index.php?rest_route=\/wp\/v2\/pages\/3090\/revisions\/3105"}],"wp:attachment":[{"href":"https:\/\/blogsaverroes.juntadeandalucia.es\/colegioandersen\/index.php?rest_route=%2Fwp%2Fv2%2Fmedia&parent=3090"}],"curies":[{"name":"wp","href":"https:\/\/api.w.org\/{rel}","templated":true}]}}