{"id":3096,"date":"2024-02-11T11:20:05","date_gmt":"2024-02-11T11:20:05","guid":{"rendered":"https:\/\/blogsaverroes.juntadeandalucia.es\/colegioandersen\/?page_id=3096"},"modified":"2024-02-11T11:20:05","modified_gmt":"2024-02-11T11:20:05","slug":"habitos-de-vida-saludable_creciendo-en-salud","status":"publish","type":"page","link":"https:\/\/blogsaverroes.juntadeandalucia.es\/colegioandersen\/?page_id=3096","title":{"rendered":"H\u00c1BITOS DE VIDA SALUDABLE_CRECIENDO EN SALUD"},"content":{"rendered":"<p><a href=\"https:\/\/www.juntadeandalucia.es\/educacion\/portals\/web\/habitos-vida-saludable\" target=\"_blank\" rel=\"noopener noreferrer\"><img fetchpriority=\"high\" decoding=\"async\" class=\"aligncenter wp-image-3097 size-medium\" src=\"https:\/\/blogsaverroes.juntadeandalucia.es\/colegioandersen\/files\/2024\/02\/h\u00e1bitos-vida-saludable-300x300.png\" alt=\"\" width=\"300\" height=\"300\" srcset=\"https:\/\/blogsaverroes.juntadeandalucia.es\/colegioandersen\/files\/2024\/02\/h\u00e1bitos-vida-saludable-300x300.png 300w, https:\/\/blogsaverroes.juntadeandalucia.es\/colegioandersen\/files\/2024\/02\/h\u00e1bitos-vida-saludable-150x150.png 150w, https:\/\/blogsaverroes.juntadeandalucia.es\/colegioandersen\/files\/2024\/02\/h\u00e1bitos-vida-saludable-80x80.png 80w, https:\/\/blogsaverroes.juntadeandalucia.es\/colegioandersen\/files\/2024\/02\/h\u00e1bitos-vida-saludable-320x320.png 320w, https:\/\/blogsaverroes.juntadeandalucia.es\/colegioandersen\/files\/2024\/02\/h\u00e1bitos-vida-saludable.png 529w\" sizes=\"(max-width: 300px) 100vw, 300px\" \/><\/a><\/p>\n<p>Participamos en el desarrollo de H\u00e1bitos de Vida Saludable<\/p>\n<p>En la siguientes L\u00edneas de Actuaci\u00f3n :<\/p>\n<ul>\n<li>Estilos de vida saludable<\/li>\n<li>Educaci\u00f3n Emocional<\/li>\n<li>Autocuidados y accidentabilidad<\/li>\n<\/ul>\n<p><a href=\"https:\/\/www.juntadeandalucia.es\/educacion\/portals\/web\/habitos-vida-saludable\" target=\"_blank\" rel=\"noopener noreferrer\">Enlace al Portal H\u00e1bitos de Vida Saludable de la Consejer\u00eda de Desarrollo Educativo y Formaci\u00f3n Profesional<\/a><\/p>\n","protected":false},"excerpt":{"rendered":"<p>Participamos en el desarrollo de H\u00e1bitos de Vida Saludable En la siguientes L\u00edneas de Actuaci\u00f3n : Estilos de vida saludable Educaci\u00f3n Emocional Autocuidados y accidentabilidad Enlace al Portal H\u00e1bitos de Vida Saludable de la&#46;&#46;&#46;<\/p>\n","protected":false},"author":8433,"featured_media":0,"parent":0,"menu_order":0,"comment_status":"closed","ping_status":"closed","template":"","meta":{"ngg_post_thumbnail":0,"footnotes":"","_mc_calendar":[]},"aioseo_notices":[],"_links":{"self":[{"href":"https:\/\/blogsaverroes.juntadeandalucia.es\/colegioandersen\/index.php?rest_route=\/wp\/v2\/pages\/3096"}],"collection":[{"href":"https:\/\/blogsaverroes.juntadeandalucia.es\/colegioandersen\/index.php?rest_route=\/wp\/v2\/pages"}],"about":[{"href":"https:\/\/blogsaverroes.juntadeandalucia.es\/colegioandersen\/index.php?rest_route=\/wp\/v2\/types\/page"}],"author":[{"embeddable":true,"href":"https:\/\/blogsaverroes.juntadeandalucia.es\/colegioandersen\/index.php?rest_route=\/wp\/v2\/users\/8433"}],"replies":[{"embeddable":true,"href":"https:\/\/blogsaverroes.juntadeandalucia.es\/colegioandersen\/index.php?rest_route=%2Fwp%2Fv2%2Fcomments&post=3096"}],"version-history":[{"count":1,"href":"https:\/\/blogsaverroes.juntadeandalucia.es\/colegioandersen\/index.php?rest_route=\/wp\/v2\/pages\/3096\/revisions"}],"predecessor-version":[{"id":3099,"href":"https:\/\/blogsaverroes.juntadeandalucia.es\/colegioandersen\/index.php?rest_route=\/wp\/v2\/pages\/3096\/revisions\/3099"}],"wp:attachment":[{"href":"https:\/\/blogsaverroes.juntadeandalucia.es\/colegioandersen\/index.php?rest_route=%2Fwp%2Fv2%2Fmedia&parent=3096"}],"curies":[{"name":"wp","href":"https:\/\/api.w.org\/{rel}","templated":true}]}}