{"id":42,"date":"2015-03-13T08:40:47","date_gmt":"2015-03-13T08:40:47","guid":{"rendered":"http:\/\/blogsaverroes.juntadeandalucia.es\/pre\/ceip\/?page_id=42"},"modified":"2023-07-18T17:43:02","modified_gmt":"2023-07-18T17:43:02","slug":"equipo-directivo","status":"publish","type":"page","link":"https:\/\/blogsaverroes.juntadeandalucia.es\/colegioandersen\/?page_id=42","title":{"rendered":"Equipo directivo"},"content":{"rendered":"<p>El <span style=\"color: #008000\"><strong>Equipo Directivo<\/strong><\/span> del <strong><span style=\"color: #008000\">C.E.I.P. Hans Christian Andersen<\/span><\/strong> para el curso 23\/24 est\u00e1 compuesto por:<br \/>\n<strong>Direcci\u00f3n:<\/strong> D\u00f1a. Nieves Garc\u00eda Jim\u00e9nez.<br \/>\n<strong>Jefatura de estudios:<\/strong> D\u00f1a. Ana M\u00aa M\u00e1rquez Garc\u00eda.<br \/>\n<strong>Secretar\u00eda:<\/strong> D\u00f1a. Sonia Pereira Castro.<\/p>\n","protected":false},"excerpt":{"rendered":"<p>El Equipo Directivo del C.E.I.P. Hans Christian Andersen para el curso 23\/24 est\u00e1 compuesto por: Direcci\u00f3n: D\u00f1a. Nieves Garc\u00eda Jim\u00e9nez. Jefatura de estudios: D\u00f1a. Ana M\u00aa M\u00e1rquez Garc\u00eda. Secretar\u00eda: D\u00f1a. Sonia Pereira Castro.<\/p>\n","protected":false},"author":1,"featured_media":0,"parent":0,"menu_order":0,"comment_status":"closed","ping_status":"open","template":"","meta":{"ngg_post_thumbnail":0,"footnotes":"","_mc_calendar":[]},"aioseo_notices":[],"_links":{"self":[{"href":"https:\/\/blogsaverroes.juntadeandalucia.es\/colegioandersen\/index.php?rest_route=\/wp\/v2\/pages\/42"}],"collection":[{"href":"https:\/\/blogsaverroes.juntadeandalucia.es\/colegioandersen\/index.php?rest_route=\/wp\/v2\/pages"}],"about":[{"href":"https:\/\/blogsaverroes.juntadeandalucia.es\/colegioandersen\/index.php?rest_route=\/wp\/v2\/types\/page"}],"author":[{"embeddable":true,"href":"https:\/\/blogsaverroes.juntadeandalucia.es\/colegioandersen\/index.php?rest_route=\/wp\/v2\/users\/1"}],"replies":[{"embeddable":true,"href":"https:\/\/blogsaverroes.juntadeandalucia.es\/colegioandersen\/index.php?rest_route=%2Fwp%2Fv2%2Fcomments&post=42"}],"version-history":[{"count":7,"href":"https:\/\/blogsaverroes.juntadeandalucia.es\/colegioandersen\/index.php?rest_route=\/wp\/v2\/pages\/42\/revisions"}],"predecessor-version":[{"id":2900,"href":"https:\/\/blogsaverroes.juntadeandalucia.es\/colegioandersen\/index.php?rest_route=\/wp\/v2\/pages\/42\/revisions\/2900"}],"wp:attachment":[{"href":"https:\/\/blogsaverroes.juntadeandalucia.es\/colegioandersen\/index.php?rest_route=%2Fwp%2Fv2%2Fmedia&parent=42"}],"curies":[{"name":"wp","href":"https:\/\/api.w.org\/{rel}","templated":true}]}}