{"id":871,"date":"2015-03-16T07:25:46","date_gmt":"2015-03-16T07:25:46","guid":{"rendered":"http:\/\/blogsaverroes.juntadeandalucia.es\/pre\/ceip\/?page_id=106"},"modified":"2025-02-17T06:58:51","modified_gmt":"2025-02-17T06:58:51","slug":"actividades-extraescolares","status":"publish","type":"page","link":"https:\/\/blogsaverroes.juntadeandalucia.es\/colegioandersen\/?page_id=871","title":{"rendered":"Actividades extraescolares"},"content":{"rendered":"<p style=\"text-align: center\"><a href=\"https:\/\/blogsaverroes.juntadeandalucia.es\/colegioandersen\/files\/2023\/07\/art-2941706_1920.jpg\"><img fetchpriority=\"high\" decoding=\"async\" class=\"aligncenter size-medium wp-image-2905\" src=\"https:\/\/blogsaverroes.juntadeandalucia.es\/colegioandersen\/files\/2023\/07\/art-2941706_1920-300x200.jpg\" alt=\"\" width=\"300\" height=\"200\" srcset=\"https:\/\/blogsaverroes.juntadeandalucia.es\/colegioandersen\/files\/2023\/07\/art-2941706_1920-300x200.jpg 300w, https:\/\/blogsaverroes.juntadeandalucia.es\/colegioandersen\/files\/2023\/07\/art-2941706_1920-1024x683.jpg 1024w, https:\/\/blogsaverroes.juntadeandalucia.es\/colegioandersen\/files\/2023\/07\/art-2941706_1920-768x512.jpg 768w, https:\/\/blogsaverroes.juntadeandalucia.es\/colegioandersen\/files\/2023\/07\/art-2941706_1920-1536x1024.jpg 1536w, https:\/\/blogsaverroes.juntadeandalucia.es\/colegioandersen\/files\/2023\/07\/art-2941706_1920.jpg 1600w\" sizes=\"(max-width: 300px) 100vw, 300px\" \/><\/a><\/p>\n<p style=\"text-align: justify\">Las actividades extraescolares tienen un car\u00e1cter voluntario para el alumnado y en ning\u00fan caso forman parte del proceso de evaluaci\u00f3n del alumnado. La atenci\u00f3n a este tipo de alumnado se realiza con personal que cuenta con la formaci\u00f3n y cualificaci\u00f3n adecuada a las actividades a desarrollar. Estas actividades est\u00e1n dentro del Plan de Apoyo a las familias.<\/p>\n<p>La empresa encargada de las actividades extraescolares es ANTHEA, S.L<\/p>\n<p><a href=\"https:\/\/blogsaverroes.juntadeandalucia.es\/colegioandersen\/files\/2025\/02\/HORARIO-AAEE-24_25_.jpg\"><img decoding=\"async\" class=\"aligncenter size-large wp-image-3279\" src=\"https:\/\/blogsaverroes.juntadeandalucia.es\/colegioandersen\/files\/2025\/02\/HORARIO-AAEE-24_25_-1024x724.jpg\" alt=\"\" width=\"1024\" height=\"724\" srcset=\"https:\/\/blogsaverroes.juntadeandalucia.es\/colegioandersen\/files\/2025\/02\/HORARIO-AAEE-24_25_-1024x724.jpg 1024w, https:\/\/blogsaverroes.juntadeandalucia.es\/colegioandersen\/files\/2025\/02\/HORARIO-AAEE-24_25_-300x212.jpg 300w, https:\/\/blogsaverroes.juntadeandalucia.es\/colegioandersen\/files\/2025\/02\/HORARIO-AAEE-24_25_-768x543.jpg 768w, https:\/\/blogsaverroes.juntadeandalucia.es\/colegioandersen\/files\/2025\/02\/HORARIO-AAEE-24_25_-1536x1086.jpg 1536w, https:\/\/blogsaverroes.juntadeandalucia.es\/colegioandersen\/files\/2025\/02\/HORARIO-AAEE-24_25_.jpg 1600w\" sizes=\"(max-width: 1024px) 100vw, 1024px\" \/><\/a><\/p>\n<p>&nbsp;<\/p>\n","protected":false},"excerpt":{"rendered":"<p>Las actividades extraescolares tienen un car\u00e1cter voluntario para el alumnado y en ning\u00fan caso forman parte del proceso de evaluaci\u00f3n del alumnado. La atenci\u00f3n a este tipo de alumnado se realiza con personal que&#46;&#46;&#46;<\/p>\n","protected":false},"author":1,"featured_media":0,"parent":0,"menu_order":0,"comment_status":"closed","ping_status":"open","template":"","meta":{"ngg_post_thumbnail":0,"footnotes":"","_mc_calendar":[]},"aioseo_notices":[],"_links":{"self":[{"href":"https:\/\/blogsaverroes.juntadeandalucia.es\/colegioandersen\/index.php?rest_route=\/wp\/v2\/pages\/871"}],"collection":[{"href":"https:\/\/blogsaverroes.juntadeandalucia.es\/colegioandersen\/index.php?rest_route=\/wp\/v2\/pages"}],"about":[{"href":"https:\/\/blogsaverroes.juntadeandalucia.es\/colegioandersen\/index.php?rest_route=\/wp\/v2\/types\/page"}],"author":[{"embeddable":true,"href":"https:\/\/blogsaverroes.juntadeandalucia.es\/colegioandersen\/index.php?rest_route=\/wp\/v2\/users\/1"}],"replies":[{"embeddable":true,"href":"https:\/\/blogsaverroes.juntadeandalucia.es\/colegioandersen\/index.php?rest_route=%2Fwp%2Fv2%2Fcomments&post=871"}],"version-history":[{"count":12,"href":"https:\/\/blogsaverroes.juntadeandalucia.es\/colegioandersen\/index.php?rest_route=\/wp\/v2\/pages\/871\/revisions"}],"predecessor-version":[{"id":3280,"href":"https:\/\/blogsaverroes.juntadeandalucia.es\/colegioandersen\/index.php?rest_route=\/wp\/v2\/pages\/871\/revisions\/3280"}],"wp:attachment":[{"href":"https:\/\/blogsaverroes.juntadeandalucia.es\/colegioandersen\/index.php?rest_route=%2Fwp%2Fv2%2Fmedia&parent=871"}],"curies":[{"name":"wp","href":"https:\/\/api.w.org\/{rel}","templated":true}]}}