{"id":113,"date":"2015-03-16T08:06:00","date_gmt":"2015-03-16T08:06:00","guid":{"rendered":"http:\/\/blogsaverroes.juntadeandalucia.es\/pre\/ceip\/?page_id=113"},"modified":"2025-04-29T10:38:05","modified_gmt":"2025-04-29T10:38:05","slug":"biblioteca","status":"publish","type":"page","link":"https:\/\/blogsaverroes.juntadeandalucia.es\/colegiocasines\/biblioteca\/","title":{"rendered":"Biblioteca"},"content":{"rendered":"<p><iframe loading=\"lazy\" title=\"Bibliotecas escolares de Andaluc\u00eda al servicio de la comunidad educativa\" width=\"474\" height=\"267\" src=\"https:\/\/www.youtube.com\/embed\/N_rrGePF_zM?feature=oembed\" frameborder=\"0\" allow=\"accelerometer; autoplay; clipboard-write; encrypted-media; gyroscope; picture-in-picture; web-share\" referrerpolicy=\"strict-origin-when-cross-origin\" allowfullscreen><\/iframe><\/p>\n<p>Informaci\u00f3n sobre su uso, horarios, prestamos, etc&#8230;<\/p>\n<p><a title=\"Bibliotecas escolares\" href=\"http:\/\/www.juntadeandalucia.es\/educacion\/webportal\/web\/lecturas-y-bibliotecas-escolares\/bibliotecas-escolares\" target=\"_blank\" rel=\"noopener\">Enlace al portal sobre las Bibliotecas Escolares.<\/a><\/p>\n<p>&nbsp;<\/p>\n<h6><strong><span style=\"color: #00ccff\">CONCURSO DE DIBUJO: LA MASCOTA DE LA BIBLIOTECA<\/span><\/strong><\/h6>\n<h6>Una&nbsp; vez finalizado el concurso queremos felicitar a la ganadora, \u00c1frica Noria Peralta, de la clase azul,&nbsp; por su dibujo de Tyli.&nbsp;<\/p>\n<p>La se\u00f1o Rosa, la coordinadora de la Biblioteca entreg\u00f3 en la jornada de ayer el premio a la ganadora ayudada por la se\u00f1o Cristina, que forma parte del Equipo de Biblioteca del cole.&nbsp;<\/h6>\n<p><a href=\"https:\/\/blogsaverroes.juntadeandalucia.es\/colegiocasines\/files\/2025\/04\/20250429_120929.jpg\"><img loading=\"lazy\" decoding=\"async\" class=\"alignnone size-medium wp-image-2669\" src=\"https:\/\/blogsaverroes.juntadeandalucia.es\/colegiocasines\/files\/2025\/04\/20250429_120929-300x225.jpg\" alt=\"\" width=\"300\" height=\"225\" srcset=\"https:\/\/blogsaverroes.juntadeandalucia.es\/colegiocasines\/files\/2025\/04\/20250429_120929-300x225.jpg 300w, https:\/\/blogsaverroes.juntadeandalucia.es\/colegiocasines\/files\/2025\/04\/20250429_120929-1024x768.jpg 1024w, https:\/\/blogsaverroes.juntadeandalucia.es\/colegiocasines\/files\/2025\/04\/20250429_120929-768x576.jpg 768w, https:\/\/blogsaverroes.juntadeandalucia.es\/colegiocasines\/files\/2025\/04\/20250429_120929-1536x1152.jpg 1536w, https:\/\/blogsaverroes.juntadeandalucia.es\/colegiocasines\/files\/2025\/04\/20250429_120929-2048x1536.jpg 2048w\" sizes=\"(max-width: 300px) 100vw, 300px\" \/><\/a><\/p>\n<p><a href=\"https:\/\/blogsaverroes.juntadeandalucia.es\/colegiocasines\/files\/2025\/04\/20250428_131507-rotated.jpg\"><img loading=\"lazy\" decoding=\"async\" class=\"alignnone size-medium wp-image-2667\" src=\"https:\/\/blogsaverroes.juntadeandalucia.es\/colegiocasines\/files\/2025\/04\/20250428_131507-225x300.jpg\" alt=\"\" width=\"225\" height=\"300\" srcset=\"https:\/\/blogsaverroes.juntadeandalucia.es\/colegiocasines\/files\/2025\/04\/20250428_131507-225x300.jpg 225w, https:\/\/blogsaverroes.juntadeandalucia.es\/colegiocasines\/files\/2025\/04\/20250428_131507-768x1024.jpg 768w, https:\/\/blogsaverroes.juntadeandalucia.es\/colegiocasines\/files\/2025\/04\/20250428_131507-1152x1536.jpg 1152w, https:\/\/blogsaverroes.juntadeandalucia.es\/colegiocasines\/files\/2025\/04\/20250428_131507-1536x2048.jpg 1536w, https:\/\/blogsaverroes.juntadeandalucia.es\/colegiocasines\/files\/2025\/04\/20250428_131507-rotated.jpg 1200w\" sizes=\"(max-width: 225px) 100vw, 225px\" \/><\/a><\/p>\n<p><a href=\"https:\/\/blogsaverroes.juntadeandalucia.es\/colegiocasines\/files\/2025\/04\/20250428_131612-rotated.jpg\"><img loading=\"lazy\" decoding=\"async\" class=\"alignnone size-medium wp-image-2668\" src=\"https:\/\/blogsaverroes.juntadeandalucia.es\/colegiocasines\/files\/2025\/04\/20250428_131612-225x300.jpg\" alt=\"\" width=\"225\" height=\"300\" srcset=\"https:\/\/blogsaverroes.juntadeandalucia.es\/colegiocasines\/files\/2025\/04\/20250428_131612-225x300.jpg 225w, https:\/\/blogsaverroes.juntadeandalucia.es\/colegiocasines\/files\/2025\/04\/20250428_131612-768x1024.jpg 768w, https:\/\/blogsaverroes.juntadeandalucia.es\/colegiocasines\/files\/2025\/04\/20250428_131612-1152x1536.jpg 1152w, https:\/\/blogsaverroes.juntadeandalucia.es\/colegiocasines\/files\/2025\/04\/20250428_131612-1536x2048.jpg 1536w\" sizes=\"(max-width: 225px) 100vw, 225px\" \/><\/a><\/p>\n","protected":false},"excerpt":{"rendered":"<p>Informaci\u00f3n sobre su uso, horarios, prestamos, etc&#8230; Enlace al portal sobre las Bibliotecas Escolares. &nbsp; CONCURSO DE DIBUJO: LA MASCOTA DE LA BIBLIOTECA Una&nbsp; vez finalizado el concurso queremos felicitar a la ganadora, \u00c1frica Noria Peralta, de la clase azul,&nbsp; por su dibujo de Tyli.&nbsp; La se\u00f1o Rosa, la coordinadora de la Biblioteca entreg\u00f3 en &hellip; <a href=\"https:\/\/blogsaverroes.juntadeandalucia.es\/colegiocasines\/biblioteca\/\" class=\"more-link\">Seguir leyendo <span class=\"screen-reader-text\">Biblioteca<\/span> <span class=\"meta-nav\">&rarr;<\/span><\/a><\/p>\n","protected":false},"author":1,"featured_media":0,"parent":0,"menu_order":0,"comment_status":"closed","ping_status":"open","template":"","meta":{"ngg_post_thumbnail":0,"footnotes":"","_mc_calendar":[]},"aioseo_notices":[],"_links":{"self":[{"href":"https:\/\/blogsaverroes.juntadeandalucia.es\/colegiocasines\/wp-json\/wp\/v2\/pages\/113"}],"collection":[{"href":"https:\/\/blogsaverroes.juntadeandalucia.es\/colegiocasines\/wp-json\/wp\/v2\/pages"}],"about":[{"href":"https:\/\/blogsaverroes.juntadeandalucia.es\/colegiocasines\/wp-json\/wp\/v2\/types\/page"}],"author":[{"embeddable":true,"href":"https:\/\/blogsaverroes.juntadeandalucia.es\/colegiocasines\/wp-json\/wp\/v2\/users\/1"}],"replies":[{"embeddable":true,"href":"https:\/\/blogsaverroes.juntadeandalucia.es\/colegiocasines\/wp-json\/wp\/v2\/comments?post=113"}],"version-history":[{"count":8,"href":"https:\/\/blogsaverroes.juntadeandalucia.es\/colegiocasines\/wp-json\/wp\/v2\/pages\/113\/revisions"}],"predecessor-version":[{"id":2671,"href":"https:\/\/blogsaverroes.juntadeandalucia.es\/colegiocasines\/wp-json\/wp\/v2\/pages\/113\/revisions\/2671"}],"wp:attachment":[{"href":"https:\/\/blogsaverroes.juntadeandalucia.es\/colegiocasines\/wp-json\/wp\/v2\/media?parent=113"}],"curies":[{"name":"wp","href":"https:\/\/api.w.org\/{rel}","templated":true}]}}