{"id":141,"date":"2015-03-17T07:13:24","date_gmt":"2015-03-17T07:13:24","guid":{"rendered":"http:\/\/blogsaverroes.juntadeandalucia.es\/pre\/ceip\/?page_id=141"},"modified":"2025-03-06T09:52:35","modified_gmt":"2025-03-06T09:52:35","slug":"escolarizacion","status":"publish","type":"page","link":"https:\/\/blogsaverroes.juntadeandalucia.es\/colegiocasines\/escolarizacion\/","title":{"rendered":"Escolarizaci\u00f3n"},"content":{"rendered":"<p>Para el curso 2025\/2026 contaremos con 2 unidades de Infantil 3 a\u00f1os, 2 unidades de Infantil 4 a\u00f1os y 2 unidades de Infantil 5 a\u00f1os, todas ellas biling\u00fces ingl\u00e9s. Pueden consultar las plazas disponibles en cada unidad en el tabl\u00f3n de anuncios del centro.<\/p>\n<p>Se podr\u00e1 consultar toda la normativa e informaci\u00f3n de inter\u00e9s en el siguiente enlace: <a href=\"https:\/\/www.juntadeandalucia.es\/educacion\/secretariavirtual\/accesoTramite\/543\/\" target=\"_blank\" rel=\"noopener\">Secretar\u00eda Virtual de la Junta de Andaluc\u00eda<\/a><\/p>\n<p>El periodo de escolarizaci\u00f3n es del 1 al 31 de marzo, ambos inclusive.<\/p>\n","protected":false},"excerpt":{"rendered":"<p>Para el curso 2025\/2026 contaremos con 2 unidades de Infantil 3 a\u00f1os, 2 unidades de Infantil 4 a\u00f1os y 2 unidades de Infantil 5 a\u00f1os, todas ellas biling\u00fces ingl\u00e9s. Pueden consultar las plazas disponibles en cada unidad en el tabl\u00f3n de anuncios del centro. Se podr\u00e1 consultar toda la normativa e informaci\u00f3n de inter\u00e9s en &hellip; <a href=\"https:\/\/blogsaverroes.juntadeandalucia.es\/colegiocasines\/escolarizacion\/\" class=\"more-link\">Seguir leyendo <span class=\"screen-reader-text\">Escolarizaci\u00f3n<\/span> <span class=\"meta-nav\">&rarr;<\/span><\/a><\/p>\n","protected":false},"author":1,"featured_media":0,"parent":0,"menu_order":0,"comment_status":"closed","ping_status":"open","template":"page-cs.php","meta":{"ngg_post_thumbnail":0,"footnotes":"","_mc_calendar":[]},"aioseo_notices":[],"_links":{"self":[{"href":"https:\/\/blogsaverroes.juntadeandalucia.es\/colegiocasines\/wp-json\/wp\/v2\/pages\/141"}],"collection":[{"href":"https:\/\/blogsaverroes.juntadeandalucia.es\/colegiocasines\/wp-json\/wp\/v2\/pages"}],"about":[{"href":"https:\/\/blogsaverroes.juntadeandalucia.es\/colegiocasines\/wp-json\/wp\/v2\/types\/page"}],"author":[{"embeddable":true,"href":"https:\/\/blogsaverroes.juntadeandalucia.es\/colegiocasines\/wp-json\/wp\/v2\/users\/1"}],"replies":[{"embeddable":true,"href":"https:\/\/blogsaverroes.juntadeandalucia.es\/colegiocasines\/wp-json\/wp\/v2\/comments?post=141"}],"version-history":[{"count":13,"href":"https:\/\/blogsaverroes.juntadeandalucia.es\/colegiocasines\/wp-json\/wp\/v2\/pages\/141\/revisions"}],"predecessor-version":[{"id":2645,"href":"https:\/\/blogsaverroes.juntadeandalucia.es\/colegiocasines\/wp-json\/wp\/v2\/pages\/141\/revisions\/2645"}],"wp:attachment":[{"href":"https:\/\/blogsaverroes.juntadeandalucia.es\/colegiocasines\/wp-json\/wp\/v2\/media?parent=141"}],"curies":[{"name":"wp","href":"https:\/\/api.w.org\/{rel}","templated":true}]}}