{"id":2328,"date":"2021-02-23T08:27:53","date_gmt":"2021-02-23T08:27:53","guid":{"rendered":"https:\/\/blogsaverroes.juntadeandalucia.es\/colegiocasines\/?page_id=2328"},"modified":"2022-02-08T12:16:38","modified_gmt":"2022-02-08T12:16:38","slug":"somos-visuales","status":"publish","type":"page","link":"https:\/\/blogsaverroes.juntadeandalucia.es\/colegiocasines\/somos-visuales\/","title":{"rendered":"Somos visuales"},"content":{"rendered":"<h5 class=\"ql-align-center\">El uso de herramientas visuales para el aprendizaje&nbsp;potencia la autonom\u00eda en los ni\u00f1os y ni\u00f1as, facilita la anticipaci\u00f3n y comprensi\u00f3n de actividades, ayuda a mantener la atenci\u00f3n, aporta tranquilidad, favoreciendo la regulaci\u00f3n conductual y la comunicaci\u00f3n. Adem\u00e1s, mejora la accesibilidad cognitiva, fomentando la inclusi\u00f3n y la atenci\u00f3n a la diversidad.<\/h5>\n<p>Por ello, tras cursar todo el profesorado el Curso de APRENDICES VISUALES, se cuenta con rotulaci\u00f3n tanto de espacios comunes como de aulas, incluyendo las agendas diarias, para potenciar el trabajo con el alumado TEA. De igual forma, todas las zonas comunes cuentan con rotulaci\u00f3n en Braille, para hacer el centro 100% inclusivo.<\/p>\n<p><a href=\"https:\/\/blogsaverroes.juntadeandalucia.es\/colegiocasines\/files\/2022\/02\/unnamed-scaled.jpg\"><img loading=\"lazy\" decoding=\"async\" class=\"size-medium wp-image-2410 aligncenter\" src=\"https:\/\/blogsaverroes.juntadeandalucia.es\/colegiocasines\/files\/2022\/02\/unnamed-225x300.jpg\" alt=\"\" width=\"225\" height=\"300\" srcset=\"https:\/\/blogsaverroes.juntadeandalucia.es\/colegiocasines\/files\/2022\/02\/unnamed-225x300.jpg 225w, https:\/\/blogsaverroes.juntadeandalucia.es\/colegiocasines\/files\/2022\/02\/unnamed-768x1024.jpg 768w, https:\/\/blogsaverroes.juntadeandalucia.es\/colegiocasines\/files\/2022\/02\/unnamed-1152x1536.jpg 1152w, https:\/\/blogsaverroes.juntadeandalucia.es\/colegiocasines\/files\/2022\/02\/unnamed-1536x2048.jpg 1536w, https:\/\/blogsaverroes.juntadeandalucia.es\/colegiocasines\/files\/2022\/02\/unnamed-scaled.jpg 1200w\" sizes=\"(max-width: 225px) 100vw, 225px\" \/><\/a><\/p>\n","protected":false},"excerpt":{"rendered":"<p>El uso de herramientas visuales para el aprendizaje&nbsp;potencia la autonom\u00eda en los ni\u00f1os y ni\u00f1as, facilita la anticipaci\u00f3n y comprensi\u00f3n de actividades, ayuda a mantener la atenci\u00f3n, aporta tranquilidad, favoreciendo la regulaci\u00f3n conductual y la comunicaci\u00f3n. Adem\u00e1s, mejora la accesibilidad cognitiva, fomentando la inclusi\u00f3n y la atenci\u00f3n a la diversidad. Por ello, tras cursar todo &hellip; <a href=\"https:\/\/blogsaverroes.juntadeandalucia.es\/colegiocasines\/somos-visuales\/\" class=\"more-link\">Seguir leyendo <span class=\"screen-reader-text\">Somos visuales<\/span> <span class=\"meta-nav\">&rarr;<\/span><\/a><\/p>\n","protected":false},"author":10402,"featured_media":0,"parent":0,"menu_order":0,"comment_status":"closed","ping_status":"closed","template":"","meta":{"ngg_post_thumbnail":0,"footnotes":"","_mc_calendar":[]},"aioseo_notices":[],"_links":{"self":[{"href":"https:\/\/blogsaverroes.juntadeandalucia.es\/colegiocasines\/wp-json\/wp\/v2\/pages\/2328"}],"collection":[{"href":"https:\/\/blogsaverroes.juntadeandalucia.es\/colegiocasines\/wp-json\/wp\/v2\/pages"}],"about":[{"href":"https:\/\/blogsaverroes.juntadeandalucia.es\/colegiocasines\/wp-json\/wp\/v2\/types\/page"}],"author":[{"embeddable":true,"href":"https:\/\/blogsaverroes.juntadeandalucia.es\/colegiocasines\/wp-json\/wp\/v2\/users\/10402"}],"replies":[{"embeddable":true,"href":"https:\/\/blogsaverroes.juntadeandalucia.es\/colegiocasines\/wp-json\/wp\/v2\/comments?post=2328"}],"version-history":[{"count":3,"href":"https:\/\/blogsaverroes.juntadeandalucia.es\/colegiocasines\/wp-json\/wp\/v2\/pages\/2328\/revisions"}],"predecessor-version":[{"id":2411,"href":"https:\/\/blogsaverroes.juntadeandalucia.es\/colegiocasines\/wp-json\/wp\/v2\/pages\/2328\/revisions\/2411"}],"wp:attachment":[{"href":"https:\/\/blogsaverroes.juntadeandalucia.es\/colegiocasines\/wp-json\/wp\/v2\/media?parent=2328"}],"curies":[{"name":"wp","href":"https:\/\/api.w.org\/{rel}","templated":true}]}}