{"id":2601,"date":"2025-02-25T09:26:49","date_gmt":"2025-02-25T09:26:49","guid":{"rendered":"https:\/\/blogsaverroes.juntadeandalucia.es\/colegiocasines\/?page_id=2601"},"modified":"2025-03-11T09:25:10","modified_gmt":"2025-03-11T09:25:10","slug":"claustro","status":"publish","type":"page","link":"https:\/\/blogsaverroes.juntadeandalucia.es\/colegiocasines\/claustro\/","title":{"rendered":"Claustro"},"content":{"rendered":"<p>El claustro de la Escuela Tierra y Libertad est\u00e1 formado por:<br \/>\n&#8211; 3 a\u00f1os A: D\u00f1a. Alicia Barrientos Romero<br \/>\n&#8211; 3 a\u00f1os B: D\u00f1a. Mar\u00eda Luisa Santos Mart\u00ednez<br \/>\n&#8211; 4 a\u00f1os A: D\u00f1a. Rosa Carles Romero<br \/>\n&#8211; 4 a\u00f1os B: D\u00f1a. Celia Rodr\u00edguez Para<br \/>\n&#8211; 5 a\u00f1os A. D\u00f1a. Carolina Rulli Sabbatini<br \/>\n&#8211; 5 a\u00f1os B: D\u00f1a. Cristina Gordillo Aleu<\/p>\n<p>Apoyo 1: D\u00f1a. Inmaculada Ben\u00edtez Conejero<br \/>\nApoyo 2: D\u00f1a. \u00c1ngela Alba Ganfornina<br \/>\nApoyo 3: D\u00f1a. Catalina G\u00f3mez R\u00edos<\/p>\n<p>Maestra Religi\u00f3n: D\u00f1a. Mar\u00eda Isabel Chaves Correro<br \/>\nMaestro Ingl\u00e9s: D. Jos\u00e9 Miguel Aznar Barea<\/p>\n<p>Especialistas de Apoyo a la Integraci\u00f3n:<br \/>\n&#8211; PT: D\u00f1a. Isabel Soriano Higueras<br \/>\n&#8211; AL: D\u00f1a. Ana S\u00e1nchez Valles<br \/>\n&#8211; Ptis: D\u00f1a. Roc\u00edo Ja\u00e9n D\u00edaz<\/p>\n","protected":false},"excerpt":{"rendered":"<p>El claustro de la Escuela Tierra y Libertad est\u00e1 formado por: &#8211; 3 a\u00f1os A: D\u00f1a. Alicia Barrientos Romero &#8211; 3 a\u00f1os B: D\u00f1a. Mar\u00eda Luisa Santos Mart\u00ednez &#8211; 4 a\u00f1os A: D\u00f1a. Rosa Carles Romero &#8211; 4 a\u00f1os B: D\u00f1a. Celia Rodr\u00edguez Para &#8211; 5 a\u00f1os A. D\u00f1a. Carolina Rulli Sabbatini &#8211; 5 a\u00f1os &hellip; <a href=\"https:\/\/blogsaverroes.juntadeandalucia.es\/colegiocasines\/claustro\/\" class=\"more-link\">Seguir leyendo <span class=\"screen-reader-text\">Claustro<\/span> <span class=\"meta-nav\">&rarr;<\/span><\/a><\/p>\n","protected":false},"author":10402,"featured_media":0,"parent":0,"menu_order":0,"comment_status":"closed","ping_status":"closed","template":"","meta":{"ngg_post_thumbnail":0,"footnotes":"","_mc_calendar":[]},"aioseo_notices":[],"_links":{"self":[{"href":"https:\/\/blogsaverroes.juntadeandalucia.es\/colegiocasines\/wp-json\/wp\/v2\/pages\/2601"}],"collection":[{"href":"https:\/\/blogsaverroes.juntadeandalucia.es\/colegiocasines\/wp-json\/wp\/v2\/pages"}],"about":[{"href":"https:\/\/blogsaverroes.juntadeandalucia.es\/colegiocasines\/wp-json\/wp\/v2\/types\/page"}],"author":[{"embeddable":true,"href":"https:\/\/blogsaverroes.juntadeandalucia.es\/colegiocasines\/wp-json\/wp\/v2\/users\/10402"}],"replies":[{"embeddable":true,"href":"https:\/\/blogsaverroes.juntadeandalucia.es\/colegiocasines\/wp-json\/wp\/v2\/comments?post=2601"}],"version-history":[{"count":5,"href":"https:\/\/blogsaverroes.juntadeandalucia.es\/colegiocasines\/wp-json\/wp\/v2\/pages\/2601\/revisions"}],"predecessor-version":[{"id":2648,"href":"https:\/\/blogsaverroes.juntadeandalucia.es\/colegiocasines\/wp-json\/wp\/v2\/pages\/2601\/revisions\/2648"}],"wp:attachment":[{"href":"https:\/\/blogsaverroes.juntadeandalucia.es\/colegiocasines\/wp-json\/wp\/v2\/media?parent=2601"}],"curies":[{"name":"wp","href":"https:\/\/api.w.org\/{rel}","templated":true}]}}