{"id":35,"date":"2015-03-13T08:21:43","date_gmt":"2015-03-13T08:21:43","guid":{"rendered":"http:\/\/blogsaverroes.juntadeandalucia.es\/pre\/ceip\/?page_id=35"},"modified":"2023-12-14T12:46:59","modified_gmt":"2023-12-14T12:46:59","slug":"el-centro-2","status":"publish","type":"page","link":"https:\/\/blogsaverroes.juntadeandalucia.es\/colegiocasines\/el-centro-2\/","title":{"rendered":"Nuestro centro&#8230;"},"content":{"rendered":"<h4><strong>Datos de contacto de la E.I. \u00abTIERRA Y LIBERTAD<\/strong><strong>\u00ab:<\/strong><\/h4>\n<p><strong>Direcci\u00f3n:<\/strong> Calle Tierra y Libertad, 10, 11510 (Puerto Real) C\u00e1diz.<\/p>\n<p><strong>Tel\u00e9fono: 956.24.33.76<\/strong><br \/>\n<strong>Email: <\/strong>11008173.edu@juntadeandalucia.es&nbsp;<\/p>\n<h4>Si quieres encontrar <strong>d\u00f3nde nos encontramos<\/strong>, pincha aqu\u00ed:<\/h4>\n<p><a href=\"https:\/\/goo.gl\/maps\/LoZWNEeZCALScRve6\">https:\/\/goo.gl\/maps\/LoZWNEeZCALScRve6<\/a><\/p>\n<h4><strong>Oferta educativa:<\/strong><\/h4>\n<p>El centro escolariza alumnado de Segundo Ciclo de la Etapa Infantil (3-6 a\u00f1os). Contamos con servicio de Transporte Escolar, Aula Matinal y Comedor.<\/p>\n<h4>Instalaciones:<\/h4>\n<p>El centro se inaugur\u00f3 en septiembre del a\u00f1o 2020, por lo que cuenta con dise\u00f1os, mobiliario e infraestructuras de \u00faltima generaci\u00f3n.<\/p>\n<p><a href=\"https:\/\/blogsaverroes.juntadeandalucia.es\/colegiocasines\/files\/2023\/12\/EI-TIERRA-Y-LIBERTAD-logo-V1-fondo-tranasparente.png\"><img loading=\"lazy\" decoding=\"async\" class=\"size-medium wp-image-2497 aligncenter\" src=\"https:\/\/blogsaverroes.juntadeandalucia.es\/colegiocasines\/files\/2023\/12\/EI-TIERRA-Y-LIBERTAD-logo-V1-fondo-tranasparente-300x157.png\" alt=\"\" width=\"300\" height=\"157\" srcset=\"https:\/\/blogsaverroes.juntadeandalucia.es\/colegiocasines\/files\/2023\/12\/EI-TIERRA-Y-LIBERTAD-logo-V1-fondo-tranasparente-300x157.png 300w, https:\/\/blogsaverroes.juntadeandalucia.es\/colegiocasines\/files\/2023\/12\/EI-TIERRA-Y-LIBERTAD-logo-V1-fondo-tranasparente-1024x535.png 1024w, https:\/\/blogsaverroes.juntadeandalucia.es\/colegiocasines\/files\/2023\/12\/EI-TIERRA-Y-LIBERTAD-logo-V1-fondo-tranasparente-768x401.png 768w, https:\/\/blogsaverroes.juntadeandalucia.es\/colegiocasines\/files\/2023\/12\/EI-TIERRA-Y-LIBERTAD-logo-V1-fondo-tranasparente-1536x802.png 1536w, https:\/\/blogsaverroes.juntadeandalucia.es\/colegiocasines\/files\/2023\/12\/EI-TIERRA-Y-LIBERTAD-logo-V1-fondo-tranasparente-2048x1069.png 2048w, https:\/\/blogsaverroes.juntadeandalucia.es\/colegiocasines\/files\/2023\/12\/EI-TIERRA-Y-LIBERTAD-logo-V1-fondo-tranasparente.png 1600w\" sizes=\"(max-width: 300px) 100vw, 300px\" \/><\/a><\/p>\n","protected":false},"excerpt":{"rendered":"<p>Datos de contacto de la E.I. \u00abTIERRA Y LIBERTAD\u00ab: Direcci\u00f3n: Calle Tierra y Libertad, 10, 11510 (Puerto Real) C\u00e1diz. Tel\u00e9fono: 956.24.33.76 Email: 11008173.edu@juntadeandalucia.es&nbsp; Si quieres encontrar d\u00f3nde nos encontramos, pincha aqu\u00ed: https:\/\/goo.gl\/maps\/LoZWNEeZCALScRve6 Oferta educativa: El centro escolariza alumnado de Segundo Ciclo de la Etapa Infantil (3-6 a\u00f1os). Contamos con servicio de Transporte Escolar, Aula Matinal &hellip; <a href=\"https:\/\/blogsaverroes.juntadeandalucia.es\/colegiocasines\/el-centro-2\/\" class=\"more-link\">Seguir leyendo <span class=\"screen-reader-text\">Nuestro centro&#8230;<\/span> <span class=\"meta-nav\">&rarr;<\/span><\/a><\/p>\n","protected":false},"author":1,"featured_media":0,"parent":0,"menu_order":0,"comment_status":"closed","ping_status":"open","template":"page-cs.php","meta":{"ngg_post_thumbnail":0,"footnotes":"","_mc_calendar":[]},"aioseo_notices":[],"_links":{"self":[{"href":"https:\/\/blogsaverroes.juntadeandalucia.es\/colegiocasines\/wp-json\/wp\/v2\/pages\/35"}],"collection":[{"href":"https:\/\/blogsaverroes.juntadeandalucia.es\/colegiocasines\/wp-json\/wp\/v2\/pages"}],"about":[{"href":"https:\/\/blogsaverroes.juntadeandalucia.es\/colegiocasines\/wp-json\/wp\/v2\/types\/page"}],"author":[{"embeddable":true,"href":"https:\/\/blogsaverroes.juntadeandalucia.es\/colegiocasines\/wp-json\/wp\/v2\/users\/1"}],"replies":[{"embeddable":true,"href":"https:\/\/blogsaverroes.juntadeandalucia.es\/colegiocasines\/wp-json\/wp\/v2\/comments?post=35"}],"version-history":[{"count":33,"href":"https:\/\/blogsaverroes.juntadeandalucia.es\/colegiocasines\/wp-json\/wp\/v2\/pages\/35\/revisions"}],"predecessor-version":[{"id":2498,"href":"https:\/\/blogsaverroes.juntadeandalucia.es\/colegiocasines\/wp-json\/wp\/v2\/pages\/35\/revisions\/2498"}],"wp:attachment":[{"href":"https:\/\/blogsaverroes.juntadeandalucia.es\/colegiocasines\/wp-json\/wp\/v2\/media?parent=35"}],"curies":[{"name":"wp","href":"https:\/\/api.w.org\/{rel}","templated":true}]}}