{"id":141,"date":"2016-11-26T19:13:24","date_gmt":"2016-11-26T18:13:24","guid":{"rendered":"http:\/\/blogsaverroes.juntadeandalucia.es\/pre\/ceip\/?page_id=141"},"modified":"2021-03-11T12:24:54","modified_gmt":"2021-03-11T11:24:54","slug":"escolarizacion","status":"publish","type":"page","link":"https:\/\/blogsaverroes.juntadeandalucia.es\/colegiocervantesalgodonales\/escolarizacion\/","title":{"rendered":"Escolarizaci\u00f3n"},"content":{"rendered":"<p><a title=\"Ir a Escolarizaci\u00f3n\" href=\"http:\/\/www.juntadeandalucia.es\/educacion\/portals\/web\/escolarizacion\/inicio\" target=\"_blank\" rel=\"noopener noreferrer\"><img loading=\"lazy\" decoding=\"async\" class=\"aligncenter wp-image-2331 size-medium\" src=\"https:\/\/blogsaverroes.juntadeandalucia.es\/colegiocervantesalgodonales\/files\/2015\/03\/escolarizacion-300x194.jpg\" alt=\"\" width=\"300\" height=\"194\" srcset=\"https:\/\/blogsaverroes.juntadeandalucia.es\/colegiocervantesalgodonales\/files\/2015\/03\/escolarizacion-300x194.jpg 300w, https:\/\/blogsaverroes.juntadeandalucia.es\/colegiocervantesalgodonales\/files\/2015\/03\/escolarizacion.jpg 322w\" sizes=\"(max-width: 300px) 100vw, 300px\" \/><\/a><\/p>\n<p style=\"text-align: left\">Toda la informaci\u00f3n necesaria sobre el proceso de escolarizaci\u00f3n y matriculaci\u00f3n, est\u00e1n a disposici\u00f3n de las familias, a la hora de iniciar el proceso: plazos, documentos, normativa, etc.., en el enlace de la imagen.<\/p>\n<p style=\"text-align: center\">Descargue la app iEscolariza para dispositivos moviles.<\/p>\n<p style=\"text-align: center\"><a title=\"Ir a Google Play\" href=\"https:\/\/play.google.com\/store\/apps\/details?id=es.juntadeandalucia.ced.escolarizacion\"><img loading=\"lazy\" decoding=\"async\" class=\"alignnone wp-image-2415 size-full\" src=\"https:\/\/blogsaverroes.juntadeandalucia.es\/colegiocervantesalgodonales\/files\/2015\/03\/logo-Google_Play.png\" alt=\"\" width=\"178\" height=\"62\"><\/a><img loading=\"lazy\" decoding=\"async\" class=\"alignnone wp-image-2419 size-full\" src=\"https:\/\/blogsaverroes.juntadeandalucia.es\/colegiocervantesalgodonales\/files\/2015\/03\/Logo1.png\" alt=\"\" width=\"62\" height=\"62\" srcset=\"https:\/\/blogsaverroes.juntadeandalucia.es\/colegiocervantesalgodonales\/files\/2015\/03\/Logo1.png 62w, https:\/\/blogsaverroes.juntadeandalucia.es\/colegiocervantesalgodonales\/files\/2015\/03\/Logo1-150x150.png 150w, https:\/\/blogsaverroes.juntadeandalucia.es\/colegiocervantesalgodonales\/files\/2015\/03\/Logo1-100x100.png 100w, https:\/\/blogsaverroes.juntadeandalucia.es\/colegiocervantesalgodonales\/files\/2015\/03\/Logo1-160x160.png 160w\" sizes=\"(max-width: 62px) 100vw, 62px\" \/><a title=\"Ir a Itunes\" href=\"https:\/\/itunes.apple.com\/es\/app\/iescolariza\/id606516551?l=en&amp;mt=8\"><img loading=\"lazy\" decoding=\"async\" class=\"alignnone wp-image-2413 size-full\" src=\"https:\/\/blogsaverroes.juntadeandalucia.es\/colegiocervantesalgodonales\/files\/2015\/03\/Disponible-en-el-app-store.png\" alt=\"\" width=\"178\" height=\"62\"><\/a><\/p>\n<p style=\"text-align: center\">&nbsp;<\/p>\n","protected":false},"excerpt":{"rendered":"<p>Toda la informaci\u00f3n necesaria sobre el proceso de escolarizaci\u00f3n y matriculaci\u00f3n, est\u00e1n a disposici\u00f3n de las familias, a la hora de iniciar el proceso: plazos, documentos, normativa, etc.., en el enlace de la imagen.&#46;&#46;&#46;<\/p>\n","protected":false},"author":2286,"featured_media":0,"parent":0,"menu_order":0,"comment_status":"closed","ping_status":"closed","template":"","meta":{"ngg_post_thumbnail":0,"footnotes":"","_mc_calendar":[]},"aioseo_notices":[],"_links":{"self":[{"href":"https:\/\/blogsaverroes.juntadeandalucia.es\/colegiocervantesalgodonales\/wp-json\/wp\/v2\/pages\/141"}],"collection":[{"href":"https:\/\/blogsaverroes.juntadeandalucia.es\/colegiocervantesalgodonales\/wp-json\/wp\/v2\/pages"}],"about":[{"href":"https:\/\/blogsaverroes.juntadeandalucia.es\/colegiocervantesalgodonales\/wp-json\/wp\/v2\/types\/page"}],"author":[{"embeddable":true,"href":"https:\/\/blogsaverroes.juntadeandalucia.es\/colegiocervantesalgodonales\/wp-json\/wp\/v2\/users\/2286"}],"replies":[{"embeddable":true,"href":"https:\/\/blogsaverroes.juntadeandalucia.es\/colegiocervantesalgodonales\/wp-json\/wp\/v2\/comments?post=141"}],"version-history":[{"count":24,"href":"https:\/\/blogsaverroes.juntadeandalucia.es\/colegiocervantesalgodonales\/wp-json\/wp\/v2\/pages\/141\/revisions"}],"predecessor-version":[{"id":3540,"href":"https:\/\/blogsaverroes.juntadeandalucia.es\/colegiocervantesalgodonales\/wp-json\/wp\/v2\/pages\/141\/revisions\/3540"}],"wp:attachment":[{"href":"https:\/\/blogsaverroes.juntadeandalucia.es\/colegiocervantesalgodonales\/wp-json\/wp\/v2\/media?parent=141"}],"curies":[{"name":"wp","href":"https:\/\/api.w.org\/{rel}","templated":true}]}}