{"id":35,"date":"2016-11-29T20:21:43","date_gmt":"2016-11-29T19:21:43","guid":{"rendered":"http:\/\/blogsaverroes.juntadeandalucia.es\/pre\/ceip\/?page_id=35"},"modified":"2023-04-05T12:20:57","modified_gmt":"2023-04-05T10:20:57","slug":"el-centro-2","status":"publish","type":"page","link":"https:\/\/blogsaverroes.juntadeandalucia.es\/colegiocervantesalgodonales\/el-centro-2\/","title":{"rendered":"Datos del centro"},"content":{"rendered":"<p style=\"text-align: center\"><strong>C. E. PR. MIGUEL DE CERVANTES<\/strong><\/p>\n<h4><span style=\"text-decoration: underline\"><strong>Direcci\u00f3n:<\/strong> <\/span><\/h4>\n<p>C\/Arco n\u00ba27 &#8211; C.P: 11680, Algodonales &#8211; C\u00e1diz<\/p>\n<h4><span style=\"text-decoration: underline\"><strong>Tel\u00e9fono \/ FAX:<\/strong><\/span><\/h4>\n<ul>\n<li>Tel\u00e9fono:<strong><a class=\"phone\" title=\"Llamar desde dispositivo m\u00f3vil\" href=\"tel:+34956128658\"> 956 12 86 58<\/a><\/strong><\/li>\n<li>Fax:<strong><a title=\"Enviar fax\" href=\"tel:+34956128659\"> 956 12 86 59<\/a><\/strong><\/li>\n<\/ul>\n<h4><span style=\"text-decoration: underline\"><strong>Email:<\/strong><\/span><\/h4>\n<p><a title=\"Enviar Email\" href=\"mailto:11000551.edu@juntadeandalucia.es\">11000551.edu@juntadeandalucia.es<\/a><\/p>\n<h4><span style=\"text-decoration: underline\"><strong>Horarios:<\/strong><\/span><\/h4>\n<p>Horario de apertura del centro<\/p>\n<ul>\n<li>Aula matinal: 7.30 &#8211; 9.00<\/li>\n<li>Actividades lectivas: 9.00 &#8211; 14.00<\/li>\n<li>Comedor escolar: 14:00- 15:30<\/li>\n<li>Talleres extraescolares: 16.00 &#8211; 18.00<\/li>\n<\/ul>\n<h4><span style=\"text-decoration: underline\"><strong>Oferta educativa: Educaci\u00f3n Primaria<\/strong><\/span><\/h4>\n<p>Nuestro objetivo en esta etapa es desarrollar en el alumno aquellas capacidades que les permitan:&nbsp;<\/p>\n<ul>\n<li>H\u00e1bitos de trabajo individual y de equipo, de esfuerzo y responsabilidad en el estudio, curiosidad, inter\u00e9s y creatividad en el aprendizaje.&nbsp;<\/li>\n<li>Desarrollar un adecuado h\u00e1bito lector como instrumento esencial para el aprendizaje.<\/li>\n<li>Fomentar una actitud responsable y de respeto a uno mismo y a los dem\u00e1s, facilitando un clima responsable y propicio para la libertad personal conociendo y apreciando las virtudes.<\/li>\n<li>Etc.<\/li>\n<\/ul>\n<p>Adem\u00e1s de desarrollar los objetivos indicados por la Ley; nos proponemos que nuestros alumnos\/as, con la ayuda de sus profesores en coordinaci\u00f3n con la familia, construyan su propio aprendizaje en un continuo af\u00e1n por descubrir nuevos conocimientos, fomentando la capacidad de esfuerzo e integr\u00e1ndoles en la realidad de su contexto, con la intenci\u00f3n de crear h\u00e1bitos \u00fatiles para su vida cotidiana, respetando la singularidad de cada uno.<\/p>\n<h5><strong>Metodolog\u00eda en Educaci\u00f3n Primaria<\/strong><\/h5>\n<p><strong>Orientativa:<\/strong> el profesor es el gu\u00eda que motiva, estimula y gratifica la actividad del alumno.<br \/>\n<strong>Activa y especulativa:<\/strong> es el alumno el que desarrolla su propio aprendizaje en un continuo af\u00e1n por descubrir nuevos conocimientos.<br \/>\n<strong>Globalizadora:<\/strong> trata de integrar cada conocimiento en el contexto de su realidad.<br \/>\n<strong>Realista y funcional:<\/strong> cada conocimiento debe tender a crear un h\u00e1bito \u00fatil para la vida cotidiana.<br \/>\n<strong>General e individual:<\/strong> dirigida a todos los alumnos, pero atendiendo a la singularidad de cada uno.<\/p>\n","protected":false},"excerpt":{"rendered":"<p>C. E. PR. MIGUEL DE CERVANTES Direcci\u00f3n: C\/Arco n\u00ba27 &#8211; C.P: 11680, Algodonales &#8211; C\u00e1diz Tel\u00e9fono \/ FAX: Tel\u00e9fono: 956 12 86 58 Fax: 956 12 86 59 Email: 11000551.edu@juntadeandalucia.es Horarios: Horario de apertura&#46;&#46;&#46;<\/p>\n","protected":false},"author":2286,"featured_media":0,"parent":0,"menu_order":0,"comment_status":"closed","ping_status":"closed","template":"","meta":{"ngg_post_thumbnail":0,"footnotes":"","_mc_calendar":[]},"aioseo_notices":[],"_links":{"self":[{"href":"https:\/\/blogsaverroes.juntadeandalucia.es\/colegiocervantesalgodonales\/wp-json\/wp\/v2\/pages\/35"}],"collection":[{"href":"https:\/\/blogsaverroes.juntadeandalucia.es\/colegiocervantesalgodonales\/wp-json\/wp\/v2\/pages"}],"about":[{"href":"https:\/\/blogsaverroes.juntadeandalucia.es\/colegiocervantesalgodonales\/wp-json\/wp\/v2\/types\/page"}],"author":[{"embeddable":true,"href":"https:\/\/blogsaverroes.juntadeandalucia.es\/colegiocervantesalgodonales\/wp-json\/wp\/v2\/users\/2286"}],"replies":[{"embeddable":true,"href":"https:\/\/blogsaverroes.juntadeandalucia.es\/colegiocervantesalgodonales\/wp-json\/wp\/v2\/comments?post=35"}],"version-history":[{"count":57,"href":"https:\/\/blogsaverroes.juntadeandalucia.es\/colegiocervantesalgodonales\/wp-json\/wp\/v2\/pages\/35\/revisions"}],"predecessor-version":[{"id":3967,"href":"https:\/\/blogsaverroes.juntadeandalucia.es\/colegiocervantesalgodonales\/wp-json\/wp\/v2\/pages\/35\/revisions\/3967"}],"wp:attachment":[{"href":"https:\/\/blogsaverroes.juntadeandalucia.es\/colegiocervantesalgodonales\/wp-json\/wp\/v2\/media?parent=35"}],"curies":[{"name":"wp","href":"https:\/\/api.w.org\/{rel}","templated":true}]}}