{"id":3952,"date":"2023-02-10T11:24:56","date_gmt":"2023-02-10T10:24:56","guid":{"rendered":"http:\/\/blogsaverroes.juntadeandalucia.es\/colegiocervantesalgodonales\/?page_id=3952"},"modified":"2023-04-11T18:02:50","modified_gmt":"2023-04-11T16:02:50","slug":"programa-tic","status":"publish","type":"page","link":"https:\/\/blogsaverroes.juntadeandalucia.es\/colegiocervantesalgodonales\/programa-tic\/","title":{"rendered":"Plan Escuela TIC 2.0"},"content":{"rendered":"<p><strong>Coordinadora: Mar\u00eda Jos\u00e9 Atienza Orozco<\/strong><\/p>\n<table border=\"0\" width=\"100%\">\n<tbody>\n<tr>\n<td>&nbsp;<\/td>\n<td colspan=\"3\">\n<div class=\"hidden\">\n<p style=\"text-align: left\">El&nbsp;<strong>Plan Escuela TIC 2.0<\/strong>&nbsp;es una estrategia para la mejora de la educaci\u00f3n, que interviene directamente en el proceso de adquisici\u00f3n de las competencias b\u00e1sicas de las escuelas.<\/p>\n<p style=\"text-align: left\">La tecnolog\u00eda no debe prevalecer sobre la Educaci\u00f3n sino que tiene que servir para mejorar la calidad de la Ense\u00f1anza. Las nuevas tecnolog\u00edas pasar\u00e1n de ser un apoyo a ser parte fundamental en el proceso de ense\u00f1anza y aprendizaje.<\/p>\n<\/div>\n<div class=\"hidden\" style=\"text-align: left\">\n<h2 class=\"h2_info3\">Una nueva apuesta<\/h2>\n<ul>\n<li class=\"li_info\"><strong>Por la calidad del sistema educativo<\/strong>&nbsp;y tambi\u00e9n por la igualdad ya que es la \u00fanica garant\u00eda de acceso a las tecnolog\u00edas de la informaci\u00f3n y de la comunicaci\u00f3n, por ello, no puede estar ajena.<\/li>\n<li><strong>Por la penetraci\u00f3n de las nuevas tecnolog\u00edas<\/strong>, que requiere de un apoyo especial<br \/>\na determinadas zonas.<\/li>\n<\/ul>\n<\/div>\n<div class=\"objetivos_tic\">\n<h2 class=\"h2_info4\" style=\"text-align: left\">Objetivos<\/h2>\n<div class=\"relative\">\n<div class=\"pie_cga\">\n<ul>\n<li class=\"li_info\" style=\"text-align: left\">Profundizar en la&nbsp;<strong>calidad en la Educaci\u00f3n<\/strong><br \/>\ny en la Igualdad de Oportunidades.<\/li>\n<li class=\"li_info\" style=\"text-align: left\">Conseguir que las TIC se conviertan en<br \/>\n<strong>herramientas did\u00e1cticas<\/strong>&nbsp;de uso<br \/>\nhabitual en el aula.<\/li>\n<li style=\"text-align: left\"><strong>Mejorar las pr\u00e1cticas educativas<\/strong><br \/>\npara alcanzar un mayor desarrollo<br \/>\nde las competencias del alumnado.<\/li>\n<\/ul>\n<\/div>\n<\/div>\n<\/div>\n<\/td>\n<\/tr>\n<\/tbody>\n<\/table>\n","protected":false},"excerpt":{"rendered":"<p>Coordinadora: Mar\u00eda Jos\u00e9 Atienza Orozco &nbsp; El&nbsp;Plan Escuela TIC 2.0&nbsp;es una estrategia para la mejora de la educaci\u00f3n, que interviene directamente en el proceso de adquisici\u00f3n de las competencias b\u00e1sicas de las escuelas. La&#46;&#46;&#46;<\/p>\n","protected":false},"author":2286,"featured_media":0,"parent":0,"menu_order":0,"comment_status":"closed","ping_status":"closed","template":"","meta":{"ngg_post_thumbnail":0,"footnotes":"","_mc_calendar":[]},"aioseo_notices":[],"_links":{"self":[{"href":"https:\/\/blogsaverroes.juntadeandalucia.es\/colegiocervantesalgodonales\/wp-json\/wp\/v2\/pages\/3952"}],"collection":[{"href":"https:\/\/blogsaverroes.juntadeandalucia.es\/colegiocervantesalgodonales\/wp-json\/wp\/v2\/pages"}],"about":[{"href":"https:\/\/blogsaverroes.juntadeandalucia.es\/colegiocervantesalgodonales\/wp-json\/wp\/v2\/types\/page"}],"author":[{"embeddable":true,"href":"https:\/\/blogsaverroes.juntadeandalucia.es\/colegiocervantesalgodonales\/wp-json\/wp\/v2\/users\/2286"}],"replies":[{"embeddable":true,"href":"https:\/\/blogsaverroes.juntadeandalucia.es\/colegiocervantesalgodonales\/wp-json\/wp\/v2\/comments?post=3952"}],"version-history":[{"count":5,"href":"https:\/\/blogsaverroes.juntadeandalucia.es\/colegiocervantesalgodonales\/wp-json\/wp\/v2\/pages\/3952\/revisions"}],"predecessor-version":[{"id":4019,"href":"https:\/\/blogsaverroes.juntadeandalucia.es\/colegiocervantesalgodonales\/wp-json\/wp\/v2\/pages\/3952\/revisions\/4019"}],"wp:attachment":[{"href":"https:\/\/blogsaverroes.juntadeandalucia.es\/colegiocervantesalgodonales\/wp-json\/wp\/v2\/media?parent=3952"}],"curies":[{"name":"wp","href":"https:\/\/api.w.org\/{rel}","templated":true}]}}