{"id":42,"date":"2016-11-29T17:40:47","date_gmt":"2016-11-29T16:40:47","guid":{"rendered":"http:\/\/blogsaverroes.juntadeandalucia.es\/pre\/ceip\/?page_id=42"},"modified":"2023-10-21T13:09:09","modified_gmt":"2023-10-21T11:09:09","slug":"equipo-profesional","status":"publish","type":"page","link":"https:\/\/blogsaverroes.juntadeandalucia.es\/colegiocervantesalgodonales\/equipo-profesional\/","title":{"rendered":"Equipo Profesional"},"content":{"rendered":"<p><img loading=\"lazy\" decoding=\"async\" class=\"wp-image-3111 size-medium aligncenter\" src=\"https:\/\/blogsaverroes.juntadeandalucia.es\/colegiocervantesalgodonales\/files\/2016\/11\/equipo-profesional-300x191.jpg\" alt=\"\" width=\"300\" height=\"191\" srcset=\"https:\/\/blogsaverroes.juntadeandalucia.es\/colegiocervantesalgodonales\/files\/2016\/11\/equipo-profesional-300x191.jpg 300w, https:\/\/blogsaverroes.juntadeandalucia.es\/colegiocervantesalgodonales\/files\/2016\/11\/equipo-profesional-24x15.jpg 24w, https:\/\/blogsaverroes.juntadeandalucia.es\/colegiocervantesalgodonales\/files\/2016\/11\/equipo-profesional-36x23.jpg 36w, https:\/\/blogsaverroes.juntadeandalucia.es\/colegiocervantesalgodonales\/files\/2016\/11\/equipo-profesional-48x31.jpg 48w, https:\/\/blogsaverroes.juntadeandalucia.es\/colegiocervantesalgodonales\/files\/2016\/11\/equipo-profesional.jpg 439w\" sizes=\"(max-width: 300px) 100vw, 300px\" \/><\/p>\n<table class=\" aligncenter\" style=\"width: 25.4189%;height: 1092px\">\n<tbody>\n<tr style=\"height: 24px\">\n<td style=\"width: 124.56%;text-align: center;height: 24px\" colspan=\"2\"><span style=\"font-family: 'comic sans ms', sans-serif;color: #993366\"><strong>EQUIPO DIRECTIVO<\/strong><\/span><\/td>\n<\/tr>\n<tr style=\"height: 48px\">\n<td style=\"width: 55.9577%;height: 48px\"><span style=\"font-family: 'comic sans ms', sans-serif\"><b>ATIENZA OROZCO, MAR\u00cdA JOS\u00c9 <\/b><\/span><\/td>\n<td style=\"width: 68.6023%;text-align: center;height: 48px\"><span style=\"font-family: 'comic sans ms', sans-serif\">DIRECTORA<\/span><\/td>\n<\/tr>\n<tr style=\"height: 24px\">\n<td style=\"width: 55.9577%;height: 24px\"><span style=\"font-family: 'comic sans ms', sans-serif\"><strong>SU\u00c1REZ JA\u00c9N, MAR\u00cdA OLGA <\/strong><\/span><\/td>\n<td style=\"width: 68.6023%;text-align: center;height: 24px\"><span style=\"font-family: 'comic sans ms', sans-serif\">JEFA DE ESTUDIOS<\/span><\/td>\n<\/tr>\n<tr style=\"height: 48px\">\n<td style=\"width: 55.9577%;height: 48px\"><span style=\"font-family: 'comic sans ms', sans-serif\"><strong>GARRIDO FREN\u00c1NDEZ, JOSE MAR\u00cdA<br \/>\n<\/strong><\/span><\/td>\n<td style=\"width: 68.6023%;text-align: center;height: 48px\"><span style=\"font-family: 'comic sans ms', sans-serif\">SECRETARIO<\/span><\/td>\n<\/tr>\n<tr style=\"height: 24px\">\n<td style=\"width: 124.56%;text-align: center;height: 24px\" colspan=\"2\"><span style=\"font-family: 'comic sans ms', sans-serif\"><strong><span style=\"color: #993366\">PROFESORADO<\/span><br \/>\n<\/strong><\/span><\/td>\n<\/tr>\n<tr style=\"height: 24px\">\n<td style=\"width: 55.9577%;height: 24px\"><span style=\"font-family: 'comic sans ms', sans-serif\"><strong>RODR\u00cdGUEZ MONTERO, ROSA MAR\u00cdA&nbsp;<\/strong><\/span><\/td>\n<td style=\"width: 68.6023%;text-align: center;height: 24px\"><span style=\"font-family: 'comic sans ms', sans-serif\">1\u00baA<\/span><\/td>\n<\/tr>\n<tr style=\"height: 48px\">\n<td style=\"width: 55.9577%;height: 48px\"><span style=\"font-family: 'comic sans ms', sans-serif\"><strong>\u00c1LVAREZ P\u00c9REZ, MIRIAM<\/strong><\/span><\/td>\n<td style=\"width: 68.6023%;text-align: center;height: 48px\"><span style=\"font-family: 'comic sans ms', sans-serif\">1\u00baB<\/span><\/td>\n<\/tr>\n<tr style=\"height: 48px\">\n<td style=\"width: 55.9577%;height: 48px\"><span style=\"font-family: 'comic sans ms', sans-serif\"><strong>BENS MAGARI\u00d1O, JULIA<\/strong><\/span><\/td>\n<td style=\"width: 68.6023%;text-align: center;height: 48px\"><span style=\"font-family: 'comic sans ms', sans-serif\">2\u00baA<\/span><\/td>\n<\/tr>\n<tr style=\"height: 48px\">\n<td style=\"width: 55.9577%;height: 48px\"><span style=\"font-family: 'comic sans ms', sans-serif\"><strong>S\u00c1NCHEZ JIM\u00c9NEZ, JUAN JOS\u00c9<\/strong><\/span><\/td>\n<td style=\"width: 68.6023%;text-align: center;height: 48px\"><span style=\"font-family: 'comic sans ms', sans-serif\">3\u00ba A<\/span><\/td>\n<\/tr>\n<tr style=\"height: 24px\">\n<td style=\"width: 55.9577%;height: 24px\"><span style=\"font-family: 'comic sans ms', sans-serif\"><strong>TORRES HUESO, CONCEPCI\u00d3N<\/strong><\/span><\/td>\n<td style=\"width: 68.6023%;text-align: center;height: 24px\"><span style=\"font-family: 'comic sans ms', sans-serif\">3\u00baB Y EDUCACI\u00d3N F\u00cdSICA<\/span><\/td>\n<\/tr>\n<tr style=\"height: 24px\">\n<td style=\"width: 55.9577%;height: 24px\"><span style=\"font-family: 'comic sans ms', sans-serif\"><strong>GARC\u00cdA TRUJILLO,ANTONIA<\/strong><\/span><\/td>\n<td style=\"width: 68.6023%;text-align: center;height: 24px\"><span style=\"font-family: 'comic sans ms', sans-serif\">4\u00baA<\/span><\/td>\n<\/tr>\n<tr style=\"height: 48px\">\n<td style=\"width: 55.9577%;height: 48px\"><span style=\"font-family: 'comic sans ms', sans-serif\"><strong>GALV\u00c1N M\u00c1RQUEZ, GABRIEL<\/strong><\/span><\/td>\n<td style=\"width: 68.6023%;text-align: center;height: 48px\"><span style=\"font-family: 'comic sans ms', sans-serif\">5\u00baA<\/span><\/td>\n<\/tr>\n<tr style=\"height: 48px\">\n<td style=\"width: 55.9577%;height: 48px\"><span style=\"font-family: 'comic sans ms', sans-serif\"><strong>BENITEZ MONTERO, INMACULADA<\/strong><\/span><\/td>\n<td style=\"width: 68.6023%;text-align: center;height: 48px\"><span style=\"font-family: 'comic sans ms', sans-serif\">6\u00baA<\/span><\/td>\n<\/tr>\n<tr style=\"height: 48px\">\n<td style=\"width: 55.9577%;height: 48px\"><span style=\"font-family: 'comic sans ms', sans-serif\"><strong>TIERNO NIETO, ANTONIO JOS\u00c9<\/strong><\/span><\/td>\n<td style=\"width: 68.6023%;text-align: center;height: 48px\"><span style=\"font-family: 'comic sans ms', sans-serif\">6\u00baB<\/span><\/td>\n<\/tr>\n<tr style=\"height: 48px\">\n<td style=\"width: 55.9577%;height: 48px\"><span style=\"font-family: 'comic sans ms', sans-serif\"><strong> SU\u00c1REZ JA\u00c9N, OLGA<\/strong><\/span><\/td>\n<td style=\"width: 68.6023%;text-align: center;height: 48px\"><span style=\"font-family: 'comic sans ms', sans-serif\">PEDAGOG\u00cdA TERAP\u00c9UTICA<\/span><\/td>\n<\/tr>\n<tr style=\"height: 48px\">\n<td style=\"width: 55.9577%;height: 48px\"><span style=\"font-family: 'comic sans ms', sans-serif\"><strong>GARRIDO FERN\u00c1NDEZ, JOSE MAR\u00cdA<\/strong><\/span><\/p>\n<p>&nbsp;<\/td>\n<td style=\"width: 68.6023%;text-align: center;height: 48px\"><span style=\"font-family: 'comic sans ms', sans-serif\">EDUCACI\u00d3N F\u00cdSICA<\/span><\/td>\n<\/tr>\n<tr style=\"height: 24px\">\n<td style=\"width: 55.9577%;height: 24px\"><span style=\"font-family: 'comic sans ms', sans-serif\"><strong>CORT\u00c9S GARC\u00cdA, MARINA<\/strong><\/span><\/td>\n<td style=\"width: 68.6023%;text-align: center;height: 24px\"><span style=\"font-family: 'comic sans ms', sans-serif\">RELIGI\u00d3N<\/span><\/td>\n<\/tr>\n<tr style=\"height: 24px\">\n<td style=\"width: 55.9577%;height: 24px\"><span style=\"font-family: 'comic sans ms', sans-serif\"><strong>CABRERA \u00c1LVAREZ, SILVIA<br \/>\n<\/strong><\/span><\/td>\n<td style=\"width: 68.6023%;text-align: center;height: 24px\"><span style=\"font-family: 'comic sans ms', sans-serif\">FRANC\u00c9S<\/span><\/td>\n<\/tr>\n<tr style=\"height: 24px\">\n<td style=\"width: 55.9577%;height: 24px\"><span style=\"font-family: 'comic sans ms', sans-serif\"><b>GRANADOS JIM\u00c9NEZ, MAR\u00cdA TERESA<\/b><\/span><\/td>\n<td style=\"width: 68.6023%;text-align: center;height: 24px\"><span style=\"font-family: 'comic sans ms', sans-serif\">INGL\u00c9S<\/span><\/td>\n<\/tr>\n<tr style=\"height: 48px\">\n<td style=\"width: 55.9577%;height: 48px\"><span style=\"font-family: 'comic sans ms', sans-serif\"><strong>S\u00c1NCHEZ GALLARDO, NURIA<\/strong><\/span><\/td>\n<td style=\"width: 68.6023%;text-align: center;height: 48px\"><span style=\"font-family: 'comic sans ms', sans-serif\">AUDICI\u00d3N Y LENGUAJE<\/span><\/td>\n<\/tr>\n<tr style=\"height: 48px\">\n<td style=\"width: 55.9577%;height: 48px\"><span style=\"font-family: 'comic sans ms', sans-serif\"><strong>MEDINA USAGRE, FRANCISCA<br \/>\n<\/strong><\/span><\/td>\n<td style=\"width: 68.6023%;text-align: center;height: 48px\"><span style=\"font-family: 'comic sans ms', sans-serif\">ORIENTADORA<\/span><\/td>\n<\/tr>\n<tr style=\"height: 24px\">\n<td style=\"width: 124.56%;text-align: center;height: 24px\" colspan=\"2\"><span style=\"font-family: 'comic sans ms', sans-serif\"><strong><span style=\"color: #993366\">PERSONAL LABORAL<\/span><br \/>\n<\/strong><\/span><\/td>\n<\/tr>\n<tr style=\"height: 48px\">\n<td style=\"width: 55.9577%;height: 48px\"><span style=\"font-family: 'comic sans ms', sans-serif\"><strong>PEREZ PARRA, ELENA<\/strong><\/span><\/td>\n<td style=\"width: 68.6023%;text-align: center;height: 48px\"><span style=\"font-family: 'comic sans ms', sans-serif\">ADMINISTRATIVA<\/span><\/td>\n<\/tr>\n<tr style=\"height: 48px\">\n<td style=\"width: 55.9577%;height: 48px\"><span style=\"font-family: 'comic sans ms', sans-serif\"><strong>DOLORES<\/strong><\/span><\/td>\n<td style=\"width: 68.6023%;text-align: center;height: 48px\"><span style=\"font-family: 'comic sans ms', sans-serif\">ASISTENTE EN RESTAURACI\u00d3N<\/span><\/td>\n<\/tr>\n<tr style=\"height: 55px\">\n<td style=\"width: 55.9577%;height: 55px\"><span style=\"font-family: 'comic sans ms', sans-serif\"><strong>RODR\u00cdGUEZ GARC\u00cdA, REMEDIOS<br \/>\n<\/strong><\/span><span style=\"font-family: 'comic sans ms', sans-serif\"><strong>MACHO, ESTEFAN\u00cdA&nbsp;<\/strong><\/span><\/td>\n<td style=\"width: 68.6023%;text-align: center;height: 55px\"><span style=\"font-family: 'comic sans ms', sans-serif\">AUXILIAR DE COCINA<\/span><\/td>\n<\/tr>\n<tr>\n<td style=\"width: 55.9577%\"><span style=\"font-family: 'comic sans ms', sans-serif\"><strong>&nbsp; &nbsp; &nbsp; &nbsp; &nbsp; &nbsp; &nbsp; &nbsp;OTROS<\/strong><\/span><\/td>\n<td style=\"width: 68.6023%;text-align: center\"><span style=\"font-family: 'comic sans ms', sans-serif\">&nbsp;<\/span><\/td>\n<\/tr>\n<tr style=\"height: 24px\">\n<td style=\"width: 55.9577%;height: 24px\"><span style=\"font-family: 'comic sans ms', sans-serif\"><strong>GALV\u00c1N PINEDA, MAR\u00cdA JOS\u00c9<\/strong><\/span><\/td>\n<td style=\"width: 68.6023%;text-align: center;height: 24px\"><span style=\"font-family: 'comic sans ms', sans-serif\">MONITORA PROA<\/span><\/td>\n<\/tr>\n<tr style=\"height: 24px\">\n<td style=\"width: 55.9577%;height: 24px\"><span style=\"font-family: 'comic sans ms', sans-serif\"><strong>GALV\u00c1N M\u00c1RQUEZ, GABRIEL<\/strong><\/span><\/td>\n<td style=\"width: 68.6023%;text-align: center;height: 24px\"><span style=\"font-family: 'comic sans ms', sans-serif\">MONITOR PROA<\/span><\/td>\n<\/tr>\n<tr style=\"height: 24px\">\n<td style=\"width: 55.9577%;height: 24px\"><span style=\"font-family: 'comic sans ms', sans-serif\"><strong>GARC\u00cdA TRUJILLO,ANTONIA<\/strong><\/span><\/td>\n<td style=\"width: 68.6023%;text-align: center;height: 24px\"><span style=\"font-family: 'comic sans ms', sans-serif\">MONITORA PROA<\/span><\/td>\n<\/tr>\n<\/tbody>\n<\/table>\n<p>&nbsp;<\/p>\n","protected":false},"excerpt":{"rendered":"<p>EQUIPO DIRECTIVO ATIENZA OROZCO, MAR\u00cdA JOS\u00c9 DIRECTORA SU\u00c1REZ JA\u00c9N, MAR\u00cdA OLGA JEFA DE ESTUDIOS GARRIDO FREN\u00c1NDEZ, JOSE MAR\u00cdA SECRETARIO PROFESORADO RODR\u00cdGUEZ MONTERO, ROSA MAR\u00cdA&nbsp; 1\u00baA \u00c1LVAREZ P\u00c9REZ, MIRIAM 1\u00baB BENS MAGARI\u00d1O, JULIA 2\u00baA S\u00c1NCHEZ&#46;&#46;&#46;<\/p>\n","protected":false},"author":2286,"featured_media":0,"parent":0,"menu_order":0,"comment_status":"closed","ping_status":"closed","template":"","meta":{"ngg_post_thumbnail":0,"footnotes":"","_mc_calendar":[]},"aioseo_notices":[],"_links":{"self":[{"href":"https:\/\/blogsaverroes.juntadeandalucia.es\/colegiocervantesalgodonales\/wp-json\/wp\/v2\/pages\/42"}],"collection":[{"href":"https:\/\/blogsaverroes.juntadeandalucia.es\/colegiocervantesalgodonales\/wp-json\/wp\/v2\/pages"}],"about":[{"href":"https:\/\/blogsaverroes.juntadeandalucia.es\/colegiocervantesalgodonales\/wp-json\/wp\/v2\/types\/page"}],"author":[{"embeddable":true,"href":"https:\/\/blogsaverroes.juntadeandalucia.es\/colegiocervantesalgodonales\/wp-json\/wp\/v2\/users\/2286"}],"replies":[{"embeddable":true,"href":"https:\/\/blogsaverroes.juntadeandalucia.es\/colegiocervantesalgodonales\/wp-json\/wp\/v2\/comments?post=42"}],"version-history":[{"count":60,"href":"https:\/\/blogsaverroes.juntadeandalucia.es\/colegiocervantesalgodonales\/wp-json\/wp\/v2\/pages\/42\/revisions"}],"predecessor-version":[{"id":4373,"href":"https:\/\/blogsaverroes.juntadeandalucia.es\/colegiocervantesalgodonales\/wp-json\/wp\/v2\/pages\/42\/revisions\/4373"}],"wp:attachment":[{"href":"https:\/\/blogsaverroes.juntadeandalucia.es\/colegiocervantesalgodonales\/wp-json\/wp\/v2\/media?parent=42"}],"curies":[{"name":"wp","href":"https:\/\/api.w.org\/{rel}","templated":true}]}}