{"id":77,"date":"2016-12-17T19:54:56","date_gmt":"2016-12-17T18:54:56","guid":{"rendered":"http:\/\/blogsaverroes.juntadeandalucia.es\/pre\/ceip\/?page_id=77"},"modified":"2023-04-05T13:05:16","modified_gmt":"2023-04-05T11:05:16","slug":"secretaria","status":"publish","type":"page","link":"https:\/\/blogsaverroes.juntadeandalucia.es\/colegiocervantesalgodonales\/secretaria\/","title":{"rendered":"Secretar\u00eda"},"content":{"rendered":"<p><a><img loading=\"lazy\" decoding=\"async\" class=\"aligncenter size-medium wp-image-2487\" src=\"http:\/\/blogsaverroes.juntadeandalucia.es\/colegiocervantesalgodonales\/files\/2015\/03\/images-300x87.jpg\" alt=\"images\" width=\"300\" height=\"87\" srcset=\"https:\/\/blogsaverroes.juntadeandalucia.es\/colegiocervantesalgodonales\/files\/2015\/03\/images-300x87.jpg 300w, https:\/\/blogsaverroes.juntadeandalucia.es\/colegiocervantesalgodonales\/files\/2015\/03\/images-24x7.jpg 24w, https:\/\/blogsaverroes.juntadeandalucia.es\/colegiocervantesalgodonales\/files\/2015\/03\/images-36x10.jpg 36w, https:\/\/blogsaverroes.juntadeandalucia.es\/colegiocervantesalgodonales\/files\/2015\/03\/images-48x14.jpg 48w, https:\/\/blogsaverroes.juntadeandalucia.es\/colegiocervantesalgodonales\/files\/2015\/03\/images.jpg 417w\" sizes=\"(max-width: 300px) 100vw, 300px\" \/><\/a><\/p>\n<p>La <strong>Secretar\u00eda<\/strong> desarrolla funciones importantes en la vida de nuestro centro, especialmente en la relaci\u00f3n que mantiene con las familias en los diferentes tr\u00e1mites administrativos a lo largo de la escolarizaci\u00f3n: admisi\u00f3n, matr\u00edcula, comedor escolar, becas, etc.<\/p>\n<p>La persona encargada de secretar\u00eda es Cristina Lebr\u00f3n Rodr\u00edguez, y para conseguir una mayor transparencia, agilidad y eficacia, su horario de atenci\u00f3n es:<\/p>\n<p>De<strong> Lunes <\/strong>a<strong> viernes, <\/strong>de<strong> 9.00 <\/strong>a<strong> 14.00 <\/strong>horas. (Previa cita)<\/p>\n<p>Puede solicitar una cita en el tel\u00e9fono <strong><a class=\"phone\" title=\"Llamar desde dispositivo m\u00f3vil\" href=\"tel:+34956128658\">956 12 86 58<\/a><\/strong> <strong><br \/>\n<\/strong><\/p>\n<p>&nbsp;<\/p>\n<p>La&nbsp;<strong>secretar\u00eda se responsabiliza de:<\/strong><\/p>\n<div class=\"fusion-li-item-content\">\n<ul>\n<li><strong>Atender al p\u00fablico. <\/strong><strong>Gestionar sus consultas<\/strong> y resolverlas<\/li>\n<li><strong>Recoger sus sugerencias<\/strong><\/li>\n<li><strong>Concertar las visitas<\/strong> con los distintos miembros del equipo educativo (tutores, jefe de estudios, coordinadores, jefes de departamentos, directora\u2026)<\/li>\n<li>Facilita a las familias interesadas toda la <strong>informaci\u00f3n sobre el colegio<\/strong><\/li>\n<li>Se ocupa asimismo de <strong>tramitar todo el proceso de admisiones, nuevas matriculaciones y renovaci\u00f3n de matr\u00edculas<\/strong><\/li>\n<li>Asume la <strong>gesti\u00f3n administrativa<\/strong> de todos aquellos documentos y datos que el alumno genera a lo largo de su vida acad\u00e9mica<\/li>\n<li><strong>Elaboraci\u00f3n de recibos<\/strong>, del env\u00edo de datos a la administraci\u00f3n educativa, as\u00ed como de otros servicios complementarios<\/li>\n<\/ul>\n<\/div>\n","protected":false},"excerpt":{"rendered":"<p>La Secretar\u00eda desarrolla funciones importantes en la vida de nuestro centro, especialmente en la relaci\u00f3n que mantiene con las familias en los diferentes tr\u00e1mites administrativos a lo largo de la escolarizaci\u00f3n: admisi\u00f3n, matr\u00edcula, comedor&#46;&#46;&#46;<\/p>\n","protected":false},"author":2286,"featured_media":0,"parent":0,"menu_order":0,"comment_status":"closed","ping_status":"closed","template":"","meta":{"ngg_post_thumbnail":0,"footnotes":"","_mc_calendar":[]},"aioseo_notices":[],"_links":{"self":[{"href":"https:\/\/blogsaverroes.juntadeandalucia.es\/colegiocervantesalgodonales\/wp-json\/wp\/v2\/pages\/77"}],"collection":[{"href":"https:\/\/blogsaverroes.juntadeandalucia.es\/colegiocervantesalgodonales\/wp-json\/wp\/v2\/pages"}],"about":[{"href":"https:\/\/blogsaverroes.juntadeandalucia.es\/colegiocervantesalgodonales\/wp-json\/wp\/v2\/types\/page"}],"author":[{"embeddable":true,"href":"https:\/\/blogsaverroes.juntadeandalucia.es\/colegiocervantesalgodonales\/wp-json\/wp\/v2\/users\/2286"}],"replies":[{"embeddable":true,"href":"https:\/\/blogsaverroes.juntadeandalucia.es\/colegiocervantesalgodonales\/wp-json\/wp\/v2\/comments?post=77"}],"version-history":[{"count":24,"href":"https:\/\/blogsaverroes.juntadeandalucia.es\/colegiocervantesalgodonales\/wp-json\/wp\/v2\/pages\/77\/revisions"}],"predecessor-version":[{"id":3976,"href":"https:\/\/blogsaverroes.juntadeandalucia.es\/colegiocervantesalgodonales\/wp-json\/wp\/v2\/pages\/77\/revisions\/3976"}],"wp:attachment":[{"href":"https:\/\/blogsaverroes.juntadeandalucia.es\/colegiocervantesalgodonales\/wp-json\/wp\/v2\/media?parent=77"}],"curies":[{"name":"wp","href":"https:\/\/api.w.org\/{rel}","templated":true}]}}