{"id":870,"date":"2016-11-29T17:34:27","date_gmt":"2016-11-29T16:34:27","guid":{"rendered":"http:\/\/blogsaverroes.juntadeandalucia.es\/pre\/ceip\/?page_id=103"},"modified":"2023-04-05T13:12:12","modified_gmt":"2023-04-05T11:12:12","slug":"aula-matinal","status":"publish","type":"page","link":"https:\/\/blogsaverroes.juntadeandalucia.es\/colegiocervantesalgodonales\/aula-matinal\/","title":{"rendered":"Aula Matinal"},"content":{"rendered":"<p><strong><a><img loading=\"lazy\" decoding=\"async\" class=\"aligncenter size-medium wp-image-2348\" src=\"http:\/\/blogsaverroes.juntadeandalucia.es\/colegiocervantesalgodonales\/files\/2015\/03\/aula-matinal-300x229.jpg\" alt=\"aula matinal\" width=\"300\" height=\"229\" srcset=\"https:\/\/blogsaverroes.juntadeandalucia.es\/colegiocervantesalgodonales\/files\/2015\/03\/aula-matinal-300x229.jpg 300w, https:\/\/blogsaverroes.juntadeandalucia.es\/colegiocervantesalgodonales\/files\/2015\/03\/aula-matinal.jpg 441w\" sizes=\"(max-width: 300px) 100vw, 300px\" \/><\/a><\/strong><\/p>\n<p>Este servicio se presta entre las 07:30 y las 09:00 horas en el comedor del Centro.<br \/>\nLa empresa que proporciona el servicio es <strong><a title=\"Ir a Eulen\" href=\"http:\/\/www.eulen.com\/es\/\" target=\"_blank\" rel=\"noopener noreferrer\">EULEN,<\/a><\/strong> y su personal, cuenta con una programaci\u00f3n de tareas diversas como actividades l\u00fadicas, manualidades y juegos. Adem\u00e1s, nuestras monitoras sirven a los alumn@s el desayuno que traigan de casa.<\/p>\n<p><strong>NORMAS DE USO<\/strong><\/p>\n<ul>\n<li>No gritar.<\/li>\n<li>Respetar a compa\u00f1er@s y monitoras.<\/li>\n<li>Dejar la biblioteca y el comedor ordenados.<\/li>\n<li>Cuidar los materiales.<\/li>\n<li>Al t\u00e9rmino del desayuno, recoger cada uno, los utensilios utilizados.<\/li>\n<\/ul>\n<p><strong>INSCRIPCIONES Y BAJAS<\/strong><br \/>\nEn la <a title=\"Ir a Secretar\u00eda\" href=\"http:\/\/blogsaverroes.juntadeandalucia.es\/colegiocervantesalgodonales\/secretaria\/\">secretar\u00eda<\/a> del centro.<\/p>\n<p><strong>PRECIOS Y SUBVENCIONES<\/strong><br \/>\nEl precio lo establece la Junta de Andaluc\u00eda.<br \/>\nLas bonificaciones las establece La Junta de Andaluc\u00eda y la Agencia Tributaria, y se otorgan dependiendo de su declaraci\u00f3n de Hacienda y los miembros de la unidad familiar.<\/p>\n","protected":false},"excerpt":{"rendered":"<p>Este servicio se presta entre las 07:30 y las 09:00 horas en el comedor del Centro. La empresa que proporciona el servicio es EULEN, y su personal, cuenta con una programaci\u00f3n de tareas diversas&#46;&#46;&#46;<\/p>\n","protected":false},"author":2286,"featured_media":0,"parent":0,"menu_order":0,"comment_status":"closed","ping_status":"closed","template":"","meta":{"ngg_post_thumbnail":0,"footnotes":"","_mc_calendar":[]},"aioseo_notices":[],"_links":{"self":[{"href":"https:\/\/blogsaverroes.juntadeandalucia.es\/colegiocervantesalgodonales\/wp-json\/wp\/v2\/pages\/870"}],"collection":[{"href":"https:\/\/blogsaverroes.juntadeandalucia.es\/colegiocervantesalgodonales\/wp-json\/wp\/v2\/pages"}],"about":[{"href":"https:\/\/blogsaverroes.juntadeandalucia.es\/colegiocervantesalgodonales\/wp-json\/wp\/v2\/types\/page"}],"author":[{"embeddable":true,"href":"https:\/\/blogsaverroes.juntadeandalucia.es\/colegiocervantesalgodonales\/wp-json\/wp\/v2\/users\/2286"}],"replies":[{"embeddable":true,"href":"https:\/\/blogsaverroes.juntadeandalucia.es\/colegiocervantesalgodonales\/wp-json\/wp\/v2\/comments?post=870"}],"version-history":[{"count":27,"href":"https:\/\/blogsaverroes.juntadeandalucia.es\/colegiocervantesalgodonales\/wp-json\/wp\/v2\/pages\/870\/revisions"}],"predecessor-version":[{"id":3978,"href":"https:\/\/blogsaverroes.juntadeandalucia.es\/colegiocervantesalgodonales\/wp-json\/wp\/v2\/pages\/870\/revisions\/3978"}],"wp:attachment":[{"href":"https:\/\/blogsaverroes.juntadeandalucia.es\/colegiocervantesalgodonales\/wp-json\/wp\/v2\/media?parent=870"}],"curies":[{"name":"wp","href":"https:\/\/api.w.org\/{rel}","templated":true}]}}